{"id":191459,"date":"2023-05-17T08:44:05","date_gmt":"2023-05-17T08:44:05","guid":{"rendered":"https:\/\/glamuur.ee\/product\/ti-sento-milano-necklace-3922tq-100\/"},"modified":"2026-03-09T19:35:05","modified_gmt":"2026-03-09T17:35:05","slug":"ti-sento-milano-kaelakee-3922tq-100","status":"publish","type":"product","link":"https:\/\/glamuur.ee\/et\/product\/ti-sento-milano-necklace-3922tq-100\/","title":{"rendered":"TI SENTO - Milano kaelakee"},"content":{"rendered":"<p>See TI SENTO - Milano h\u00f5bedast kaelakee 3922TQ\/100 on kollektsioon helesinistest, kollastest ja t\u00fcrkiisist kividest. Paisley ja \u00fcmmargused kujundid on peenelt \u00fchendatud h\u00f5bedase briljandiga. Pav\u00e9 valged tsirkooniumid \u00e4\u00e4ristavad m\u00f5nda tema kuju. Madu m\u00e4rk l\u00f5petab tema v\u00e4limuse. Elegantne ja selgepiiriline.<\/p>\n<p>K\u00f5ik TI SENTO - Milano ehted on kingituseks pakitud l\u00f5pmatu armastuse ja hoolega.<\/p>","protected":false},"excerpt":{"rendered":"<p>This TI SENTO &#8211; Milano\u00a0silver necklace 3922TQ\/100\u00a0is a collection of light blue, yellow and turquoise stones. Paisley and round shapes are finely connected by silver brilliance. Pav\u00e9 white zirconia outlines some of her shapes. The snake token finishes her look. Elegant and distinct. All TI&#8230;<\/p>","protected":false},"featured_media":191460,"comment_status":"open","ping_status":"closed","template":"","meta":{"jetpack_post_was_ever_published":false},"product_brand":[],"product_cat":[979,727,980,939,932,964,72,146],"product_tag":[935],"giftcard-category":[],"class_list":{"0":"post-191459","1":"product","2":"type-product","3":"status-publish","4":"has-post-thumbnail","6":"product_cat-graduation-2025","7":"product_cat-necklaces","8":"product_cat-ready-for-vacation","9":"product_cat-ti-sento-sale-europe","10":"product_cat-snakes","11":"product_cat-summer-sale-ti-sento","12":"product_cat-ti-sento-milano","13":"product_cat-ti-sento-milano-necklaces","14":"product_tag-special-collections","15":"pa_material-silver","16":"pa_metal-color-yellow-gold","17":"pa_product-brand-ti-sento-milano","18":"pa_stone-color-turquoise","19":"pa_type-category-necklaces","21":"first","22":"instock","23":"featured","24":"taxable","25":"shipping-taxable","26":"purchasable","27":"product-type-simple"},"bundled_by":[],"bundle_stock_status":"instock","bundle_stock_quantity":4,"bundle_virtual":false,"bundle_layout":"","bundle_add_to_cart_form_location":"","bundle_editable_in_cart":false,"bundle_sold_individually_context":"","bundle_item_grouping":"","bundle_min_size":"","bundle_max_size":"","bundle_price":[],"bundled_items":[],"bundle_sell_ids":[],"etheme_brands":{"errors":{"invalid_taxonomy":["Lubamatu taksonoomia."]},"error_data":[]},"_links":{"self":[{"href":"https:\/\/glamuur.ee\/et\/wp-json\/wp\/v2\/product\/191459","targetHints":{"allow":["GET"]}}],"collection":[{"href":"https:\/\/glamuur.ee\/et\/wp-json\/wp\/v2\/product"}],"about":[{"href":"https:\/\/glamuur.ee\/et\/wp-json\/wp\/v2\/types\/product"}],"replies":[{"embeddable":true,"href":"https:\/\/glamuur.ee\/et\/wp-json\/wp\/v2\/comments?post=191459"}],"wp:featuredmedia":[{"embeddable":true,"href":"https:\/\/glamuur.ee\/et\/wp-json\/wp\/v2\/media\/191460"}],"wp:attachment":[{"href":"https:\/\/glamuur.ee\/et\/wp-json\/wp\/v2\/media?parent=191459"}],"wp:term":[{"taxonomy":"product_brand","embeddable":true,"href":"https:\/\/glamuur.ee\/et\/wp-json\/wp\/v2\/product_brand?post=191459"},{"taxonomy":"product_cat","embeddable":true,"href":"https:\/\/glamuur.ee\/et\/wp-json\/wp\/v2\/product_cat?post=191459"},{"taxonomy":"product_tag","embeddable":true,"href":"https:\/\/glamuur.ee\/et\/wp-json\/wp\/v2\/product_tag?post=191459"},{"taxonomy":"giftcard-category","embeddable":true,"href":"https:\/\/glamuur.ee\/et\/wp-json\/wp\/v2\/giftcard-category?post=191459"}],"curies":[{"name":"wp","href":"https:\/\/api.w.org\/{rel}","templated":true}]}}