{"id":191455,"date":"2023-05-17T08:44:00","date_gmt":"2023-05-17T08:44:00","guid":{"rendered":"https:\/\/glamuur.ee\/product\/ti-sento-milano-necklace-3921mr\/"},"modified":"2026-02-16T13:57:26","modified_gmt":"2026-02-16T11:57:26","slug":"ti-sento-milano-kaelakee-3921mr","status":"publish","type":"product","link":"https:\/\/glamuur.ee\/et\/product\/ti-sento-milano-necklace-3921mr\/","title":{"rendered":"TI SENTO - Milano kaelakee"},"content":{"rendered":"<p>See TI SENTO - Milano h\u00f5bedast kaelakee 3921MR\/90 oma paisley-kujundite ja p\u00e4rlmutterkividega ripub \u00f5rnalt teie kaelas. \u00d5\u00f5nsad paisley-kujundid, mida \u00fcmbritsevad paveeritud valged tsirkoonid ja kollakuldne pinnakate tagavad, et ka teie riietus on osa tema v\u00e4limusest.<\/p>\n<p>K\u00f5ik TI SENTO - Milano ehted on kingituseks pakitud l\u00f5pmatu armastuse ja hoolega.<\/p>","protected":false},"excerpt":{"rendered":"<p>This TI SENTO &#8211; Milano silver necklace 3921MR\/90\u00a0with her paisley shapes and mother of pearl stones will hang delicately from your neck. The hollow paisley shapes surrounded by pav\u00e9 white zirconia and yellow-gold plating ensure that your outfit is also part of her look. All&#8230;<\/p>","protected":false},"featured_media":191456,"comment_status":"open","ping_status":"closed","template":"","meta":{"jetpack_post_was_ever_published":false},"product_brand":[],"product_cat":[968,727,945,72,146],"product_tag":[],"giftcard-category":[],"class_list":{"0":"post-191455","1":"product","2":"type-product","3":"status-publish","4":"has-post-thumbnail","6":"product_cat-mothers-day-2025-ti-sento","7":"product_cat-necklaces","8":"product_cat-pearls","9":"product_cat-ti-sento-milano","10":"product_cat-ti-sento-milano-necklaces","11":"pa_material-silver","12":"pa_metal-color-rose-gold","13":"pa_product-brand-ti-sento-milano","14":"pa_stone-color-pearl","15":"pa_type-category-necklaces","17":"first","18":"instock","19":"featured","20":"taxable","21":"shipping-taxable","22":"purchasable","23":"product-type-simple"},"bundled_by":[],"bundle_stock_status":"instock","bundle_stock_quantity":3,"bundle_virtual":false,"bundle_layout":"","bundle_add_to_cart_form_location":"","bundle_editable_in_cart":false,"bundle_sold_individually_context":"","bundle_item_grouping":"","bundle_min_size":"","bundle_max_size":"","bundle_price":[],"bundled_items":[],"bundle_sell_ids":[],"etheme_brands":{"errors":{"invalid_taxonomy":["Lubamatu taksonoomia."]},"error_data":[]},"_links":{"self":[{"href":"https:\/\/glamuur.ee\/et\/wp-json\/wp\/v2\/product\/191455","targetHints":{"allow":["GET"]}}],"collection":[{"href":"https:\/\/glamuur.ee\/et\/wp-json\/wp\/v2\/product"}],"about":[{"href":"https:\/\/glamuur.ee\/et\/wp-json\/wp\/v2\/types\/product"}],"replies":[{"embeddable":true,"href":"https:\/\/glamuur.ee\/et\/wp-json\/wp\/v2\/comments?post=191455"}],"wp:featuredmedia":[{"embeddable":true,"href":"https:\/\/glamuur.ee\/et\/wp-json\/wp\/v2\/media\/191456"}],"wp:attachment":[{"href":"https:\/\/glamuur.ee\/et\/wp-json\/wp\/v2\/media?parent=191455"}],"wp:term":[{"taxonomy":"product_brand","embeddable":true,"href":"https:\/\/glamuur.ee\/et\/wp-json\/wp\/v2\/product_brand?post=191455"},{"taxonomy":"product_cat","embeddable":true,"href":"https:\/\/glamuur.ee\/et\/wp-json\/wp\/v2\/product_cat?post=191455"},{"taxonomy":"product_tag","embeddable":true,"href":"https:\/\/glamuur.ee\/et\/wp-json\/wp\/v2\/product_tag?post=191455"},{"taxonomy":"giftcard-category","embeddable":true,"href":"https:\/\/glamuur.ee\/et\/wp-json\/wp\/v2\/giftcard-category?post=191455"}],"curies":[{"name":"wp","href":"https:\/\/api.w.org\/{rel}","templated":true}]}}