{"id":19126,"date":"2024-09-26T18:10:25","date_gmt":"2024-09-26T15:10:25","guid":{"rendered":"https:\/\/dev.glamuur.ee\/product\/ti-sento-milano-ring-1414zi\/"},"modified":"2026-02-16T13:39:35","modified_gmt":"2026-02-16T11:39:35","slug":"ti-sento-milano-ring-1414zi","status":"publish","type":"product","link":"https:\/\/glamuur.ee\/et\/product\/ti-sento-milano-ring-1414zi\/","title":{"rendered":"TI SENTO \u2013 Milano S\u00f5rmus"},"content":{"rendered":"<p>See s\u00e4delev s\u00f5rmus, mis on valminud TI SENTO - Milano disainerite meeskonna poolt, sisaldab kahes reas k\u00e4sitsi paveeritud valgeid briljantl\u00f5ikega tsirkooniume. S\u00f5rmus on klassikaline mudel TI SENTO poolt pakutavas Mix &amp; Match sarjas. Hoolikalt valmistatud kvaliteetsest h\u00f5bedast, on s\u00f5rmus ka roodiumiga kaetud, et tagada t\u00e4iendav s\u00e4ra ning anda vastupidavus ja kaitse.<\/p>","protected":false},"excerpt":{"rendered":"<p>This sparkling ring from the in-house design team at TI SENTO &#8211; Milano features a double row of hand-pav\u00e9 set white cubic zirconias that are brilliant-cut. The ring is a classic model within the Mix &#038; Match range offered by TI SENTO. Carefully created from&#8230;<\/p>","protected":false},"featured_media":19127,"comment_status":"open","ping_status":"closed","template":"","meta":{"jetpack_post_was_ever_published":false},"product_brand":[],"product_cat":[794,979,730,939,964,72,145,976],"product_tag":[],"giftcard-category":[],"class_list":{"0":"post-19126","1":"product","2":"type-product","3":"status-publish","4":"has-post-thumbnail","6":"product_cat-gift-ideas-up-to-100e","7":"product_cat-graduation-2025","8":"product_cat-rings","9":"product_cat-ti-sento-sale-europe","10":"product_cat-summer-sale-ti-sento","11":"product_cat-ti-sento-milano","12":"product_cat-ti-sento-milano-rings","13":"product_cat-wedding-season","14":"pa_material-silver","15":"pa_metal-color-silver","16":"pa_product-brand-ti-sento-milano","17":"pa_size-48-1550","18":"pa_size-50-1600","19":"pa_size-52-1650","20":"pa_size-54-1725","21":"pa_size-56-1775","22":"pa_size-58-1850","23":"pa_size-60-1900","24":"pa_size-62-1950","25":"pa_stone-color-white","26":"pa_type-category-rings","28":"first","29":"instock","30":"featured","31":"taxable","32":"shipping-taxable","33":"purchasable","34":"product-type-variable"},"bundled_by":[],"bundle_stock_status":"instock","bundle_stock_quantity":null,"bundle_virtual":false,"bundle_layout":"","bundle_add_to_cart_form_location":"","bundle_editable_in_cart":false,"bundle_sold_individually_context":"","bundle_item_grouping":"","bundle_min_size":"","bundle_max_size":"","bundle_price":[],"bundled_items":[],"bundle_sell_ids":[],"etheme_brands":{"errors":{"invalid_taxonomy":["Lubamatu taksonoomia."]},"error_data":[]},"_links":{"self":[{"href":"https:\/\/glamuur.ee\/et\/wp-json\/wp\/v2\/product\/19126","targetHints":{"allow":["GET"]}}],"collection":[{"href":"https:\/\/glamuur.ee\/et\/wp-json\/wp\/v2\/product"}],"about":[{"href":"https:\/\/glamuur.ee\/et\/wp-json\/wp\/v2\/types\/product"}],"replies":[{"embeddable":true,"href":"https:\/\/glamuur.ee\/et\/wp-json\/wp\/v2\/comments?post=19126"}],"wp:featuredmedia":[{"embeddable":true,"href":"https:\/\/glamuur.ee\/et\/wp-json\/wp\/v2\/media\/19127"}],"wp:attachment":[{"href":"https:\/\/glamuur.ee\/et\/wp-json\/wp\/v2\/media?parent=19126"}],"wp:term":[{"taxonomy":"product_brand","embeddable":true,"href":"https:\/\/glamuur.ee\/et\/wp-json\/wp\/v2\/product_brand?post=19126"},{"taxonomy":"product_cat","embeddable":true,"href":"https:\/\/glamuur.ee\/et\/wp-json\/wp\/v2\/product_cat?post=19126"},{"taxonomy":"product_tag","embeddable":true,"href":"https:\/\/glamuur.ee\/et\/wp-json\/wp\/v2\/product_tag?post=19126"},{"taxonomy":"giftcard-category","embeddable":true,"href":"https:\/\/glamuur.ee\/et\/wp-json\/wp\/v2\/giftcard-category?post=19126"}],"curies":[{"name":"wp","href":"https:\/\/api.w.org\/{rel}","templated":true}]}}