{"id":191253,"date":"2023-05-17T11:39:43","date_gmt":"2023-05-17T08:39:43","guid":{"rendered":"https:\/\/glamuur.ee\/product\/ti-sento-milano-bracelet-2945ss\/"},"modified":"2026-02-16T13:52:47","modified_gmt":"2026-02-16T11:52:47","slug":"ti-sento-milano-kaevoru-2945ss","status":"publish","type":"product","link":"https:\/\/glamuur.ee\/et\/product\/ti-sento-milano-bracelet-2945ss\/","title":{"rendered":"TI SENTO - Milano k\u00e4ev\u00f5ru"},"content":{"rendered":"<p>Sellel TI SENTO - Milano h\u00f5bedast k\u00e4ev\u00f5rule 2945SS on ikooniline mao muster. Paks roodiumikiht kaitseb ehteid ja hoiab need s\u00e4ravatena. K\u00e4ige selle m\u00e4ngulise ja rafineeritud kalliskiviga jalutusk\u00e4igule.<\/p>","protected":false},"excerpt":{"rendered":"<h2>See k\u00e4ev\u00f5ru on suurus M ja sobib randmetele m\u00f5\u00f5tudega 15.6cm - 17.4cm.<\/h2>","protected":false},"featured_media":191254,"comment_status":"open","ping_status":"closed","template":"","meta":{"jetpack_post_was_ever_published":false},"product_brand":[],"product_cat":[726,979,939,932,964,72,147],"product_tag":[935],"giftcard-category":[],"class_list":{"0":"post-191253","1":"product","2":"type-product","3":"status-publish","4":"has-post-thumbnail","6":"product_cat-bracelets","7":"product_cat-graduation-2025","8":"product_cat-ti-sento-sale-europe","9":"product_cat-snakes","10":"product_cat-summer-sale-ti-sento","11":"product_cat-ti-sento-milano","12":"product_cat-ti-sento-milano-bracelets","13":"product_tag-special-collections","14":"pa_material-silver","15":"pa_metal-color-silver","16":"pa_product-brand-ti-sento-milano","17":"pa_stone-color-without-stones","18":"pa_type-category-bracelets","20":"first","21":"instock","22":"featured","23":"taxable","24":"shipping-taxable","25":"purchasable","26":"product-type-simple"},"bundled_by":[],"bundle_stock_status":"instock","bundle_stock_quantity":13,"bundle_virtual":false,"bundle_layout":"","bundle_add_to_cart_form_location":"","bundle_editable_in_cart":false,"bundle_sold_individually_context":"","bundle_item_grouping":"","bundle_min_size":"","bundle_max_size":"","bundle_price":[],"bundled_items":[],"bundle_sell_ids":[],"etheme_brands":{"errors":{"invalid_taxonomy":["Lubamatu taksonoomia."]},"error_data":[]},"_links":{"self":[{"href":"https:\/\/glamuur.ee\/et\/wp-json\/wp\/v2\/product\/191253","targetHints":{"allow":["GET"]}}],"collection":[{"href":"https:\/\/glamuur.ee\/et\/wp-json\/wp\/v2\/product"}],"about":[{"href":"https:\/\/glamuur.ee\/et\/wp-json\/wp\/v2\/types\/product"}],"replies":[{"embeddable":true,"href":"https:\/\/glamuur.ee\/et\/wp-json\/wp\/v2\/comments?post=191253"}],"wp:featuredmedia":[{"embeddable":true,"href":"https:\/\/glamuur.ee\/et\/wp-json\/wp\/v2\/media\/191254"}],"wp:attachment":[{"href":"https:\/\/glamuur.ee\/et\/wp-json\/wp\/v2\/media?parent=191253"}],"wp:term":[{"taxonomy":"product_brand","embeddable":true,"href":"https:\/\/glamuur.ee\/et\/wp-json\/wp\/v2\/product_brand?post=191253"},{"taxonomy":"product_cat","embeddable":true,"href":"https:\/\/glamuur.ee\/et\/wp-json\/wp\/v2\/product_cat?post=191253"},{"taxonomy":"product_tag","embeddable":true,"href":"https:\/\/glamuur.ee\/et\/wp-json\/wp\/v2\/product_tag?post=191253"},{"taxonomy":"giftcard-category","embeddable":true,"href":"https:\/\/glamuur.ee\/et\/wp-json\/wp\/v2\/giftcard-category?post=191253"}],"curies":[{"name":"wp","href":"https:\/\/api.w.org\/{rel}","templated":true}]}}