{"id":191169,"date":"2023-05-17T08:37:19","date_gmt":"2023-05-17T08:37:19","guid":{"rendered":"https:\/\/glamuur.ee\/product\/ti-sento-milano-pendant-6758wb\/"},"modified":"2026-02-24T23:25:03","modified_gmt":"2026-02-24T21:25:03","slug":"ti-sento-milano-riputusvariant-6758wb","status":"publish","type":"product","link":"https:\/\/glamuur.ee\/et\/product\/ti-sento-milano-pendant-6758wb\/","title":{"rendered":"TI SENTO \u2013 Milano ripats"},"content":{"rendered":"<p>See TI SENTO - Milano \u00fcmmargune ripats 6758WB koos tema selge sinise fassettkivi ja pav\u00e9 valge tsirkooniumiga klipsisilmaga annab talle m\u00e4ngulise, kuid samas stiilse v\u00e4limuse. Temast kiirgavad n\u00e4gemused selgest sinisest taevast. Ta on lihtsalt unen\u00e4oline. Kombineeri teda teiste ripatsitega v\u00f5i kanna teda \u00fcksinda.<\/p>\n<p>K\u00f5ik TI SENTO - Milano ehted on kingituseks pakitud l\u00f5pmatu armastuse ja hoolega.<\/p>","protected":false},"excerpt":{"rendered":"<p>This TI SENTO &#8211; Milano round pendant 6758WB\u00a0with her clear blue facetted stone and pav\u00e9 white zirconia clip-eye give her a playful yet classy look. Visions of clear blue skies radiate from her. She&#8217;s just dreamy. Mix and Match her with other pendants or wear&#8230;<\/p>","protected":false},"featured_media":191170,"comment_status":"open","ping_status":"closed","template":"","meta":{"jetpack_post_was_ever_published":false},"product_brand":[],"product_cat":[793,599,729,72,149],"product_tag":[],"giftcard-category":[],"class_list":{"0":"post-191169","1":"product","2":"type-product","3":"status-publish","4":"has-post-thumbnail","6":"product_cat-gift-ideas-up-to-50e","7":"product_cat-sale","8":"product_cat-pendants","9":"product_cat-ti-sento-milano","10":"product_cat-ti-sento-milano-pendants","11":"pa_material-silver","12":"pa_metal-color-silver","13":"pa_product-brand-ti-sento-milano","14":"pa_stone-color-blue","15":"pa_type-category-pendants","17":"first","18":"instock","19":"featured","20":"taxable","21":"shipping-taxable","22":"purchasable","23":"product-type-simple"},"bundled_by":[],"bundle_stock_status":"instock","bundle_stock_quantity":1,"bundle_virtual":false,"bundle_layout":"","bundle_add_to_cart_form_location":"","bundle_editable_in_cart":false,"bundle_sold_individually_context":"","bundle_item_grouping":"","bundle_min_size":"","bundle_max_size":"","bundle_price":[],"bundled_items":[],"bundle_sell_ids":[],"etheme_brands":{"errors":{"invalid_taxonomy":["Lubamatu taksonoomia."]},"error_data":[]},"_links":{"self":[{"href":"https:\/\/glamuur.ee\/et\/wp-json\/wp\/v2\/product\/191169","targetHints":{"allow":["GET"]}}],"collection":[{"href":"https:\/\/glamuur.ee\/et\/wp-json\/wp\/v2\/product"}],"about":[{"href":"https:\/\/glamuur.ee\/et\/wp-json\/wp\/v2\/types\/product"}],"replies":[{"embeddable":true,"href":"https:\/\/glamuur.ee\/et\/wp-json\/wp\/v2\/comments?post=191169"}],"wp:featuredmedia":[{"embeddable":true,"href":"https:\/\/glamuur.ee\/et\/wp-json\/wp\/v2\/media\/191170"}],"wp:attachment":[{"href":"https:\/\/glamuur.ee\/et\/wp-json\/wp\/v2\/media?parent=191169"}],"wp:term":[{"taxonomy":"product_brand","embeddable":true,"href":"https:\/\/glamuur.ee\/et\/wp-json\/wp\/v2\/product_brand?post=191169"},{"taxonomy":"product_cat","embeddable":true,"href":"https:\/\/glamuur.ee\/et\/wp-json\/wp\/v2\/product_cat?post=191169"},{"taxonomy":"product_tag","embeddable":true,"href":"https:\/\/glamuur.ee\/et\/wp-json\/wp\/v2\/product_tag?post=191169"},{"taxonomy":"giftcard-category","embeddable":true,"href":"https:\/\/glamuur.ee\/et\/wp-json\/wp\/v2\/giftcard-category?post=191169"}],"curies":[{"name":"wp","href":"https:\/\/api.w.org\/{rel}","templated":true}]}}