{"id":191162,"date":"2023-05-17T08:37:14","date_gmt":"2023-05-17T08:37:14","guid":{"rendered":"https:\/\/glamuur.ee\/product\/ti-sento-milano-necklace-3888gg-90\/"},"modified":"2026-02-16T13:57:09","modified_gmt":"2026-02-16T11:57:09","slug":"ti-sento-milano-kaelakee-3888gg-90","status":"publish","type":"product","link":"https:\/\/glamuur.ee\/et\/product\/ti-sento-milano-necklace-3888gg-90\/","title":{"rendered":"TI SENTO - Milano kaelakee"},"content":{"rendered":"<p>Sellel TI SENTO - Milano roodiumiga kaetud h\u00f5bedast kaelakeelel on k\u00f5ik! L\u00e4bipaistvad rohelised kristallid, paveeritud tsirkoonid, lillevormid ja peen s\u00e4ra. \u00dches\u00f5naga: see kaelakee on ideaalne t\u00e4iendus teie ehtekollektsioonile! T\u00e4nu erinevatele elementidele, mida kaelakee sisaldab, saab seda kombineerida paljude TI SENTO kollektsiooni esemetega.<\/p>","protected":false},"excerpt":{"rendered":"<p>This TI SENTO &#8211; Milano rhodium plated sterling silver necklace has it all! Transparent green crystals, pav\u00e9-set zirconias, floral shapes and a subtle sparkle. In short: this necklace is the perfect addition to your jewellery collection! Thanks to the range of elements incorporated in the&#8230;<\/p>","protected":false},"featured_media":191163,"comment_status":"open","ping_status":"closed","template":"","meta":{"jetpack_post_was_ever_published":false},"product_brand":[],"product_cat":[727,599,980,964,72,146],"product_tag":[],"giftcard-category":[],"class_list":{"0":"post-191162","1":"product","2":"type-product","3":"status-publish","4":"has-post-thumbnail","6":"product_cat-necklaces","7":"product_cat-sale","8":"product_cat-ready-for-vacation","9":"product_cat-summer-sale-ti-sento","10":"product_cat-ti-sento-milano","11":"product_cat-ti-sento-milano-necklaces","12":"pa_material-silver","13":"pa_metal-color-silver","14":"pa_product-brand-ti-sento-milano","15":"pa_stone-color-green","16":"pa_type-category-necklaces","18":"first","19":"instock","20":"featured","21":"taxable","22":"shipping-taxable","23":"purchasable","24":"product-type-simple"},"bundled_by":[],"bundle_stock_status":"instock","bundle_stock_quantity":1,"bundle_virtual":false,"bundle_layout":"","bundle_add_to_cart_form_location":"","bundle_editable_in_cart":false,"bundle_sold_individually_context":"","bundle_item_grouping":"","bundle_min_size":"","bundle_max_size":"","bundle_price":[],"bundled_items":[],"bundle_sell_ids":[],"etheme_brands":{"errors":{"invalid_taxonomy":["Lubamatu taksonoomia."]},"error_data":[]},"_links":{"self":[{"href":"https:\/\/glamuur.ee\/et\/wp-json\/wp\/v2\/product\/191162","targetHints":{"allow":["GET"]}}],"collection":[{"href":"https:\/\/glamuur.ee\/et\/wp-json\/wp\/v2\/product"}],"about":[{"href":"https:\/\/glamuur.ee\/et\/wp-json\/wp\/v2\/types\/product"}],"replies":[{"embeddable":true,"href":"https:\/\/glamuur.ee\/et\/wp-json\/wp\/v2\/comments?post=191162"}],"wp:featuredmedia":[{"embeddable":true,"href":"https:\/\/glamuur.ee\/et\/wp-json\/wp\/v2\/media\/191163"}],"wp:attachment":[{"href":"https:\/\/glamuur.ee\/et\/wp-json\/wp\/v2\/media?parent=191162"}],"wp:term":[{"taxonomy":"product_brand","embeddable":true,"href":"https:\/\/glamuur.ee\/et\/wp-json\/wp\/v2\/product_brand?post=191162"},{"taxonomy":"product_cat","embeddable":true,"href":"https:\/\/glamuur.ee\/et\/wp-json\/wp\/v2\/product_cat?post=191162"},{"taxonomy":"product_tag","embeddable":true,"href":"https:\/\/glamuur.ee\/et\/wp-json\/wp\/v2\/product_tag?post=191162"},{"taxonomy":"giftcard-category","embeddable":true,"href":"https:\/\/glamuur.ee\/et\/wp-json\/wp\/v2\/giftcard-category?post=191162"}],"curies":[{"name":"wp","href":"https:\/\/api.w.org\/{rel}","templated":true}]}}