{"id":191155,"date":"2023-05-17T08:37:06","date_gmt":"2023-05-17T08:37:06","guid":{"rendered":"https:\/\/glamuur.ee\/product\/ti-sento-milano-pendant-6728mw\/"},"modified":"2026-02-16T13:58:44","modified_gmt":"2026-02-16T11:58:44","slug":"ti-sento-milano-ripats-6728mw","status":"publish","type":"product","link":"https:\/\/glamuur.ee\/et\/product\/ti-sento-milano-pendant-6728mw\/","title":{"rendered":"TI SENTO \u2013 Milano ripats"},"content":{"rendered":"<p>See TI SENTO - Milano ripatsiga kaelakee on disainitud ainult meie meeskonna poolt ja on v\u00e4ga mitmek\u00fclgne, kuna see on p\u00f6\u00f6ratav ja seda saab kanda m\u00f5lemal pool. \u00dchel k\u00fcljel on ripatsi k\u00fclge asetatud p\u00e4rlmutterdublett, mis on kaetud l\u00e4bipaistva kristalliga, mist\u00f5ttu sobib see ideaalselt elegantsete kontorir\u00f5ivaste juurde. Tagak\u00fclg on kaunistatud miniatuursete kuubiliste tsirkooniumkristallidega, mis sobivad suurep\u00e4raselt glamuurseks \u00f5htuks. Kahe stiili - p\u00e4rlmutter ja tsirkooniumoksiid - kombinatsioon teeb sellest unikaalse kaelakee, millel on mitmeid kandmisv\u00f5imalusi.<\/p>","protected":false},"excerpt":{"rendered":"<p>This TI SENTO &#8211; Milano pendant necklace has been designed exclusively by the in-house team and is a highly versatile piece, due to the fact that is it reversible and can be worn on either side. On one side, the pendant is set with a&#8230;<\/p>","protected":false},"featured_media":191156,"comment_status":"open","ping_status":"closed","template":"","meta":{"jetpack_post_was_ever_published":false},"product_brand":[],"product_cat":[968,945,729,72,149],"product_tag":[],"giftcard-category":[],"class_list":{"0":"post-191155","1":"product","2":"type-product","3":"status-publish","4":"has-post-thumbnail","6":"product_cat-mothers-day-2025-ti-sento","7":"product_cat-pearls","8":"product_cat-pendants","9":"product_cat-ti-sento-milano","10":"product_cat-ti-sento-milano-pendants","11":"pa_material-silver","12":"pa_metal-color-silver","13":"pa_product-brand-ti-sento-milano","14":"pa_stone-color-pearl","15":"pa_type-category-pendants","17":"first","18":"instock","19":"featured","20":"taxable","21":"shipping-taxable","22":"purchasable","23":"product-type-simple"},"bundled_by":[],"bundle_stock_status":"instock","bundle_stock_quantity":4,"bundle_virtual":false,"bundle_layout":"","bundle_add_to_cart_form_location":"","bundle_editable_in_cart":false,"bundle_sold_individually_context":"","bundle_item_grouping":"","bundle_min_size":"","bundle_max_size":"","bundle_price":[],"bundled_items":[],"bundle_sell_ids":[],"etheme_brands":{"errors":{"invalid_taxonomy":["Lubamatu taksonoomia."]},"error_data":[]},"_links":{"self":[{"href":"https:\/\/glamuur.ee\/et\/wp-json\/wp\/v2\/product\/191155","targetHints":{"allow":["GET"]}}],"collection":[{"href":"https:\/\/glamuur.ee\/et\/wp-json\/wp\/v2\/product"}],"about":[{"href":"https:\/\/glamuur.ee\/et\/wp-json\/wp\/v2\/types\/product"}],"replies":[{"embeddable":true,"href":"https:\/\/glamuur.ee\/et\/wp-json\/wp\/v2\/comments?post=191155"}],"wp:featuredmedia":[{"embeddable":true,"href":"https:\/\/glamuur.ee\/et\/wp-json\/wp\/v2\/media\/191156"}],"wp:attachment":[{"href":"https:\/\/glamuur.ee\/et\/wp-json\/wp\/v2\/media?parent=191155"}],"wp:term":[{"taxonomy":"product_brand","embeddable":true,"href":"https:\/\/glamuur.ee\/et\/wp-json\/wp\/v2\/product_brand?post=191155"},{"taxonomy":"product_cat","embeddable":true,"href":"https:\/\/glamuur.ee\/et\/wp-json\/wp\/v2\/product_cat?post=191155"},{"taxonomy":"product_tag","embeddable":true,"href":"https:\/\/glamuur.ee\/et\/wp-json\/wp\/v2\/product_tag?post=191155"},{"taxonomy":"giftcard-category","embeddable":true,"href":"https:\/\/glamuur.ee\/et\/wp-json\/wp\/v2\/giftcard-category?post=191155"}],"curies":[{"name":"wp","href":"https:\/\/api.w.org\/{rel}","templated":true}]}}