{"id":191141,"date":"2023-05-17T08:36:54","date_gmt":"2023-05-17T08:36:54","guid":{"rendered":"https:\/\/glamuur.ee\/product\/ti-sento-milano-pendant-6740gg\/"},"modified":"2026-04-20T16:50:09","modified_gmt":"2026-04-20T13:50:09","slug":"ti-sento-milano-ripats-6740gg","status":"publish","type":"product","link":"https:\/\/glamuur.ee\/et\/product\/ti-sento-milano-pendant-6740gg\/","title":{"rendered":"TI SENTO \u2013 Milano ripats"},"content":{"rendered":"<p>See TI SENTO - Milano ripats on valmistatud roodiumiga kaetud h\u00f5bedast. Ripatsisse on paigaldatud hallikasrohelise tooniga briljantkristall. TI SENTO disainimeeskond p\u00f6\u00f6rab igale detailile hoolikat t\u00e4helepanu, mida n\u00e4ete v\u00e4iksemate tsirkoonidega pav\u00e9-fassaadiga klipsisilmal. Ripatsi tagak\u00fcljel on \u00e4ratuntav TI SENTO monogramm. Ripats on osa Mix &amp; Match-kontseptsioonist, mis v\u00f5imaldab teil isikup\u00e4rastada oma ehteid. TI SENTO - Milano ehted tulevad luksuslikus kinkekarbis. Nii saate oma lemmik ehet hoida alles harva, kui te seda ei kanna.<\/p>","protected":false},"excerpt":{"rendered":"<p>This TI SENTO &#8211; Milano pendant is made of rhodium plated sterling silver. The pendant was set with a brilliant-cut crystal in a grey-green hue. The TI SENTO design team pays careful attention to every detail, which you can see in the clip-eye with a&#8230;<\/p>","protected":false},"featured_media":191142,"comment_status":"open","ping_status":"closed","template":"","meta":{"jetpack_post_was_ever_published":false},"product_brand":[],"product_cat":[599,729,980,964,72,149],"product_tag":[],"giftcard-category":[],"class_list":{"0":"post-191141","1":"product","2":"type-product","3":"status-publish","4":"has-post-thumbnail","6":"product_cat-sale","7":"product_cat-pendants","8":"product_cat-ready-for-vacation","9":"product_cat-summer-sale-ti-sento","10":"product_cat-ti-sento-milano","11":"product_cat-ti-sento-milano-pendants","12":"pa_material-silver","13":"pa_metal-color-silver","14":"pa_product-brand-ti-sento-milano","15":"pa_stone-color-green","16":"pa_type-category-pendants","18":"first","19":"instock","20":"sale","21":"featured","22":"taxable","23":"shipping-taxable","24":"purchasable","25":"product-type-simple"},"bundled_by":[],"bundle_stock_status":"instock","bundle_stock_quantity":2,"bundle_virtual":false,"bundle_layout":"","bundle_add_to_cart_form_location":"","bundle_editable_in_cart":false,"bundle_sold_individually_context":"","bundle_item_grouping":"","bundle_min_size":"","bundle_max_size":"","bundle_price":[],"bundled_items":[],"bundle_sell_ids":[],"etheme_brands":{"errors":{"invalid_taxonomy":["Lubamatu taksonoomia."]},"error_data":[]},"_links":{"self":[{"href":"https:\/\/glamuur.ee\/et\/wp-json\/wp\/v2\/product\/191141","targetHints":{"allow":["GET"]}}],"collection":[{"href":"https:\/\/glamuur.ee\/et\/wp-json\/wp\/v2\/product"}],"about":[{"href":"https:\/\/glamuur.ee\/et\/wp-json\/wp\/v2\/types\/product"}],"replies":[{"embeddable":true,"href":"https:\/\/glamuur.ee\/et\/wp-json\/wp\/v2\/comments?post=191141"}],"wp:featuredmedia":[{"embeddable":true,"href":"https:\/\/glamuur.ee\/et\/wp-json\/wp\/v2\/media\/191142"}],"wp:attachment":[{"href":"https:\/\/glamuur.ee\/et\/wp-json\/wp\/v2\/media?parent=191141"}],"wp:term":[{"taxonomy":"product_brand","embeddable":true,"href":"https:\/\/glamuur.ee\/et\/wp-json\/wp\/v2\/product_brand?post=191141"},{"taxonomy":"product_cat","embeddable":true,"href":"https:\/\/glamuur.ee\/et\/wp-json\/wp\/v2\/product_cat?post=191141"},{"taxonomy":"product_tag","embeddable":true,"href":"https:\/\/glamuur.ee\/et\/wp-json\/wp\/v2\/product_tag?post=191141"},{"taxonomy":"giftcard-category","embeddable":true,"href":"https:\/\/glamuur.ee\/et\/wp-json\/wp\/v2\/giftcard-category?post=191141"}],"curies":[{"name":"wp","href":"https:\/\/api.w.org\/{rel}","templated":true}]}}