{"id":191134,"date":"2023-05-17T08:36:48","date_gmt":"2023-05-17T08:36:48","guid":{"rendered":"https:\/\/glamuur.ee\/product\/ti-sento-milano-pendant-6759db\/"},"modified":"2026-02-16T13:59:00","modified_gmt":"2026-02-16T11:59:00","slug":"ti-sento-milano-rippkapp-6759db","status":"publish","type":"product","link":"https:\/\/glamuur.ee\/et\/product\/ti-sento-milano-pendant-6759db\/","title":{"rendered":"TI SENTO \u2013 Milano ripats"},"content":{"rendered":"<p>See TI SENTO - Milano ripats on valmistatud roodiumiga kaetud h\u00f5bedast. Suur sinine kristall on sel hooajal moes ja kohustuslik osa igast ehtekollektsioonist. Ripatsisse on lisatud klamberr\u00f5ngas, nii et seda saab kinnitada otse mis tahes kaelakeele k\u00fclge. Klamberr\u00f5ngas on paveeritud tsirkoonidega, mis annavad ripatsile veelgi rohkem s\u00e4ra. Kombineerige see ripats h\u00f5bedase kaelakee ehtekollektsioonist ja lisage veel m\u00f5ned sinised esemed kollektsioonist, et oma v\u00e4limus oleks t\u00e4iuslik.<\/p>","protected":false},"excerpt":{"rendered":"<p>This TI SENTO &#8211; Milano pendant is made of rhodium plated sterling silver. The large blue crystal is a fashionable item this season and a must-have for any jewellery collection. A clip-ring has been incorporated in the pendant so that it can be attached directly&#8230;<\/p>","protected":false},"featured_media":191135,"comment_status":"open","ping_status":"closed","template":"","meta":{"jetpack_post_was_ever_published":false},"product_brand":[],"product_cat":[599,72,149],"product_tag":[],"giftcard-category":[],"class_list":{"0":"post-191134","1":"product","2":"type-product","3":"status-publish","4":"has-post-thumbnail","6":"product_cat-sale","7":"product_cat-ti-sento-milano","8":"product_cat-ti-sento-milano-pendants","9":"pa_material-silver","10":"pa_metal-color-silver","11":"pa_product-brand-ti-sento-milano","12":"pa_stone-color-blue","13":"pa_type-category-pendants","15":"first","16":"instock","17":"sale","18":"featured","19":"taxable","20":"shipping-taxable","21":"purchasable","22":"product-type-simple"},"bundled_by":[],"bundle_stock_status":"instock","bundle_stock_quantity":6,"bundle_virtual":false,"bundle_layout":"","bundle_add_to_cart_form_location":"","bundle_editable_in_cart":false,"bundle_sold_individually_context":"","bundle_item_grouping":"","bundle_min_size":"","bundle_max_size":"","bundle_price":[],"bundled_items":[],"bundle_sell_ids":[],"etheme_brands":{"errors":{"invalid_taxonomy":["Lubamatu taksonoomia."]},"error_data":[]},"_links":{"self":[{"href":"https:\/\/glamuur.ee\/et\/wp-json\/wp\/v2\/product\/191134","targetHints":{"allow":["GET"]}}],"collection":[{"href":"https:\/\/glamuur.ee\/et\/wp-json\/wp\/v2\/product"}],"about":[{"href":"https:\/\/glamuur.ee\/et\/wp-json\/wp\/v2\/types\/product"}],"replies":[{"embeddable":true,"href":"https:\/\/glamuur.ee\/et\/wp-json\/wp\/v2\/comments?post=191134"}],"wp:featuredmedia":[{"embeddable":true,"href":"https:\/\/glamuur.ee\/et\/wp-json\/wp\/v2\/media\/191135"}],"wp:attachment":[{"href":"https:\/\/glamuur.ee\/et\/wp-json\/wp\/v2\/media?parent=191134"}],"wp:term":[{"taxonomy":"product_brand","embeddable":true,"href":"https:\/\/glamuur.ee\/et\/wp-json\/wp\/v2\/product_brand?post=191134"},{"taxonomy":"product_cat","embeddable":true,"href":"https:\/\/glamuur.ee\/et\/wp-json\/wp\/v2\/product_cat?post=191134"},{"taxonomy":"product_tag","embeddable":true,"href":"https:\/\/glamuur.ee\/et\/wp-json\/wp\/v2\/product_tag?post=191134"},{"taxonomy":"giftcard-category","embeddable":true,"href":"https:\/\/glamuur.ee\/et\/wp-json\/wp\/v2\/giftcard-category?post=191134"}],"curies":[{"name":"wp","href":"https:\/\/api.w.org\/{rel}","templated":true}]}}