{"id":191093,"date":"2023-05-17T08:36:03","date_gmt":"2023-05-17T08:36:03","guid":{"rendered":"https:\/\/glamuur.ee\/product\/ti-sento-milano-necklace-3853zi-42\/"},"modified":"2026-02-16T13:56:47","modified_gmt":"2026-02-16T11:56:47","slug":"ti-sento-milano-kaelakee-3853zi-42","status":"publish","type":"product","link":"https:\/\/glamuur.ee\/et\/product\/ti-sento-milano-necklace-3853zi-42\/","title":{"rendered":"TI SENTO - Milano kaelakee"},"content":{"rendered":"<p>Sellel TI SENTO - Milano kaelakeelel on ainulaadne disain, mis koosneb erinevatest elementidest, mille on kujundanud ainult TI SENTO enda disainimeeskond. Kaelakee on valmistatud tippkvaliteediga roodiumsterlingh\u00f5bedast, mis on aja jooksul kulumiskindel, ning sellel on viis erineva mustriga r\u00f5ngast - \u00fcks on k\u00f6ie ja oks\u00fcdeeritud efektiga, kaks miniatuursete h\u00f5bepallidega, \u00fcks sileda h\u00f5bedaga ja \u00fcks kuubiliste tsirkooniumidega.<\/p>","protected":false},"excerpt":{"rendered":"<p>This TI SENTO &#8211; Milano necklace features a unique design composed of different elements, designed exclusively by the TI SENTO in-house design team. Crafted from the signature top-quality rhodium sterling silver, which resists wear over time, the necklace features five rings with different patterns &#8211;&#8230;<\/p>","protected":false},"featured_media":191094,"comment_status":"open","ping_status":"closed","template":"","meta":{"jetpack_post_was_ever_published":false},"product_brand":[],"product_cat":[727,599,72,146],"product_tag":[],"giftcard-category":[],"class_list":{"0":"post-191093","1":"product","2":"type-product","3":"status-publish","4":"has-post-thumbnail","6":"product_cat-necklaces","7":"product_cat-sale","8":"product_cat-ti-sento-milano","9":"product_cat-ti-sento-milano-necklaces","10":"pa_material-silver","11":"pa_metal-color-silver","12":"pa_product-brand-ti-sento-milano","13":"pa_stone-color-without-stones","14":"pa_type-category-necklaces","16":"first","17":"instock","18":"featured","19":"taxable","20":"shipping-taxable","21":"purchasable","22":"product-type-simple"},"bundled_by":[],"bundle_stock_status":"instock","bundle_stock_quantity":12,"bundle_virtual":false,"bundle_layout":"","bundle_add_to_cart_form_location":"","bundle_editable_in_cart":false,"bundle_sold_individually_context":"","bundle_item_grouping":"","bundle_min_size":"","bundle_max_size":"","bundle_price":[],"bundled_items":[],"bundle_sell_ids":[],"etheme_brands":{"errors":{"invalid_taxonomy":["Lubamatu taksonoomia."]},"error_data":[]},"_links":{"self":[{"href":"https:\/\/glamuur.ee\/et\/wp-json\/wp\/v2\/product\/191093","targetHints":{"allow":["GET"]}}],"collection":[{"href":"https:\/\/glamuur.ee\/et\/wp-json\/wp\/v2\/product"}],"about":[{"href":"https:\/\/glamuur.ee\/et\/wp-json\/wp\/v2\/types\/product"}],"replies":[{"embeddable":true,"href":"https:\/\/glamuur.ee\/et\/wp-json\/wp\/v2\/comments?post=191093"}],"wp:featuredmedia":[{"embeddable":true,"href":"https:\/\/glamuur.ee\/et\/wp-json\/wp\/v2\/media\/191094"}],"wp:attachment":[{"href":"https:\/\/glamuur.ee\/et\/wp-json\/wp\/v2\/media?parent=191093"}],"wp:term":[{"taxonomy":"product_brand","embeddable":true,"href":"https:\/\/glamuur.ee\/et\/wp-json\/wp\/v2\/product_brand?post=191093"},{"taxonomy":"product_cat","embeddable":true,"href":"https:\/\/glamuur.ee\/et\/wp-json\/wp\/v2\/product_cat?post=191093"},{"taxonomy":"product_tag","embeddable":true,"href":"https:\/\/glamuur.ee\/et\/wp-json\/wp\/v2\/product_tag?post=191093"},{"taxonomy":"giftcard-category","embeddable":true,"href":"https:\/\/glamuur.ee\/et\/wp-json\/wp\/v2\/giftcard-category?post=191093"}],"curies":[{"name":"wp","href":"https:\/\/api.w.org\/{rel}","templated":true}]}}