{"id":191086,"date":"2023-05-17T08:35:53","date_gmt":"2023-05-17T08:35:53","guid":{"rendered":"https:\/\/glamuur.ee\/product\/ti-sento-milano-pendant-6770ty\/"},"modified":"2026-02-16T13:59:11","modified_gmt":"2026-02-16T11:59:11","slug":"ti-sento-milano-ripats-6770ty","status":"publish","type":"product","link":"https:\/\/glamuur.ee\/et\/product\/ti-sento-milano-pendant-6770ty\/","title":{"rendered":"TI SENTO \u2013 Milano ripats"},"content":{"rendered":"<p>See TI SENTO - Milano ikooniline kollase kullatud madu ripats 6770TY oma kollase kiviga on julge, kuid samas rafineeritud. Ta kiirgab energiat ja hoiakut. Kombineeri teda teiste ripatsitega v\u00f5i lase tal \u00fcksinda v\u00f5luda.<\/p>\n<p>K\u00f5ik TI SENTO - Milano ehted on kingituseks pakitud l\u00f5pmatu armastuse ja hoolega.<\/p>","protected":false},"excerpt":{"rendered":"<p>This TI SENTO &#8211; Milano\u00a0iconic yellow-gold plated snake pendant 6770TY\u00a0with her yellow stone is daring yet refined. She radiates energy and attitude. Mix and Match her with other pendants or let her enchant on her own. All TI SENTO &#8211; Milano jewels are gift-wrapped with&#8230;<\/p>","protected":false},"featured_media":191087,"comment_status":"open","ping_status":"closed","template":"","meta":{"jetpack_post_was_ever_published":false},"product_brand":[],"product_cat":[979,729,980,939,932,964,72,149],"product_tag":[935],"giftcard-category":[],"class_list":{"0":"post-191086","1":"product","2":"type-product","3":"status-publish","4":"has-post-thumbnail","6":"product_cat-graduation-2025","7":"product_cat-pendants","8":"product_cat-ready-for-vacation","9":"product_cat-ti-sento-sale-europe","10":"product_cat-snakes","11":"product_cat-summer-sale-ti-sento","12":"product_cat-ti-sento-milano","13":"product_cat-ti-sento-milano-pendants","14":"product_tag-special-collections","15":"pa_material-silver","16":"pa_metal-color-yellow-gold","17":"pa_product-brand-ti-sento-milano","18":"pa_stone-color-yellow","19":"pa_type-category-pendants","21":"first","22":"instock","23":"featured","24":"taxable","25":"shipping-taxable","26":"purchasable","27":"product-type-simple"},"bundled_by":[],"bundle_stock_status":"instock","bundle_stock_quantity":6,"bundle_virtual":false,"bundle_layout":"","bundle_add_to_cart_form_location":"","bundle_editable_in_cart":false,"bundle_sold_individually_context":"","bundle_item_grouping":"","bundle_min_size":"","bundle_max_size":"","bundle_price":[],"bundled_items":[],"bundle_sell_ids":[],"etheme_brands":{"errors":{"invalid_taxonomy":["Lubamatu taksonoomia."]},"error_data":[]},"_links":{"self":[{"href":"https:\/\/glamuur.ee\/et\/wp-json\/wp\/v2\/product\/191086","targetHints":{"allow":["GET"]}}],"collection":[{"href":"https:\/\/glamuur.ee\/et\/wp-json\/wp\/v2\/product"}],"about":[{"href":"https:\/\/glamuur.ee\/et\/wp-json\/wp\/v2\/types\/product"}],"replies":[{"embeddable":true,"href":"https:\/\/glamuur.ee\/et\/wp-json\/wp\/v2\/comments?post=191086"}],"wp:featuredmedia":[{"embeddable":true,"href":"https:\/\/glamuur.ee\/et\/wp-json\/wp\/v2\/media\/191087"}],"wp:attachment":[{"href":"https:\/\/glamuur.ee\/et\/wp-json\/wp\/v2\/media?parent=191086"}],"wp:term":[{"taxonomy":"product_brand","embeddable":true,"href":"https:\/\/glamuur.ee\/et\/wp-json\/wp\/v2\/product_brand?post=191086"},{"taxonomy":"product_cat","embeddable":true,"href":"https:\/\/glamuur.ee\/et\/wp-json\/wp\/v2\/product_cat?post=191086"},{"taxonomy":"product_tag","embeddable":true,"href":"https:\/\/glamuur.ee\/et\/wp-json\/wp\/v2\/product_tag?post=191086"},{"taxonomy":"giftcard-category","embeddable":true,"href":"https:\/\/glamuur.ee\/et\/wp-json\/wp\/v2\/giftcard-category?post=191086"}],"curies":[{"name":"wp","href":"https:\/\/api.w.org\/{rel}","templated":true}]}}