{"id":191020,"date":"2023-05-17T08:34:46","date_gmt":"2023-05-17T08:34:46","guid":{"rendered":"https:\/\/glamuur.ee\/product\/ti-sento-milano-pendant-6747tt\/"},"modified":"2026-02-16T13:58:53","modified_gmt":"2026-02-16T11:58:53","slug":"ti-sento-milano-ripats-6747tt","status":"publish","type":"product","link":"https:\/\/glamuur.ee\/et\/product\/ti-sento-milano-pendant-6747tt\/","title":{"rendered":"TI SENTO \u2013 Milano ripats"},"content":{"rendered":"<p>See pisarakujuline TI SENTO - Milano ripats on valmistatud roodiumiga kaetud h\u00f5bedast. Roodiumkate tagab kaitse ja t\u00e4iendava s\u00e4ra. Ripatsil on l\u00e4bipaistev hallsinine kristall, mis teeb sellest t\u00f5elise pilgup\u00fc\u00fcdja! Klipsisilm, mida saab kasutada ripatsi riputamiseks kaelakee, klipsir\u00f5nga v\u00f5i k\u00e4ev\u00f5ru k\u00fclge, on pav\u00e9-fassaadiga tsirkoonidega. Ripats on osa Mix &amp; Match kontseptsioonist, mis v\u00f5imaldab teil luua oma ehteid! TI SENTO - Milano ehted tulevad luksuslikus kinkekarbis. Nii saate oma lemmik ehet hoida alles ka siis, kui te seda ei kanna.<\/p>","protected":false},"excerpt":{"rendered":"<p>This teardrop-shaped TI SENTO &#8211; Milano pendant is made of rhodium plated sterling silver. The rhodium coating ensures protection and an extra shine. The pendant is set with a transparent grey-blue crystal, making it a real eye-catcher! The clip-eye which can be used to hang&#8230;<\/p>","protected":false},"featured_media":191021,"comment_status":"open","ping_status":"closed","template":"","meta":{"jetpack_post_was_ever_published":false},"product_brand":[],"product_cat":[599,729,72,149],"product_tag":[],"giftcard-category":[],"class_list":{"0":"post-191020","1":"product","2":"type-product","3":"status-publish","4":"has-post-thumbnail","6":"product_cat-sale","7":"product_cat-pendants","8":"product_cat-ti-sento-milano","9":"product_cat-ti-sento-milano-pendants","10":"pa_material-silver","11":"pa_metal-color-silver","12":"pa_product-brand-ti-sento-milano","13":"pa_stone-color-brown","14":"pa_type-category-pendants","16":"first","17":"instock","18":"featured","19":"taxable","20":"shipping-taxable","21":"purchasable","22":"product-type-simple"},"bundled_by":[],"bundle_stock_status":"instock","bundle_stock_quantity":6,"bundle_virtual":false,"bundle_layout":"","bundle_add_to_cart_form_location":"","bundle_editable_in_cart":false,"bundle_sold_individually_context":"","bundle_item_grouping":"","bundle_min_size":"","bundle_max_size":"","bundle_price":[],"bundled_items":[],"bundle_sell_ids":[],"etheme_brands":{"errors":{"invalid_taxonomy":["Lubamatu taksonoomia."]},"error_data":[]},"_links":{"self":[{"href":"https:\/\/glamuur.ee\/et\/wp-json\/wp\/v2\/product\/191020","targetHints":{"allow":["GET"]}}],"collection":[{"href":"https:\/\/glamuur.ee\/et\/wp-json\/wp\/v2\/product"}],"about":[{"href":"https:\/\/glamuur.ee\/et\/wp-json\/wp\/v2\/types\/product"}],"replies":[{"embeddable":true,"href":"https:\/\/glamuur.ee\/et\/wp-json\/wp\/v2\/comments?post=191020"}],"wp:featuredmedia":[{"embeddable":true,"href":"https:\/\/glamuur.ee\/et\/wp-json\/wp\/v2\/media\/191021"}],"wp:attachment":[{"href":"https:\/\/glamuur.ee\/et\/wp-json\/wp\/v2\/media?parent=191020"}],"wp:term":[{"taxonomy":"product_brand","embeddable":true,"href":"https:\/\/glamuur.ee\/et\/wp-json\/wp\/v2\/product_brand?post=191020"},{"taxonomy":"product_cat","embeddable":true,"href":"https:\/\/glamuur.ee\/et\/wp-json\/wp\/v2\/product_cat?post=191020"},{"taxonomy":"product_tag","embeddable":true,"href":"https:\/\/glamuur.ee\/et\/wp-json\/wp\/v2\/product_tag?post=191020"},{"taxonomy":"giftcard-category","embeddable":true,"href":"https:\/\/glamuur.ee\/et\/wp-json\/wp\/v2\/giftcard-category?post=191020"}],"curies":[{"name":"wp","href":"https:\/\/api.w.org\/{rel}","templated":true}]}}