{"id":191008,"date":"2023-05-17T08:34:31","date_gmt":"2023-05-17T08:34:31","guid":{"rendered":"https:\/\/glamuur.ee\/product\/ti-sento-milano-pendant-6748cb\/"},"modified":"2026-02-16T13:58:53","modified_gmt":"2026-02-16T11:58:53","slug":"ti-sento-milano-riputusvari-6748cb","status":"publish","type":"product","link":"https:\/\/glamuur.ee\/et\/product\/ti-sento-milano-pendant-6748cb\/","title":{"rendered":"TI SENTO \u2013 Milano ripats"},"content":{"rendered":"<p>See pisarakujuline TI SENTO - Milano ripats (viide 6748CB) on osa Mix &amp; Match kontseptsioonist. Ripatsil on klipsisilm, mis v\u00f5imaldab seda kanda mitmel erineval viisil. N\u00e4iteks v\u00f5ite kanda ripatsit pika kaelakee k\u00fcljes v\u00f5i kasutada klipsir\u00f5ngast, et kombineerida seda teiste ripatsitega. Pisarakujuline kivi on sileda ringi sisse asetatud pruun kassisilm. Kinnitus on 18k roosakuldne, mis r\u00f5hutab ripatsi sooja tooni. Loo omaenda ripatsikombinatsioon, kandes mitut ripatsit koos. TI SENTO - Milano ehted tulevad luksuslikus kinkekarbis. Nii saad oma lemmik ehet hoida s\u00e4\u00e4stetud, kui sa seda harva ei kanna.<\/p>","protected":false},"excerpt":{"rendered":"<p>This teardrop-shaped TI SENTO &#8211; Milano pendant (reference 6748CB) is part of the Mix &#038; Match concept. The pendant has a clip eye, allowing you to wear it several different ways. For example, you could wear the pendant on a long necklace, or use a&#8230;<\/p>","protected":false},"featured_media":191009,"comment_status":"open","ping_status":"closed","template":"","meta":{"jetpack_post_was_ever_published":false},"product_brand":[],"product_cat":[599,729,72,149],"product_tag":[],"giftcard-category":[],"class_list":{"0":"post-191008","1":"product","2":"type-product","3":"status-publish","4":"has-post-thumbnail","6":"product_cat-sale","7":"product_cat-pendants","8":"product_cat-ti-sento-milano","9":"product_cat-ti-sento-milano-pendants","10":"pa_material-silver","11":"pa_metal-color-rose-gold","12":"pa_product-brand-ti-sento-milano","13":"pa_stone-color-brown","14":"pa_type-category-pendants","16":"first","17":"instock","18":"featured","19":"taxable","20":"shipping-taxable","21":"purchasable","22":"product-type-simple"},"bundled_by":[],"bundle_stock_status":"instock","bundle_stock_quantity":12,"bundle_virtual":false,"bundle_layout":"","bundle_add_to_cart_form_location":"","bundle_editable_in_cart":false,"bundle_sold_individually_context":"","bundle_item_grouping":"","bundle_min_size":"","bundle_max_size":"","bundle_price":[],"bundled_items":[],"bundle_sell_ids":[],"etheme_brands":{"errors":{"invalid_taxonomy":["Lubamatu taksonoomia."]},"error_data":[]},"_links":{"self":[{"href":"https:\/\/glamuur.ee\/et\/wp-json\/wp\/v2\/product\/191008","targetHints":{"allow":["GET"]}}],"collection":[{"href":"https:\/\/glamuur.ee\/et\/wp-json\/wp\/v2\/product"}],"about":[{"href":"https:\/\/glamuur.ee\/et\/wp-json\/wp\/v2\/types\/product"}],"replies":[{"embeddable":true,"href":"https:\/\/glamuur.ee\/et\/wp-json\/wp\/v2\/comments?post=191008"}],"wp:featuredmedia":[{"embeddable":true,"href":"https:\/\/glamuur.ee\/et\/wp-json\/wp\/v2\/media\/191009"}],"wp:attachment":[{"href":"https:\/\/glamuur.ee\/et\/wp-json\/wp\/v2\/media?parent=191008"}],"wp:term":[{"taxonomy":"product_brand","embeddable":true,"href":"https:\/\/glamuur.ee\/et\/wp-json\/wp\/v2\/product_brand?post=191008"},{"taxonomy":"product_cat","embeddable":true,"href":"https:\/\/glamuur.ee\/et\/wp-json\/wp\/v2\/product_cat?post=191008"},{"taxonomy":"product_tag","embeddable":true,"href":"https:\/\/glamuur.ee\/et\/wp-json\/wp\/v2\/product_tag?post=191008"},{"taxonomy":"giftcard-category","embeddable":true,"href":"https:\/\/glamuur.ee\/et\/wp-json\/wp\/v2\/giftcard-category?post=191008"}],"curies":[{"name":"wp","href":"https:\/\/api.w.org\/{rel}","templated":true}]}}