{"id":190990,"date":"2023-05-17T08:34:16","date_gmt":"2023-05-17T08:34:16","guid":{"rendered":"https:\/\/glamuur.ee\/product\/ti-sento-milano-necklace-3792bl\/"},"modified":"2026-02-16T13:55:44","modified_gmt":"2026-02-16T11:55:44","slug":"ti-sento-milano-kaelakee-3792bl","status":"publish","type":"product","link":"https:\/\/glamuur.ee\/et\/product\/ti-sento-milano-necklace-3792bl\/","title":{"rendered":"TI SENTO - Milano kaelakee"},"content":{"rendered":"<p>See stiilne kaelakee trendikast TI SENTO - Milano kollektsioonist on varustatud \u00fche musta kuubilise tsirkooniumkiviga, mis on briljantse lihviga ruudukujuline. Seda kivi \u00fcmbritseb \u00fcks rida valgeid tsirkoone, mis lisavad veelgi rohkem s\u00e4ra. Disainerkaelakee, mis on valmistatud kvaliteetsest h\u00f5bedast, on viimistletud roodiumiga. See tagab, et kaelakee s\u00e4ilitab oma s\u00e4ra ja on kaitstud pikema eluea tagamiseks.<\/p>","protected":false},"excerpt":{"rendered":"<p>This stylish necklace from the on-trend TI SENTO &#8211; Milano collection is set with a single black cubic zirconia stone, which is brilliant-cut as a square. The stone is then surrounded by a single row of white zirconias to add even more sparkle. The designer&#8230;<\/p>","protected":false},"featured_media":190991,"comment_status":"open","ping_status":"closed","template":"","meta":{"jetpack_post_was_ever_published":false},"product_brand":[],"product_cat":[727,599,72,146],"product_tag":[],"giftcard-category":[],"class_list":{"0":"post-190990","1":"product","2":"type-product","3":"status-publish","4":"has-post-thumbnail","6":"product_cat-necklaces","7":"product_cat-sale","8":"product_cat-ti-sento-milano","9":"product_cat-ti-sento-milano-necklaces","10":"pa_material-silver","11":"pa_metal-color-silver","12":"pa_product-brand-ti-sento-milano","13":"pa_stone-color-grey","14":"pa_type-category-necklaces","16":"first","17":"instock","18":"sale","19":"featured","20":"taxable","21":"shipping-taxable","22":"purchasable","23":"product-type-simple"},"bundled_by":[],"bundle_stock_status":"instock","bundle_stock_quantity":5,"bundle_virtual":false,"bundle_layout":"","bundle_add_to_cart_form_location":"","bundle_editable_in_cart":false,"bundle_sold_individually_context":"","bundle_item_grouping":"","bundle_min_size":"","bundle_max_size":"","bundle_price":[],"bundled_items":[],"bundle_sell_ids":[],"etheme_brands":{"errors":{"invalid_taxonomy":["Lubamatu taksonoomia."]},"error_data":[]},"_links":{"self":[{"href":"https:\/\/glamuur.ee\/et\/wp-json\/wp\/v2\/product\/190990","targetHints":{"allow":["GET"]}}],"collection":[{"href":"https:\/\/glamuur.ee\/et\/wp-json\/wp\/v2\/product"}],"about":[{"href":"https:\/\/glamuur.ee\/et\/wp-json\/wp\/v2\/types\/product"}],"replies":[{"embeddable":true,"href":"https:\/\/glamuur.ee\/et\/wp-json\/wp\/v2\/comments?post=190990"}],"wp:featuredmedia":[{"embeddable":true,"href":"https:\/\/glamuur.ee\/et\/wp-json\/wp\/v2\/media\/190991"}],"wp:attachment":[{"href":"https:\/\/glamuur.ee\/et\/wp-json\/wp\/v2\/media?parent=190990"}],"wp:term":[{"taxonomy":"product_brand","embeddable":true,"href":"https:\/\/glamuur.ee\/et\/wp-json\/wp\/v2\/product_brand?post=190990"},{"taxonomy":"product_cat","embeddable":true,"href":"https:\/\/glamuur.ee\/et\/wp-json\/wp\/v2\/product_cat?post=190990"},{"taxonomy":"product_tag","embeddable":true,"href":"https:\/\/glamuur.ee\/et\/wp-json\/wp\/v2\/product_tag?post=190990"},{"taxonomy":"giftcard-category","embeddable":true,"href":"https:\/\/glamuur.ee\/et\/wp-json\/wp\/v2\/giftcard-category?post=190990"}],"curies":[{"name":"wp","href":"https:\/\/api.w.org\/{rel}","templated":true}]}}