{"id":190972,"date":"2023-05-17T08:33:55","date_gmt":"2023-05-17T08:33:55","guid":{"rendered":"https:\/\/glamuur.ee\/product\/ti-sento-milano-pendant-6726mw\/"},"modified":"2026-02-16T13:58:44","modified_gmt":"2026-02-16T11:58:44","slug":"ti-sento-milano-ripats-6726mw","status":"publish","type":"product","link":"https:\/\/glamuur.ee\/et\/product\/ti-sento-milano-pendant-6726mw\/","title":{"rendered":"TI SENTO \u2013 Milano ripats"},"content":{"rendered":"<p>See silmatorkav TI SENTO - Milano ripats koosneb mitmest r\u00f5ngast, millel on kontrastne h\u00f5bedane tekstuur ja detailid. Ideaalne kaaslane igale seltskondlikule s\u00fcndmusele, mis n\u00f5uab veidi lisastiili. Kvaliteetne roodiumsterlingh\u00f5be on kombineeritud briljantse lihviga kristallide ja p\u00e4rlmutteriga. R\u00f5ngad on paigutatud nii, et nad ei puutu \u00fcksteist kokku ja liiguvad seega t\u00e4iuslikus harmoonias. Seda ikoonilist ripatsit saab kanda koos teiste kollektsiooni ehetega, nagu on kombeks TI SENTO Mix &amp; Match kontseptsioonis.<\/p>","protected":false},"excerpt":{"rendered":"<p>This striking TI SENTO &#8211; Milano pendant consists of several rings with contrasting silver texture and detail. The perfect accompaniment for any social occasion that demands a little extra style. The high-quality rhodium sterling silver is combined with brilliant-cut crystals and mother of pearl. The&#8230;<\/p>","protected":false},"featured_media":190973,"comment_status":"open","ping_status":"closed","template":"","meta":{"jetpack_post_was_ever_published":false},"product_brand":[],"product_cat":[968,945,729,72,149],"product_tag":[],"giftcard-category":[],"class_list":{"0":"post-190972","1":"product","2":"type-product","3":"status-publish","4":"has-post-thumbnail","6":"product_cat-mothers-day-2025-ti-sento","7":"product_cat-pearls","8":"product_cat-pendants","9":"product_cat-ti-sento-milano","10":"product_cat-ti-sento-milano-pendants","11":"pa_material-silver","12":"pa_metal-color-silver","13":"pa_product-brand-ti-sento-milano","14":"pa_stone-color-pearl","15":"pa_type-category-pendants","17":"first","18":"instock","19":"featured","20":"taxable","21":"shipping-taxable","22":"purchasable","23":"product-type-simple"},"bundled_by":[],"bundle_stock_status":"instock","bundle_stock_quantity":1,"bundle_virtual":false,"bundle_layout":"","bundle_add_to_cart_form_location":"","bundle_editable_in_cart":false,"bundle_sold_individually_context":"","bundle_item_grouping":"","bundle_min_size":"","bundle_max_size":"","bundle_price":[],"bundled_items":[],"bundle_sell_ids":[],"etheme_brands":{"errors":{"invalid_taxonomy":["Lubamatu taksonoomia."]},"error_data":[]},"_links":{"self":[{"href":"https:\/\/glamuur.ee\/et\/wp-json\/wp\/v2\/product\/190972","targetHints":{"allow":["GET"]}}],"collection":[{"href":"https:\/\/glamuur.ee\/et\/wp-json\/wp\/v2\/product"}],"about":[{"href":"https:\/\/glamuur.ee\/et\/wp-json\/wp\/v2\/types\/product"}],"replies":[{"embeddable":true,"href":"https:\/\/glamuur.ee\/et\/wp-json\/wp\/v2\/comments?post=190972"}],"wp:featuredmedia":[{"embeddable":true,"href":"https:\/\/glamuur.ee\/et\/wp-json\/wp\/v2\/media\/190973"}],"wp:attachment":[{"href":"https:\/\/glamuur.ee\/et\/wp-json\/wp\/v2\/media?parent=190972"}],"wp:term":[{"taxonomy":"product_brand","embeddable":true,"href":"https:\/\/glamuur.ee\/et\/wp-json\/wp\/v2\/product_brand?post=190972"},{"taxonomy":"product_cat","embeddable":true,"href":"https:\/\/glamuur.ee\/et\/wp-json\/wp\/v2\/product_cat?post=190972"},{"taxonomy":"product_tag","embeddable":true,"href":"https:\/\/glamuur.ee\/et\/wp-json\/wp\/v2\/product_tag?post=190972"},{"taxonomy":"giftcard-category","embeddable":true,"href":"https:\/\/glamuur.ee\/et\/wp-json\/wp\/v2\/giftcard-category?post=190972"}],"curies":[{"name":"wp","href":"https:\/\/api.w.org\/{rel}","templated":true}]}}