{"id":190955,"date":"2023-05-17T08:33:43","date_gmt":"2023-05-17T08:33:43","guid":{"rendered":"https:\/\/glamuur.ee\/product\/ti-sento-milano-clipring-4023si\/"},"modified":"2026-02-16T13:58:07","modified_gmt":"2026-02-16T11:58:07","slug":"ti-sento-milano-clipring-4023si","status":"publish","type":"product","link":"https:\/\/glamuur.ee\/et\/product\/ti-sento-milano-clipring-4023si\/","title":{"rendered":"TI SENTO - Milano Clipring"},"content":{"rendered":"<p>See sileda h\u00f5bedast TI SENTO - Milano klambers\u00f5rmus on ideaalne ese, mida saab kombineerida m\u00f5ne mix &amp; match sarja ehtega. See lihtne kaunistus on m\u00f5eldud riputamiseks erinevate TI SENTO kollektsiooni kaelakeede k\u00fclge. Seda saab kasutada ka kinnitusena nii randmepaeladele kui ka ripatsitele. Selle kinnitusr\u00f5nga jaoks on l\u00f5putuid kombinatsioone, nii et sirvige ja leidke ese, mille jaoks seda k\u00f5ige rohkem vajate. See toode on valmistatud roodiumiga viimistletud sterlingh\u00f5bedast, mis on vastupidav ja h\u00e4sti kaitstud kulumise eest.<\/p>","protected":false},"excerpt":{"rendered":"<p>This smooth silver TI SENTO &#8211; Milano clip ring is an ideal item to combine with a piece of jewellery in the mix &#038; match range. This simple ornament has been designed to be hung from a variety of necklaces in the TI SENTO collection&#8230;.<\/p>","protected":false},"featured_media":190956,"comment_status":"open","ping_status":"closed","template":"","meta":{"jetpack_post_was_ever_published":false},"product_brand":[],"product_cat":[793,727,599,72],"product_tag":[],"giftcard-category":[],"class_list":{"0":"post-190955","1":"product","2":"type-product","3":"status-publish","4":"has-post-thumbnail","6":"product_cat-gift-ideas-up-to-50e","7":"product_cat-necklaces","8":"product_cat-sale","9":"product_cat-ti-sento-milano","10":"pa_material-silver","11":"pa_metal-color-silver","12":"pa_product-brand-ti-sento-milano","13":"pa_stone-color-without-stones","14":"pa_type-category-connectors","16":"first","17":"instock","18":"featured","19":"taxable","20":"shipping-taxable","21":"purchasable","22":"product-type-simple"},"bundled_by":[],"bundle_stock_status":"instock","bundle_stock_quantity":15,"bundle_virtual":false,"bundle_layout":"","bundle_add_to_cart_form_location":"","bundle_editable_in_cart":false,"bundle_sold_individually_context":"","bundle_item_grouping":"","bundle_min_size":"","bundle_max_size":"","bundle_price":[],"bundled_items":[],"bundle_sell_ids":[],"etheme_brands":{"errors":{"invalid_taxonomy":["Lubamatu taksonoomia."]},"error_data":[]},"_links":{"self":[{"href":"https:\/\/glamuur.ee\/et\/wp-json\/wp\/v2\/product\/190955","targetHints":{"allow":["GET"]}}],"collection":[{"href":"https:\/\/glamuur.ee\/et\/wp-json\/wp\/v2\/product"}],"about":[{"href":"https:\/\/glamuur.ee\/et\/wp-json\/wp\/v2\/types\/product"}],"replies":[{"embeddable":true,"href":"https:\/\/glamuur.ee\/et\/wp-json\/wp\/v2\/comments?post=190955"}],"wp:featuredmedia":[{"embeddable":true,"href":"https:\/\/glamuur.ee\/et\/wp-json\/wp\/v2\/media\/190956"}],"wp:attachment":[{"href":"https:\/\/glamuur.ee\/et\/wp-json\/wp\/v2\/media?parent=190955"}],"wp:term":[{"taxonomy":"product_brand","embeddable":true,"href":"https:\/\/glamuur.ee\/et\/wp-json\/wp\/v2\/product_brand?post=190955"},{"taxonomy":"product_cat","embeddable":true,"href":"https:\/\/glamuur.ee\/et\/wp-json\/wp\/v2\/product_cat?post=190955"},{"taxonomy":"product_tag","embeddable":true,"href":"https:\/\/glamuur.ee\/et\/wp-json\/wp\/v2\/product_tag?post=190955"},{"taxonomy":"giftcard-category","embeddable":true,"href":"https:\/\/glamuur.ee\/et\/wp-json\/wp\/v2\/giftcard-category?post=190955"}],"curies":[{"name":"wp","href":"https:\/\/api.w.org\/{rel}","templated":true}]}}