{"id":190948,"date":"2023-05-17T08:33:39","date_gmt":"2023-05-17T08:33:39","guid":{"rendered":"https:\/\/glamuur.ee\/product\/ti-sento-milano-clipring-4011si\/"},"modified":"2026-05-01T13:40:28","modified_gmt":"2026-05-01T10:40:28","slug":"ti-sento-milano-clipring-4011si","status":"publish","type":"product","link":"https:\/\/glamuur.ee\/et\/product\/ti-sento-milano-clipring-4011si\/","title":{"rendered":"TI SENTO - Milano Clip ring"},"content":{"rendered":"<p>See sile ja h\u00f5bedane TI SENTO - Milano klambers\u00f5rmus sobib ideaalselt ehteid kombineerides. Seda eset saab lisada erinevatele ehetele, n\u00e4iteks ripatsitele, teistele kaelakeedele ja k\u00e4ev\u00f5rudele. Seda saab mugavalt kasutada ka klambrina. Selle lihtsa klambers\u00f5rmuse jaoks on l\u00f5putuid kombinatsioone, nii et otsige siit, et leida see, mida otsite. Valmistatud roodiumiga kaetud sterlingh\u00f5bedast ja viimistletud t\u00e4iendava roodiumiga v\u00e4liskattega, on see klipsir\u00f5ngas pika elueaga ja kaitstud \u00fcldiste kriimustuste eest.<\/p>","protected":false},"excerpt":{"rendered":"<p>This smooth and silver TI SENTO &#8211; Milano clip ring is perfect for using in the mix &#038; match offer on jewellery. You can add this item to various items of jewellery such as pendants, other necklaces and bracelets. It can also be conveniently used&#8230;<\/p>","protected":false},"featured_media":190949,"comment_status":"open","ping_status":"closed","template":"","meta":{"jetpack_post_was_ever_published":false},"product_brand":[],"product_cat":[793,727,599,72,1626],"product_tag":[],"giftcard-category":[],"class_list":{"0":"post-190948","1":"product","2":"type-product","3":"status-publish","4":"has-post-thumbnail","6":"product_cat-gift-ideas-up-to-50e","7":"product_cat-necklaces","8":"product_cat-sale","9":"product_cat-ti-sento-milano","10":"product_cat-under-40","11":"pa_material-silver","12":"pa_metal-color-silver","13":"pa_product-brand-ti-sento-milano","14":"pa_stone-color-without-stones","15":"pa_type-category-connectors","17":"first","18":"instock","19":"sale","20":"featured","21":"taxable","22":"shipping-taxable","23":"purchasable","24":"product-type-simple"},"bundled_by":[],"bundle_stock_status":"instock","bundle_stock_quantity":15,"bundle_virtual":false,"bundle_layout":"","bundle_add_to_cart_form_location":"","bundle_editable_in_cart":false,"bundle_sold_individually_context":"","bundle_item_grouping":"","bundle_min_size":"","bundle_max_size":"","bundle_price":[],"bundled_items":[],"bundle_sell_ids":[],"etheme_brands":{"errors":{"invalid_taxonomy":["Lubamatu taksonoomia."]},"error_data":[]},"_links":{"self":[{"href":"https:\/\/glamuur.ee\/et\/wp-json\/wp\/v2\/product\/190948","targetHints":{"allow":["GET"]}}],"collection":[{"href":"https:\/\/glamuur.ee\/et\/wp-json\/wp\/v2\/product"}],"about":[{"href":"https:\/\/glamuur.ee\/et\/wp-json\/wp\/v2\/types\/product"}],"replies":[{"embeddable":true,"href":"https:\/\/glamuur.ee\/et\/wp-json\/wp\/v2\/comments?post=190948"}],"wp:featuredmedia":[{"embeddable":true,"href":"https:\/\/glamuur.ee\/et\/wp-json\/wp\/v2\/media\/190949"}],"wp:attachment":[{"href":"https:\/\/glamuur.ee\/et\/wp-json\/wp\/v2\/media?parent=190948"}],"wp:term":[{"taxonomy":"product_brand","embeddable":true,"href":"https:\/\/glamuur.ee\/et\/wp-json\/wp\/v2\/product_brand?post=190948"},{"taxonomy":"product_cat","embeddable":true,"href":"https:\/\/glamuur.ee\/et\/wp-json\/wp\/v2\/product_cat?post=190948"},{"taxonomy":"product_tag","embeddable":true,"href":"https:\/\/glamuur.ee\/et\/wp-json\/wp\/v2\/product_tag?post=190948"},{"taxonomy":"giftcard-category","embeddable":true,"href":"https:\/\/glamuur.ee\/et\/wp-json\/wp\/v2\/giftcard-category?post=190948"}],"curies":[{"name":"wp","href":"https:\/\/api.w.org\/{rel}","templated":true}]}}