{"id":190941,"date":"2023-05-17T08:33:33","date_gmt":"2023-05-17T08:33:33","guid":{"rendered":"https:\/\/glamuur.ee\/product\/ti-sento-milano-necklace-3895tb-42\/"},"modified":"2026-02-16T13:57:12","modified_gmt":"2026-02-16T11:57:12","slug":"ti-sento-milano-kaelakee-3895tb-42","status":"publish","type":"product","link":"https:\/\/glamuur.ee\/et\/product\/ti-sento-milano-necklace-3895tb-42\/","title":{"rendered":"TI SENTO - Milano kaelakee"},"content":{"rendered":"<p>See rikkaliku pruuni v\u00e4rvi kivi on \u00fcmbritsetud roosakas-kuldses kinnises raamistuses. See vapustav keskosa p\u00fc\u00fcab valgust ja s\u00e4rab iga liigutusega. Ta ripub \u00f5rnalt \u00f5hukesel h\u00f5bedasel ketil.<\/p>\n<p>TI SENTO - Milano kaelakee 3895TB on valmistatud h\u00f5bedast roosakullatud. Selle kaelakee v\u00e4rvus on pruun. K\u00f5ik TI SENTO - Milano ehted on kinkekaubana pakitud l\u00f5pmatu armastuse ja hoolega. Maagia peitub meie h\u00f5bedas.<\/p>\n<p>Ta on osa meie \u00d5htulehtede kollektsioonist: Kaleidoskoobid moodustavad Evening Lights'i aluse. Nude-toonid, pruunid kivid, roosakuld ja pidulikud s\u00e4delused annavad sellele kollektsioonile rafineeritud suhtumise.<\/p>","protected":false},"excerpt":{"rendered":"<p>This rich brown coloured stone is embraced by a rose-gold closed setting. This stunning centrepiece catches the light and sparkles with every move. She hangs delicately on a thin silver chain. The TI SENTO &#8211; Milano Necklace 3895TB is crafted with Silver rose gold plated&#8230;.<\/p>","protected":false},"featured_media":190942,"comment_status":"open","ping_status":"closed","template":"","meta":{"jetpack_post_was_ever_published":false},"product_brand":[],"product_cat":[727,599,72,146],"product_tag":[],"giftcard-category":[],"class_list":{"0":"post-190941","1":"product","2":"type-product","3":"status-publish","4":"has-post-thumbnail","6":"product_cat-necklaces","7":"product_cat-sale","8":"product_cat-ti-sento-milano","9":"product_cat-ti-sento-milano-necklaces","10":"pa_material-silver","11":"pa_metal-color-rose-gold","12":"pa_product-brand-ti-sento-milano","13":"pa_stone-color-brown","14":"pa_type-category-necklaces","16":"first","17":"instock","18":"featured","19":"taxable","20":"shipping-taxable","21":"purchasable","22":"product-type-simple"},"bundled_by":[],"bundle_stock_status":"instock","bundle_stock_quantity":25,"bundle_virtual":false,"bundle_layout":"","bundle_add_to_cart_form_location":"","bundle_editable_in_cart":false,"bundle_sold_individually_context":"","bundle_item_grouping":"","bundle_min_size":"","bundle_max_size":"","bundle_price":[],"bundled_items":[],"bundle_sell_ids":[],"etheme_brands":{"errors":{"invalid_taxonomy":["Lubamatu taksonoomia."]},"error_data":[]},"_links":{"self":[{"href":"https:\/\/glamuur.ee\/et\/wp-json\/wp\/v2\/product\/190941","targetHints":{"allow":["GET"]}}],"collection":[{"href":"https:\/\/glamuur.ee\/et\/wp-json\/wp\/v2\/product"}],"about":[{"href":"https:\/\/glamuur.ee\/et\/wp-json\/wp\/v2\/types\/product"}],"replies":[{"embeddable":true,"href":"https:\/\/glamuur.ee\/et\/wp-json\/wp\/v2\/comments?post=190941"}],"wp:featuredmedia":[{"embeddable":true,"href":"https:\/\/glamuur.ee\/et\/wp-json\/wp\/v2\/media\/190942"}],"wp:attachment":[{"href":"https:\/\/glamuur.ee\/et\/wp-json\/wp\/v2\/media?parent=190941"}],"wp:term":[{"taxonomy":"product_brand","embeddable":true,"href":"https:\/\/glamuur.ee\/et\/wp-json\/wp\/v2\/product_brand?post=190941"},{"taxonomy":"product_cat","embeddable":true,"href":"https:\/\/glamuur.ee\/et\/wp-json\/wp\/v2\/product_cat?post=190941"},{"taxonomy":"product_tag","embeddable":true,"href":"https:\/\/glamuur.ee\/et\/wp-json\/wp\/v2\/product_tag?post=190941"},{"taxonomy":"giftcard-category","embeddable":true,"href":"https:\/\/glamuur.ee\/et\/wp-json\/wp\/v2\/giftcard-category?post=190941"}],"curies":[{"name":"wp","href":"https:\/\/api.w.org\/{rel}","templated":true}]}}