{"id":190927,"date":"2023-05-17T08:33:20","date_gmt":"2023-05-17T08:33:20","guid":{"rendered":"https:\/\/glamuur.ee\/product\/ti-sento-milano-pendant-6754mw\/"},"modified":"2026-02-16T13:58:57","modified_gmt":"2026-02-16T11:58:57","slug":"ti-sento-milano-ripats-6754mw","status":"publish","type":"product","link":"https:\/\/glamuur.ee\/et\/product\/ti-sento-milano-pendant-6754mw\/","title":{"rendered":"TI SENTO \u2013 Milano ripats"},"content":{"rendered":"<p>See TI SENTO - Milano rafineeritud ripats on \u00fcmbritsetud piimvalge kristalliga. Ovaalne kristall on cabuchoni lihviga, mis aitab pehme v\u00e4rvi h\u00e4sti esile tuua. Kivi on asetatud nelja 18 kt roosakuldse kullaga kaetud kinnitusse, mis on samuti tsirkooniatega kaetud. Ripatsil on klipsisilm, mille tulemusena saab seda kanda nii kaelakee kui ka klipsir\u00f5ngaga. Mix &amp; Match kontseptsiooni kohaselt on saadaval erinevaid sobivaid ehteid.<\/p>","protected":false},"excerpt":{"rendered":"<p>This refined pendant of TI SENTO &#8211; Milano has been set with a milky white crystal. The oval crystal is cabuchon cut, which helps to bring the soft colour well to its own. The stone is set in four 18kt rose gold plated prongs, which&#8230;<\/p>","protected":false},"featured_media":190928,"comment_status":"open","ping_status":"closed","template":"","meta":{"jetpack_post_was_ever_published":false},"product_brand":[],"product_cat":[968,945,729,72,149],"product_tag":[],"giftcard-category":[],"class_list":{"0":"post-190927","1":"product","2":"type-product","3":"status-publish","4":"has-post-thumbnail","6":"product_cat-mothers-day-2025-ti-sento","7":"product_cat-pearls","8":"product_cat-pendants","9":"product_cat-ti-sento-milano","10":"product_cat-ti-sento-milano-pendants","11":"pa_material-silver","12":"pa_metal-color-rose-gold","13":"pa_product-brand-ti-sento-milano","14":"pa_stone-color-pearl","15":"pa_type-category-pendants","17":"first","18":"instock","19":"featured","20":"taxable","21":"shipping-taxable","22":"purchasable","23":"product-type-simple"},"bundled_by":[],"bundle_stock_status":"instock","bundle_stock_quantity":7,"bundle_virtual":false,"bundle_layout":"","bundle_add_to_cart_form_location":"","bundle_editable_in_cart":false,"bundle_sold_individually_context":"","bundle_item_grouping":"","bundle_min_size":"","bundle_max_size":"","bundle_price":[],"bundled_items":[],"bundle_sell_ids":[],"etheme_brands":{"errors":{"invalid_taxonomy":["Lubamatu taksonoomia."]},"error_data":[]},"_links":{"self":[{"href":"https:\/\/glamuur.ee\/et\/wp-json\/wp\/v2\/product\/190927","targetHints":{"allow":["GET"]}}],"collection":[{"href":"https:\/\/glamuur.ee\/et\/wp-json\/wp\/v2\/product"}],"about":[{"href":"https:\/\/glamuur.ee\/et\/wp-json\/wp\/v2\/types\/product"}],"replies":[{"embeddable":true,"href":"https:\/\/glamuur.ee\/et\/wp-json\/wp\/v2\/comments?post=190927"}],"wp:featuredmedia":[{"embeddable":true,"href":"https:\/\/glamuur.ee\/et\/wp-json\/wp\/v2\/media\/190928"}],"wp:attachment":[{"href":"https:\/\/glamuur.ee\/et\/wp-json\/wp\/v2\/media?parent=190927"}],"wp:term":[{"taxonomy":"product_brand","embeddable":true,"href":"https:\/\/glamuur.ee\/et\/wp-json\/wp\/v2\/product_brand?post=190927"},{"taxonomy":"product_cat","embeddable":true,"href":"https:\/\/glamuur.ee\/et\/wp-json\/wp\/v2\/product_cat?post=190927"},{"taxonomy":"product_tag","embeddable":true,"href":"https:\/\/glamuur.ee\/et\/wp-json\/wp\/v2\/product_tag?post=190927"},{"taxonomy":"giftcard-category","embeddable":true,"href":"https:\/\/glamuur.ee\/et\/wp-json\/wp\/v2\/giftcard-category?post=190927"}],"curies":[{"name":"wp","href":"https:\/\/api.w.org\/{rel}","templated":true}]}}