{"id":190894,"date":"2023-05-17T08:32:44","date_gmt":"2023-05-17T08:32:44","guid":{"rendered":"https:\/\/glamuur.ee\/product\/ti-sento-milano-pendant-6752lp\/"},"modified":"2026-02-16T13:58:56","modified_gmt":"2026-02-16T11:58:56","slug":"ti-sento-milano-riputusvariant-6752lp","status":"publish","type":"product","link":"https:\/\/glamuur.ee\/et\/product\/ti-sento-milano-pendant-6752lp\/","title":{"rendered":"TI SENTO \u2013 Milano ripats"},"content":{"rendered":"<p>See luksuslik TI SENTO - Milano on valmistatud roodiumiga kaetud Sterling h\u00f5bedast. Lai klipsisilm, millega ripatsit saab kanda kaelakee k\u00fcljes, on paveeritud tsirkooniatega. Selle alla on asetatud \u00fcmmargune roosa fassettkristall, mis on fassaadiga \u00fcmbritsetud. Rihm on kaetud 18k roosa kullaga. Ripatsi tagak\u00fcljele on graveeritud tuntud TI SENTO monogramm. Selle ripatsiga sobivad ehted on saadaval TI SENTO kollektsioonis.<\/p>","protected":false},"excerpt":{"rendered":"<p>This luxurious TI SENTO \u2013 Milano is made of Rhodium plated Sterling silver. The wide clip eye with which the pendant can be worn on the necklace, is pave set with Zirconia. Underneath is set a round pink facetted crystal with a bezel setting. The&#8230;<\/p>","protected":false},"featured_media":190895,"comment_status":"open","ping_status":"closed","template":"","meta":{"jetpack_post_was_ever_published":false},"product_brand":[],"product_cat":[599,729,980,964,72,149],"product_tag":[],"giftcard-category":[],"class_list":{"0":"post-190894","1":"product","2":"type-product","3":"status-publish","4":"has-post-thumbnail","6":"product_cat-sale","7":"product_cat-pendants","8":"product_cat-ready-for-vacation","9":"product_cat-summer-sale-ti-sento","10":"product_cat-ti-sento-milano","11":"product_cat-ti-sento-milano-pendants","12":"pa_material-silver","13":"pa_metal-color-rose-gold","14":"pa_product-brand-ti-sento-milano","15":"pa_stone-color-pink","16":"pa_type-category-pendants","18":"first","19":"instock","20":"featured","21":"taxable","22":"shipping-taxable","23":"purchasable","24":"product-type-simple"},"bundled_by":[],"bundle_stock_status":"instock","bundle_stock_quantity":6,"bundle_virtual":false,"bundle_layout":"","bundle_add_to_cart_form_location":"","bundle_editable_in_cart":false,"bundle_sold_individually_context":"","bundle_item_grouping":"","bundle_min_size":"","bundle_max_size":"","bundle_price":[],"bundled_items":[],"bundle_sell_ids":[],"etheme_brands":{"errors":{"invalid_taxonomy":["Lubamatu taksonoomia."]},"error_data":[]},"_links":{"self":[{"href":"https:\/\/glamuur.ee\/et\/wp-json\/wp\/v2\/product\/190894","targetHints":{"allow":["GET"]}}],"collection":[{"href":"https:\/\/glamuur.ee\/et\/wp-json\/wp\/v2\/product"}],"about":[{"href":"https:\/\/glamuur.ee\/et\/wp-json\/wp\/v2\/types\/product"}],"replies":[{"embeddable":true,"href":"https:\/\/glamuur.ee\/et\/wp-json\/wp\/v2\/comments?post=190894"}],"wp:featuredmedia":[{"embeddable":true,"href":"https:\/\/glamuur.ee\/et\/wp-json\/wp\/v2\/media\/190895"}],"wp:attachment":[{"href":"https:\/\/glamuur.ee\/et\/wp-json\/wp\/v2\/media?parent=190894"}],"wp:term":[{"taxonomy":"product_brand","embeddable":true,"href":"https:\/\/glamuur.ee\/et\/wp-json\/wp\/v2\/product_brand?post=190894"},{"taxonomy":"product_cat","embeddable":true,"href":"https:\/\/glamuur.ee\/et\/wp-json\/wp\/v2\/product_cat?post=190894"},{"taxonomy":"product_tag","embeddable":true,"href":"https:\/\/glamuur.ee\/et\/wp-json\/wp\/v2\/product_tag?post=190894"},{"taxonomy":"giftcard-category","embeddable":true,"href":"https:\/\/glamuur.ee\/et\/wp-json\/wp\/v2\/giftcard-category?post=190894"}],"curies":[{"name":"wp","href":"https:\/\/api.w.org\/{rel}","templated":true}]}}