{"id":190883,"date":"2023-05-17T08:32:33","date_gmt":"2023-05-17T08:32:33","guid":{"rendered":"https:\/\/glamuur.ee\/product\/ti-sento-milano-necklace-3861zi-42\/"},"modified":"2026-02-16T13:56:49","modified_gmt":"2026-02-16T11:56:49","slug":"ti-sento-milano-kaelakee-3861zi-42","status":"publish","type":"product","link":"https:\/\/glamuur.ee\/et\/product\/ti-sento-milano-necklace-3861zi-42\/","title":{"rendered":"TI SENTO - Milano kaelakee"},"content":{"rendered":"<p>See graatsiline TI SENTO - Milano kaelakee on valmistatud roodiumiga kaetud h\u00f5bedast, mis tagab, et see kestab aastaid, s\u00e4ilitades samas oma iseloomuliku s\u00e4ra. Selle kaelakee peamine omadus on ripats, mis on mitmekihiline h\u00f5bedast disain, mida t\u00e4iustab kiht briljantselt l\u00f5igatud kuubi tsirkooniatega.<\/p>","protected":false},"excerpt":{"rendered":"<p>This graceful TI SENTO &#8211; Milano necklace is made from rhodium plated sterling silver, ensuring that it lasts over the years whilst keeping its signature shine. The key feature of this necklace is the pendant, a multi-layered sterling silver design with enhanced with a layer&#8230;<\/p>","protected":false},"featured_media":190884,"comment_status":"open","ping_status":"closed","template":"","meta":{"jetpack_post_was_ever_published":false},"product_brand":[],"product_cat":[727,599,72,146],"product_tag":[],"giftcard-category":[],"class_list":{"0":"post-190883","1":"product","2":"type-product","3":"status-publish","4":"has-post-thumbnail","6":"product_cat-necklaces","7":"product_cat-sale","8":"product_cat-ti-sento-milano","9":"product_cat-ti-sento-milano-necklaces","10":"pa_material-silver","11":"pa_metal-color-silver","12":"pa_product-brand-ti-sento-milano","13":"pa_stone-color-white","14":"pa_type-category-necklaces","16":"first","17":"instock","18":"featured","19":"taxable","20":"shipping-taxable","21":"purchasable","22":"product-type-simple"},"bundled_by":[],"bundle_stock_status":"instock","bundle_stock_quantity":17,"bundle_virtual":false,"bundle_layout":"","bundle_add_to_cart_form_location":"","bundle_editable_in_cart":false,"bundle_sold_individually_context":"","bundle_item_grouping":"","bundle_min_size":"","bundle_max_size":"","bundle_price":[],"bundled_items":[],"bundle_sell_ids":[],"etheme_brands":{"errors":{"invalid_taxonomy":["Lubamatu taksonoomia."]},"error_data":[]},"_links":{"self":[{"href":"https:\/\/glamuur.ee\/et\/wp-json\/wp\/v2\/product\/190883","targetHints":{"allow":["GET"]}}],"collection":[{"href":"https:\/\/glamuur.ee\/et\/wp-json\/wp\/v2\/product"}],"about":[{"href":"https:\/\/glamuur.ee\/et\/wp-json\/wp\/v2\/types\/product"}],"replies":[{"embeddable":true,"href":"https:\/\/glamuur.ee\/et\/wp-json\/wp\/v2\/comments?post=190883"}],"wp:featuredmedia":[{"embeddable":true,"href":"https:\/\/glamuur.ee\/et\/wp-json\/wp\/v2\/media\/190884"}],"wp:attachment":[{"href":"https:\/\/glamuur.ee\/et\/wp-json\/wp\/v2\/media?parent=190883"}],"wp:term":[{"taxonomy":"product_brand","embeddable":true,"href":"https:\/\/glamuur.ee\/et\/wp-json\/wp\/v2\/product_brand?post=190883"},{"taxonomy":"product_cat","embeddable":true,"href":"https:\/\/glamuur.ee\/et\/wp-json\/wp\/v2\/product_cat?post=190883"},{"taxonomy":"product_tag","embeddable":true,"href":"https:\/\/glamuur.ee\/et\/wp-json\/wp\/v2\/product_tag?post=190883"},{"taxonomy":"giftcard-category","embeddable":true,"href":"https:\/\/glamuur.ee\/et\/wp-json\/wp\/v2\/giftcard-category?post=190883"}],"curies":[{"name":"wp","href":"https:\/\/api.w.org\/{rel}","templated":true}]}}