{"id":190846,"date":"2023-05-17T08:31:32","date_gmt":"2023-05-17T08:31:32","guid":{"rendered":"https:\/\/glamuur.ee\/product\/ti-sento-milano-necklace-3831sb-42\/"},"modified":"2026-02-16T13:56:14","modified_gmt":"2026-02-16T11:56:14","slug":"ti-sento-milano-necklace-3831sb-42","status":"publish","type":"product","link":"https:\/\/glamuur.ee\/et\/product\/ti-sento-milano-necklace-3831sb-42\/","title":{"rendered":"TI SENTO - Milano kaelakee"},"content":{"rendered":"<p>See l\u00f5bus, kuid samas rafineeritud kaelakee on p\u00e4rit TI SENTO - Milano disainerite meeskonnalt ja sobib ideaalselt p\u00e4evar\u00f5ivaste v\u00f5i musta kokteili riietuse ebatavaliseks t\u00e4ienduseks. Kitsas kett on valmistatud roodiumiga kaetud h\u00f5bedast, kuid ripats on valmistatud kolmest erineva mustri ja tekstuuriga h\u00f5bedast kerast. See m\u00e4nguline kaelakee sobib h\u00e4sti kokku TI SENTO Mix &amp; Match ehte kontseptsiooniga.<\/p>","protected":false},"excerpt":{"rendered":"<p>This fun, yet sophisticated necklace comes from the in-house design team of TI SENTO &#8211; Milano and is ideal for daywear or as an unusual complement to black cocktail dressing. The narrow chain has a high shine finish crafted from rhodium-plated sterling silver while the&#8230;<\/p>","protected":false},"featured_media":190847,"comment_status":"open","ping_status":"closed","template":"","meta":{"jetpack_post_was_ever_published":false},"product_brand":[],"product_cat":[727,599,72,146],"product_tag":[],"giftcard-category":[],"class_list":{"0":"post-190846","1":"product","2":"type-product","3":"status-publish","4":"has-post-thumbnail","6":"product_cat-necklaces","7":"product_cat-sale","8":"product_cat-ti-sento-milano","9":"product_cat-ti-sento-milano-necklaces","10":"pa_material-silver","11":"pa_metal-color-silver","12":"pa_product-brand-ti-sento-milano","13":"pa_stone-color-without-stones","14":"pa_type-category-necklaces","16":"first","17":"instock","18":"featured","19":"taxable","20":"shipping-taxable","21":"purchasable","22":"product-type-simple"},"bundled_by":[],"bundle_stock_status":"instock","bundle_stock_quantity":5,"bundle_virtual":false,"bundle_layout":"","bundle_add_to_cart_form_location":"","bundle_editable_in_cart":false,"bundle_sold_individually_context":"","bundle_item_grouping":"","bundle_min_size":"","bundle_max_size":"","bundle_price":[],"bundled_items":[],"bundle_sell_ids":[],"etheme_brands":{"errors":{"invalid_taxonomy":["Lubamatu taksonoomia."]},"error_data":[]},"_links":{"self":[{"href":"https:\/\/glamuur.ee\/et\/wp-json\/wp\/v2\/product\/190846","targetHints":{"allow":["GET"]}}],"collection":[{"href":"https:\/\/glamuur.ee\/et\/wp-json\/wp\/v2\/product"}],"about":[{"href":"https:\/\/glamuur.ee\/et\/wp-json\/wp\/v2\/types\/product"}],"replies":[{"embeddable":true,"href":"https:\/\/glamuur.ee\/et\/wp-json\/wp\/v2\/comments?post=190846"}],"wp:featuredmedia":[{"embeddable":true,"href":"https:\/\/glamuur.ee\/et\/wp-json\/wp\/v2\/media\/190847"}],"wp:attachment":[{"href":"https:\/\/glamuur.ee\/et\/wp-json\/wp\/v2\/media?parent=190846"}],"wp:term":[{"taxonomy":"product_brand","embeddable":true,"href":"https:\/\/glamuur.ee\/et\/wp-json\/wp\/v2\/product_brand?post=190846"},{"taxonomy":"product_cat","embeddable":true,"href":"https:\/\/glamuur.ee\/et\/wp-json\/wp\/v2\/product_cat?post=190846"},{"taxonomy":"product_tag","embeddable":true,"href":"https:\/\/glamuur.ee\/et\/wp-json\/wp\/v2\/product_tag?post=190846"},{"taxonomy":"giftcard-category","embeddable":true,"href":"https:\/\/glamuur.ee\/et\/wp-json\/wp\/v2\/giftcard-category?post=190846"}],"curies":[{"name":"wp","href":"https:\/\/api.w.org\/{rel}","templated":true}]}}