{"id":190835,"date":"2023-05-17T08:31:20","date_gmt":"2023-05-17T08:31:20","guid":{"rendered":"https:\/\/glamuur.ee\/product\/ti-sento-milano-necklace-3882lp\/"},"modified":"2026-02-16T13:57:05","modified_gmt":"2026-02-16T11:57:05","slug":"ti-sento-milano-kaelakee-3882lp","status":"publish","type":"product","link":"https:\/\/glamuur.ee\/et\/product\/ti-sento-milano-necklace-3882lp\/","title":{"rendered":"TI SENTO - Milano kaelakee"},"content":{"rendered":"<p>See elegantne TI SENTO - Milano kaelakee on t\u00f5eline pilkup\u00fc\u00fcdja! Erinevate roosade toonide kombinatsioon muudab ripatsi h\u00f5lpsasti kombineeritavaks erinevate kollektsiooni ehtedega. Kristallid on cabuchon (\u00fcmmarguse) lihviga, mille tulemusena tulevad pastelsed toonid veelgi enam esile. TI SENTO disainimeeskond p\u00f6\u00f6rab t\u00e4helepanu igale detailile ja seda on n\u00e4ha ka sellest, et isegi pringid on varustatud Zironia'ga. See annab kristallidele veelgi rohkem s\u00e4ra. Ripatsit pakutakse koos kaelakeelega, mille kohal ripats saab vabalt liikuda ja mida saab 42 cm pikkuses nutma panna.<\/p>","protected":false},"excerpt":{"rendered":"<p>This elegant TI SENTO &#8211; Milano necklace is a real eye-catcher! The combination of different pink hues, make the pendant easy to combine with various jewellery pieces in the collection. The crystals are cabuchon (round) cut, as a result of which the pastel hues come&#8230;<\/p>","protected":false},"featured_media":190836,"comment_status":"open","ping_status":"closed","template":"","meta":{"jetpack_post_was_ever_published":false},"product_brand":[],"product_cat":[727,599,980,964,72,146],"product_tag":[],"giftcard-category":[],"class_list":{"0":"post-190835","1":"product","2":"type-product","3":"status-publish","4":"has-post-thumbnail","6":"product_cat-necklaces","7":"product_cat-sale","8":"product_cat-ready-for-vacation","9":"product_cat-summer-sale-ti-sento","10":"product_cat-ti-sento-milano","11":"product_cat-ti-sento-milano-necklaces","12":"pa_material-silver","13":"pa_metal-color-rose-gold","14":"pa_product-brand-ti-sento-milano","15":"pa_stone-color-pink","16":"pa_type-category-necklaces","18":"first","19":"instock","20":"featured","21":"taxable","22":"shipping-taxable","23":"purchasable","24":"product-type-simple"},"bundled_by":[],"bundle_stock_status":"instock","bundle_stock_quantity":17,"bundle_virtual":false,"bundle_layout":"","bundle_add_to_cart_form_location":"","bundle_editable_in_cart":false,"bundle_sold_individually_context":"","bundle_item_grouping":"","bundle_min_size":"","bundle_max_size":"","bundle_price":[],"bundled_items":[],"bundle_sell_ids":[],"etheme_brands":{"errors":{"invalid_taxonomy":["Lubamatu taksonoomia."]},"error_data":[]},"_links":{"self":[{"href":"https:\/\/glamuur.ee\/et\/wp-json\/wp\/v2\/product\/190835","targetHints":{"allow":["GET"]}}],"collection":[{"href":"https:\/\/glamuur.ee\/et\/wp-json\/wp\/v2\/product"}],"about":[{"href":"https:\/\/glamuur.ee\/et\/wp-json\/wp\/v2\/types\/product"}],"replies":[{"embeddable":true,"href":"https:\/\/glamuur.ee\/et\/wp-json\/wp\/v2\/comments?post=190835"}],"wp:featuredmedia":[{"embeddable":true,"href":"https:\/\/glamuur.ee\/et\/wp-json\/wp\/v2\/media\/190836"}],"wp:attachment":[{"href":"https:\/\/glamuur.ee\/et\/wp-json\/wp\/v2\/media?parent=190835"}],"wp:term":[{"taxonomy":"product_brand","embeddable":true,"href":"https:\/\/glamuur.ee\/et\/wp-json\/wp\/v2\/product_brand?post=190835"},{"taxonomy":"product_cat","embeddable":true,"href":"https:\/\/glamuur.ee\/et\/wp-json\/wp\/v2\/product_cat?post=190835"},{"taxonomy":"product_tag","embeddable":true,"href":"https:\/\/glamuur.ee\/et\/wp-json\/wp\/v2\/product_tag?post=190835"},{"taxonomy":"giftcard-category","embeddable":true,"href":"https:\/\/glamuur.ee\/et\/wp-json\/wp\/v2\/giftcard-category?post=190835"}],"curies":[{"name":"wp","href":"https:\/\/api.w.org\/{rel}","templated":true}]}}