{"id":190820,"date":"2023-05-17T08:31:00","date_gmt":"2023-05-17T08:31:00","guid":{"rendered":"https:\/\/glamuur.ee\/product\/ti-sento-milano-necklace-3846zi-90\/"},"modified":"2026-02-16T13:56:37","modified_gmt":"2026-02-16T11:56:37","slug":"ti-sento-milano-kaelakee-3846zi-90","status":"publish","type":"product","link":"https:\/\/glamuur.ee\/et\/product\/ti-sento-milano-necklace-3846zi-90\/","title":{"rendered":"TI SENTO - Milano kaelakee"},"content":{"rendered":"<p>Selles elegantses ja moodsas TI SENTO - Milano kaelakees on kaunistatud valgeid kristalle ja kuubikulist tsirkooniumhelmeid, mis on \u00fchendatud 90 sentimeetri pikkusele peenikese ahelaga kettale ebakorrap\u00e4raste vahedega. See disainerkaelakee on valmistatud k\u00f5rgekvaliteedilisest h\u00f5bedast ja see on kriimustuste eest kaitsmiseks ja pika eluea tagamiseks ka roodiumiga kaetud.<\/p>","protected":false},"excerpt":{"rendered":"<p>This elegant and modern necklace from TI SENTO &#8211; Milano features bezel-set white crystals and cubic zirconia beads, all linked at irregular intervals on a 90 centimetre fine-link chain. Made from the highest-quality sterling silver, this designer necklace is also rhodium plated for protection against&#8230;<\/p>","protected":false},"featured_media":190821,"comment_status":"open","ping_status":"closed","template":"","meta":{"jetpack_post_was_ever_published":false},"product_brand":[],"product_cat":[727,599,72,146],"product_tag":[],"giftcard-category":[],"class_list":{"0":"post-190820","1":"product","2":"type-product","3":"status-publish","4":"has-post-thumbnail","6":"product_cat-necklaces","7":"product_cat-sale","8":"product_cat-ti-sento-milano","9":"product_cat-ti-sento-milano-necklaces","10":"pa_material-silver","11":"pa_metal-color-silver","12":"pa_product-brand-ti-sento-milano","13":"pa_stone-color-white","14":"pa_type-category-necklaces","16":"first","17":"instock","18":"featured","19":"taxable","20":"shipping-taxable","21":"purchasable","22":"product-type-simple"},"bundled_by":[],"bundle_stock_status":"instock","bundle_stock_quantity":1,"bundle_virtual":false,"bundle_layout":"","bundle_add_to_cart_form_location":"","bundle_editable_in_cart":false,"bundle_sold_individually_context":"","bundle_item_grouping":"","bundle_min_size":"","bundle_max_size":"","bundle_price":[],"bundled_items":[],"bundle_sell_ids":[],"etheme_brands":{"errors":{"invalid_taxonomy":["Lubamatu taksonoomia."]},"error_data":[]},"_links":{"self":[{"href":"https:\/\/glamuur.ee\/et\/wp-json\/wp\/v2\/product\/190820","targetHints":{"allow":["GET"]}}],"collection":[{"href":"https:\/\/glamuur.ee\/et\/wp-json\/wp\/v2\/product"}],"about":[{"href":"https:\/\/glamuur.ee\/et\/wp-json\/wp\/v2\/types\/product"}],"replies":[{"embeddable":true,"href":"https:\/\/glamuur.ee\/et\/wp-json\/wp\/v2\/comments?post=190820"}],"wp:featuredmedia":[{"embeddable":true,"href":"https:\/\/glamuur.ee\/et\/wp-json\/wp\/v2\/media\/190821"}],"wp:attachment":[{"href":"https:\/\/glamuur.ee\/et\/wp-json\/wp\/v2\/media?parent=190820"}],"wp:term":[{"taxonomy":"product_brand","embeddable":true,"href":"https:\/\/glamuur.ee\/et\/wp-json\/wp\/v2\/product_brand?post=190820"},{"taxonomy":"product_cat","embeddable":true,"href":"https:\/\/glamuur.ee\/et\/wp-json\/wp\/v2\/product_cat?post=190820"},{"taxonomy":"product_tag","embeddable":true,"href":"https:\/\/glamuur.ee\/et\/wp-json\/wp\/v2\/product_tag?post=190820"},{"taxonomy":"giftcard-category","embeddable":true,"href":"https:\/\/glamuur.ee\/et\/wp-json\/wp\/v2\/giftcard-category?post=190820"}],"curies":[{"name":"wp","href":"https:\/\/api.w.org\/{rel}","templated":true}]}}