{"id":190813,"date":"2023-05-17T08:30:53","date_gmt":"2023-05-17T08:30:53","guid":{"rendered":"https:\/\/glamuur.ee\/product\/ti-sento-milano-pendant-6748wb\/"},"modified":"2026-02-16T13:58:53","modified_gmt":"2026-02-16T11:58:53","slug":"ti-sento-milano-riputusvari-6748wb","status":"publish","type":"product","link":"https:\/\/glamuur.ee\/et\/product\/ti-sento-milano-pendant-6748wb\/","title":{"rendered":"TI SENTO \u2013 Milano ripats"},"content":{"rendered":"<p>See tilgakujuline sinine kristall on pilkup\u00fc\u00fcdev selles TI SENTO - Milano ripatsis, mille viitenumber on 6748WB. Sinine kristall on lihvitud, mis aitab anda sinisele v\u00e4rvile veelgi rohkem s\u00fcgavust. Ripats on valmistatud roodiumiga kaetud Sterling-h\u00f5bedast, mis annab h\u00f5bedale kauni l\u00e4ike ja kaitse v\u00e4rvimuutuse eest. Klipsisilm, millega ripatsit saab kaelakeele k\u00fclge kinnitada, on kaetud tsirkooniumiga. Ka ripatsi tagak\u00fclg on kenasti viimistletud TI SENTO monogrammiga. Kanda ripatsit eraldi v\u00f5i luua oma isiklik stiil, kombineerides mitu ripatsit omavahel.<\/p>","protected":false},"excerpt":{"rendered":"<p>This drop-shaped blue crystal is the eye-catcher in this TI SENTO \u2013 Milano pendant with reference number 6748WB. The blue crystal in facetted, which helps to give the blue colour even more depth. The pendant is made of Rhodium plated Sterling silver, giving the silver&#8230;<\/p>","protected":false},"featured_media":190814,"comment_status":"open","ping_status":"closed","template":"","meta":{"jetpack_post_was_ever_published":false},"product_brand":[],"product_cat":[599,729,72,149],"product_tag":[],"giftcard-category":[],"class_list":{"0":"post-190813","1":"product","2":"type-product","3":"status-publish","4":"has-post-thumbnail","6":"product_cat-sale","7":"product_cat-pendants","8":"product_cat-ti-sento-milano","9":"product_cat-ti-sento-milano-pendants","10":"pa_material-silver","11":"pa_metal-color-silver","12":"pa_product-brand-ti-sento-milano","13":"pa_stone-color-blue","14":"pa_type-category-pendants","16":"first","17":"instock","18":"featured","19":"taxable","20":"shipping-taxable","21":"purchasable","22":"product-type-simple"},"bundled_by":[],"bundle_stock_status":"instock","bundle_stock_quantity":2,"bundle_virtual":false,"bundle_layout":"","bundle_add_to_cart_form_location":"","bundle_editable_in_cart":false,"bundle_sold_individually_context":"","bundle_item_grouping":"","bundle_min_size":"","bundle_max_size":"","bundle_price":[],"bundled_items":[],"bundle_sell_ids":[],"etheme_brands":{"errors":{"invalid_taxonomy":["Lubamatu taksonoomia."]},"error_data":[]},"_links":{"self":[{"href":"https:\/\/glamuur.ee\/et\/wp-json\/wp\/v2\/product\/190813","targetHints":{"allow":["GET"]}}],"collection":[{"href":"https:\/\/glamuur.ee\/et\/wp-json\/wp\/v2\/product"}],"about":[{"href":"https:\/\/glamuur.ee\/et\/wp-json\/wp\/v2\/types\/product"}],"replies":[{"embeddable":true,"href":"https:\/\/glamuur.ee\/et\/wp-json\/wp\/v2\/comments?post=190813"}],"wp:featuredmedia":[{"embeddable":true,"href":"https:\/\/glamuur.ee\/et\/wp-json\/wp\/v2\/media\/190814"}],"wp:attachment":[{"href":"https:\/\/glamuur.ee\/et\/wp-json\/wp\/v2\/media?parent=190813"}],"wp:term":[{"taxonomy":"product_brand","embeddable":true,"href":"https:\/\/glamuur.ee\/et\/wp-json\/wp\/v2\/product_brand?post=190813"},{"taxonomy":"product_cat","embeddable":true,"href":"https:\/\/glamuur.ee\/et\/wp-json\/wp\/v2\/product_cat?post=190813"},{"taxonomy":"product_tag","embeddable":true,"href":"https:\/\/glamuur.ee\/et\/wp-json\/wp\/v2\/product_tag?post=190813"},{"taxonomy":"giftcard-category","embeddable":true,"href":"https:\/\/glamuur.ee\/et\/wp-json\/wp\/v2\/giftcard-category?post=190813"}],"curies":[{"name":"wp","href":"https:\/\/api.w.org\/{rel}","templated":true}]}}