{"id":190799,"date":"2024-05-17T08:30:35","date_gmt":"2024-05-17T05:30:35","guid":{"rendered":"https:\/\/glamuur.ee\/product\/ti-sento-milano-earrings-7676mw\/"},"modified":"2026-03-09T11:05:24","modified_gmt":"2026-03-09T09:05:24","slug":"ti-sento-milano-korvarongad-7676mw","status":"publish","type":"product","link":"https:\/\/glamuur.ee\/et\/product\/ti-sento-milano-earrings-7676mw\/","title":{"rendered":"TI SENTO - Milano k\u00f5rvar\u00f5ngad"},"content":{"rendered":"<p>See klassikaline paar TI SENTO - Milano k\u00f5rvar\u00f5ngaid on vaevata glamuurne. Neis on valge lihvitud kristall, mis on lihvitud padjakujuliselt, asetatud k\u00fc\u00fcnisesse ja \u00e4\u00e4ristatud paveeritud briljantse lihviga tsirkooniatega. K\u00f5rvar\u00f5ngad on valmistatud roodiumiga kaetud h\u00f5bedast, mis peab vastu aja katsumusele, s\u00e4ilitades samal ajal oma s\u00e4ra. Kandke koos teiste kollektsiooni Mix &amp; Match kombinatsioonidega.<\/p>","protected":false},"excerpt":{"rendered":"<p>This classic pair of TI SENTO &#8211; Milano earrings are effortlessly glamorous. They feature a white faceted crystal cut in a pillow shape, inserted in a claw setting and bordered by pav\u00e9-set brilliantly-cut cubic zirconia. Crafted from rhodium plated sterling silver, the earrings with withstand&#8230;<\/p>","protected":false},"featured_media":190800,"comment_status":"open","ping_status":"closed","template":"","meta":{"jetpack_post_was_ever_published":false},"product_brand":[],"product_cat":[725,838,968,945,72,143],"product_tag":[],"giftcard-category":[],"class_list":{"0":"post-190799","1":"product","2":"type-product","3":"status-publish","4":"has-post-thumbnail","6":"product_cat-earrings","7":"product_cat-gift-ideas-for-graduates","8":"product_cat-mothers-day-2025-ti-sento","9":"product_cat-pearls","10":"product_cat-ti-sento-milano","11":"product_cat-ti-sento-milano-earrings","12":"pa_material-silver","13":"pa_metal-color-silver","14":"pa_product-brand-ti-sento-milano","15":"pa_stone-color-pearl","16":"pa_type-category-earrings","18":"first","19":"instock","20":"featured","21":"taxable","22":"shipping-taxable","23":"purchasable","24":"product-type-simple"},"bundled_by":[],"bundle_stock_status":"instock","bundle_stock_quantity":7,"bundle_virtual":false,"bundle_layout":"","bundle_add_to_cart_form_location":"","bundle_editable_in_cart":false,"bundle_sold_individually_context":"","bundle_item_grouping":"","bundle_min_size":"","bundle_max_size":"","bundle_price":[],"bundled_items":[],"bundle_sell_ids":[],"etheme_brands":{"errors":{"invalid_taxonomy":["Lubamatu taksonoomia."]},"error_data":[]},"_links":{"self":[{"href":"https:\/\/glamuur.ee\/et\/wp-json\/wp\/v2\/product\/190799","targetHints":{"allow":["GET"]}}],"collection":[{"href":"https:\/\/glamuur.ee\/et\/wp-json\/wp\/v2\/product"}],"about":[{"href":"https:\/\/glamuur.ee\/et\/wp-json\/wp\/v2\/types\/product"}],"replies":[{"embeddable":true,"href":"https:\/\/glamuur.ee\/et\/wp-json\/wp\/v2\/comments?post=190799"}],"wp:featuredmedia":[{"embeddable":true,"href":"https:\/\/glamuur.ee\/et\/wp-json\/wp\/v2\/media\/190800"}],"wp:attachment":[{"href":"https:\/\/glamuur.ee\/et\/wp-json\/wp\/v2\/media?parent=190799"}],"wp:term":[{"taxonomy":"product_brand","embeddable":true,"href":"https:\/\/glamuur.ee\/et\/wp-json\/wp\/v2\/product_brand?post=190799"},{"taxonomy":"product_cat","embeddable":true,"href":"https:\/\/glamuur.ee\/et\/wp-json\/wp\/v2\/product_cat?post=190799"},{"taxonomy":"product_tag","embeddable":true,"href":"https:\/\/glamuur.ee\/et\/wp-json\/wp\/v2\/product_tag?post=190799"},{"taxonomy":"giftcard-category","embeddable":true,"href":"https:\/\/glamuur.ee\/et\/wp-json\/wp\/v2\/giftcard-category?post=190799"}],"curies":[{"name":"wp","href":"https:\/\/api.w.org\/{rel}","templated":true}]}}