{"id":190795,"date":"2023-05-17T08:30:30","date_gmt":"2023-05-17T08:30:30","guid":{"rendered":"https:\/\/glamuur.ee\/product\/ti-sento-milano-necklace-3814oz\/"},"modified":"2026-04-10T13:05:04","modified_gmt":"2026-04-10T10:05:04","slug":"ti-sento-milano-kaelakee-3814oz","status":"publish","type":"product","link":"https:\/\/glamuur.ee\/et\/product\/ti-sento-milano-necklace-3814oz\/","title":{"rendered":"TI SENTO - Milano kaelakee"},"content":{"rendered":"<p>See klassikaline oon\u00fc\u00fcksist kaelakee TI SENTO - Milano kollektsioonist on loodud lihvitud mustadest oon\u00fc\u00fckshelmedest. Et lisada elegantset erilisust, on oma disainer lisanud pilkup\u00fc\u00fcdva keskosa \u00fche pav\u00e9-komplektiga kuubikulist tsirkooniumhelme kujul, mis on m\u00f5lemalt poolt eraldatud k\u00f5rgl\u00e4ikega h\u00f5bedast rihmaga. Sterlingh\u00f5bedast helmed on pika eluea tagamiseks, kaitsmiseks ja t\u00e4iendava s\u00e4ra andmiseks roodiumiga kaetud.<\/p>","protected":false},"excerpt":{"rendered":"<p>This classic onyx necklace from the TI SENTO &#8211; Milano collection is created from faceted black onyx beads. To add a touch of elegant distinction, the in-house designer has added an eye-catching centrepiece in the form of a single pav\u00e9 set cubic zirconia bead, separated&#8230;<\/p>","protected":false},"featured_media":190796,"comment_status":"open","ping_status":"closed","template":"","meta":{"jetpack_post_was_ever_published":false},"product_brand":[],"product_cat":[727,599,72,146],"product_tag":[],"giftcard-category":[],"class_list":{"0":"post-190795","1":"product","2":"type-product","3":"status-publish","4":"has-post-thumbnail","6":"product_cat-necklaces","7":"product_cat-sale","8":"product_cat-ti-sento-milano","9":"product_cat-ti-sento-milano-necklaces","10":"pa_material-silver","11":"pa_metal-color-silver","12":"pa_product-brand-ti-sento-milano","13":"pa_stone-color-black","14":"pa_type-category-necklaces","16":"first","17":"instock","18":"featured","19":"taxable","20":"shipping-taxable","21":"purchasable","22":"product-type-simple"},"bundled_by":[],"bundle_stock_status":"instock","bundle_stock_quantity":4,"bundle_virtual":false,"bundle_layout":"","bundle_add_to_cart_form_location":"","bundle_editable_in_cart":false,"bundle_sold_individually_context":"","bundle_item_grouping":"","bundle_min_size":"","bundle_max_size":"","bundle_price":[],"bundled_items":[],"bundle_sell_ids":[],"etheme_brands":{"errors":{"invalid_taxonomy":["Lubamatu taksonoomia."]},"error_data":[]},"_links":{"self":[{"href":"https:\/\/glamuur.ee\/et\/wp-json\/wp\/v2\/product\/190795","targetHints":{"allow":["GET"]}}],"collection":[{"href":"https:\/\/glamuur.ee\/et\/wp-json\/wp\/v2\/product"}],"about":[{"href":"https:\/\/glamuur.ee\/et\/wp-json\/wp\/v2\/types\/product"}],"replies":[{"embeddable":true,"href":"https:\/\/glamuur.ee\/et\/wp-json\/wp\/v2\/comments?post=190795"}],"wp:featuredmedia":[{"embeddable":true,"href":"https:\/\/glamuur.ee\/et\/wp-json\/wp\/v2\/media\/190796"}],"wp:attachment":[{"href":"https:\/\/glamuur.ee\/et\/wp-json\/wp\/v2\/media?parent=190795"}],"wp:term":[{"taxonomy":"product_brand","embeddable":true,"href":"https:\/\/glamuur.ee\/et\/wp-json\/wp\/v2\/product_brand?post=190795"},{"taxonomy":"product_cat","embeddable":true,"href":"https:\/\/glamuur.ee\/et\/wp-json\/wp\/v2\/product_cat?post=190795"},{"taxonomy":"product_tag","embeddable":true,"href":"https:\/\/glamuur.ee\/et\/wp-json\/wp\/v2\/product_tag?post=190795"},{"taxonomy":"giftcard-category","embeddable":true,"href":"https:\/\/glamuur.ee\/et\/wp-json\/wp\/v2\/giftcard-category?post=190795"}],"curies":[{"name":"wp","href":"https:\/\/api.w.org\/{rel}","templated":true}]}}