{"id":190764,"date":"2023-05-17T11:29:47","date_gmt":"2023-05-17T08:29:47","guid":{"rendered":"https:\/\/glamuur.ee\/product\/ti-sento-milano-bracelet-2880tq\/"},"modified":"2026-03-09T21:51:05","modified_gmt":"2026-03-09T19:51:05","slug":"ti-sento-milano-kaevoru-2880tq","status":"publish","type":"product","link":"https:\/\/glamuur.ee\/et\/product\/ti-sento-milano-bracelet-2880tq\/","title":{"rendered":"TI SENTO \u2013 Milano K\u00e4ekett"},"content":{"rendered":"<p>See k\u00e4ev\u00f5ru on t\u00e4iuslik s\u00fcmbol, mis s\u00fcmboliseerib t\u00e4iuslikku uhkeldamist. K\u00e4ev\u00f5ru paistab silma t\u00e4nu uhketele t\u00fcrkiisist kristallidele, mis annavad sellele v\u00e4rske v\u00e4limuse. Stiilne disain ja puhas h\u00f5be annavad tulemuseks stiilse k\u00e4ev\u00f5ru, mis on valmistatud kullassepa standardite j\u00e4rgi. Ikooniline k\u00e4ev\u00f5ru, mis annab teie v\u00e4limusele s\u00e4ra t\u00e4nu roodiumkihile, mis pakub t\u00e4iendavat kaitset ja pimestavat s\u00e4ra. Me armastame oma k\u00e4ed m\u00e4\u00e4rida, et sinu oma s\u00e4ra saaks.<\/p>","protected":false},"excerpt":{"rendered":"<h2>See k\u00e4ev\u00f5ru on suurus M ja sobib randmetele m\u00f5\u00f5tudega 15.6cm - 17.4cm.<\/h2>","protected":false},"featured_media":190765,"comment_status":"open","ping_status":"closed","template":"","meta":{"jetpack_post_was_ever_published":false},"product_brand":[],"product_cat":[726,599,980,964,72,147],"product_tag":[],"giftcard-category":[],"class_list":{"0":"post-190764","1":"product","2":"type-product","3":"status-publish","4":"has-post-thumbnail","6":"product_cat-bracelets","7":"product_cat-sale","8":"product_cat-ready-for-vacation","9":"product_cat-summer-sale-ti-sento","10":"product_cat-ti-sento-milano","11":"product_cat-ti-sento-milano-bracelets","12":"pa_material-silver","13":"pa_metal-color-silver","14":"pa_product-brand-ti-sento-milano","15":"pa_stone-color-turquoise","16":"pa_type-category-bracelets","18":"first","19":"instock","20":"featured","21":"taxable","22":"shipping-taxable","23":"purchasable","24":"product-type-simple"},"bundled_by":[],"bundle_stock_status":"instock","bundle_stock_quantity":1,"bundle_virtual":false,"bundle_layout":"","bundle_add_to_cart_form_location":"","bundle_editable_in_cart":false,"bundle_sold_individually_context":"","bundle_item_grouping":"","bundle_min_size":"","bundle_max_size":"","bundle_price":[],"bundled_items":[],"bundle_sell_ids":[],"etheme_brands":{"errors":{"invalid_taxonomy":["Lubamatu taksonoomia."]},"error_data":[]},"_links":{"self":[{"href":"https:\/\/glamuur.ee\/et\/wp-json\/wp\/v2\/product\/190764","targetHints":{"allow":["GET"]}}],"collection":[{"href":"https:\/\/glamuur.ee\/et\/wp-json\/wp\/v2\/product"}],"about":[{"href":"https:\/\/glamuur.ee\/et\/wp-json\/wp\/v2\/types\/product"}],"replies":[{"embeddable":true,"href":"https:\/\/glamuur.ee\/et\/wp-json\/wp\/v2\/comments?post=190764"}],"wp:featuredmedia":[{"embeddable":true,"href":"https:\/\/glamuur.ee\/et\/wp-json\/wp\/v2\/media\/190765"}],"wp:attachment":[{"href":"https:\/\/glamuur.ee\/et\/wp-json\/wp\/v2\/media?parent=190764"}],"wp:term":[{"taxonomy":"product_brand","embeddable":true,"href":"https:\/\/glamuur.ee\/et\/wp-json\/wp\/v2\/product_brand?post=190764"},{"taxonomy":"product_cat","embeddable":true,"href":"https:\/\/glamuur.ee\/et\/wp-json\/wp\/v2\/product_cat?post=190764"},{"taxonomy":"product_tag","embeddable":true,"href":"https:\/\/glamuur.ee\/et\/wp-json\/wp\/v2\/product_tag?post=190764"},{"taxonomy":"giftcard-category","embeddable":true,"href":"https:\/\/glamuur.ee\/et\/wp-json\/wp\/v2\/giftcard-category?post=190764"}],"curies":[{"name":"wp","href":"https:\/\/api.w.org\/{rel}","templated":true}]}}