{"id":190754,"date":"2023-05-17T08:29:42","date_gmt":"2023-05-17T08:29:42","guid":{"rendered":"https:\/\/glamuur.ee\/product\/ti-sento-milano-clipring-4023zi\/"},"modified":"2026-02-16T13:58:07","modified_gmt":"2026-02-16T11:58:07","slug":"ti-sento-milano-clipring-4023zi","status":"publish","type":"product","link":"https:\/\/glamuur.ee\/et\/product\/ti-sento-milano-clipring-4023zi\/","title":{"rendered":"TI SENTO - Milano Clipring"},"content":{"rendered":"<p>See ilus ripatsir\u00f5ngas on p\u00e4rit TI SENTO - Milano ehtekollektsioonist ja sobib ideaalselt kandmiseks \u00fcksi koos lihtsa ketiga v\u00f5i koos teiste kollektsiooni kuuluvate kaelakeede ja ripatsitega. Seda saab n\u00e4iteks kanda klambrina koos TI SENTO Mix &amp; Match ehetekontseptsiooni kuuluvate kaelakeedega. M\u00e4rgise andeka meeskonna poolt disainitud klambers\u00f5rmus on valmistatud kvaliteetsest roodiumiga kaetud sterlingh\u00f5bedast, mis annab sellele pika eluea ja atraktiivse l\u00e4ike. R\u00f5ngas on k\u00e4sitsi paigaldatud briljantse lihviga tsirkooniatega, mis on vaheldumisi h\u00f5bepunktidega.<\/p>","protected":false},"excerpt":{"rendered":"<p>This beautiful clip ring pendant design is from the TI SENTO &#8211; Milano range of jewellery and is ideal for wearing on its own with a simple chain or for styling with other necklaces and pendants in the collection. It can, for example, be worn&#8230;<\/p>","protected":false},"featured_media":190755,"comment_status":"open","ping_status":"closed","template":"","meta":{"jetpack_post_was_ever_published":false},"product_brand":[],"product_cat":[793,727,599,72],"product_tag":[],"giftcard-category":[],"class_list":{"0":"post-190754","1":"product","2":"type-product","3":"status-publish","4":"has-post-thumbnail","6":"product_cat-gift-ideas-up-to-50e","7":"product_cat-necklaces","8":"product_cat-sale","9":"product_cat-ti-sento-milano","10":"pa_material-silver","11":"pa_metal-color-silver","12":"pa_product-brand-ti-sento-milano","13":"pa_stone-color-white","14":"pa_type-category-connectors","16":"first","17":"instock","18":"featured","19":"taxable","20":"shipping-taxable","21":"purchasable","22":"product-type-simple"},"bundled_by":[],"bundle_stock_status":"instock","bundle_stock_quantity":22,"bundle_virtual":false,"bundle_layout":"","bundle_add_to_cart_form_location":"","bundle_editable_in_cart":false,"bundle_sold_individually_context":"","bundle_item_grouping":"","bundle_min_size":"","bundle_max_size":"","bundle_price":[],"bundled_items":[],"bundle_sell_ids":[],"etheme_brands":{"errors":{"invalid_taxonomy":["Lubamatu taksonoomia."]},"error_data":[]},"_links":{"self":[{"href":"https:\/\/glamuur.ee\/et\/wp-json\/wp\/v2\/product\/190754","targetHints":{"allow":["GET"]}}],"collection":[{"href":"https:\/\/glamuur.ee\/et\/wp-json\/wp\/v2\/product"}],"about":[{"href":"https:\/\/glamuur.ee\/et\/wp-json\/wp\/v2\/types\/product"}],"replies":[{"embeddable":true,"href":"https:\/\/glamuur.ee\/et\/wp-json\/wp\/v2\/comments?post=190754"}],"wp:featuredmedia":[{"embeddable":true,"href":"https:\/\/glamuur.ee\/et\/wp-json\/wp\/v2\/media\/190755"}],"wp:attachment":[{"href":"https:\/\/glamuur.ee\/et\/wp-json\/wp\/v2\/media?parent=190754"}],"wp:term":[{"taxonomy":"product_brand","embeddable":true,"href":"https:\/\/glamuur.ee\/et\/wp-json\/wp\/v2\/product_brand?post=190754"},{"taxonomy":"product_cat","embeddable":true,"href":"https:\/\/glamuur.ee\/et\/wp-json\/wp\/v2\/product_cat?post=190754"},{"taxonomy":"product_tag","embeddable":true,"href":"https:\/\/glamuur.ee\/et\/wp-json\/wp\/v2\/product_tag?post=190754"},{"taxonomy":"giftcard-category","embeddable":true,"href":"https:\/\/glamuur.ee\/et\/wp-json\/wp\/v2\/giftcard-category?post=190754"}],"curies":[{"name":"wp","href":"https:\/\/api.w.org\/{rel}","templated":true}]}}