{"id":190730,"date":"2023-05-17T08:29:17","date_gmt":"2023-05-17T08:29:17","guid":{"rendered":"https:\/\/glamuur.ee\/product\/ti-sento-milano-earrings-7753ag\/"},"modified":"2026-04-30T19:22:34","modified_gmt":"2026-04-30T16:22:34","slug":"ti-sento-milano-korvarongad-7753ag","status":"publish","type":"product","link":"https:\/\/glamuur.ee\/et\/product\/ti-sento-milano-earrings-7753ag\/","title":{"rendered":"TI SENTO - Milano k\u00f5rvar\u00f5ngad"},"content":{"rendered":"<p>Need TI SENTO - Milano k\u00f5rvar\u00f5ngad on s\u00e4titud suviste akva roheliste kristallidega. Kristallid on cabochon (sileda) lihviga, mis toob pastelsed v\u00e4rvid v\u00e4ga h\u00e4sti esile. TI SENTO disainerid p\u00f6\u00f6ravad t\u00e4helepanu k\u00f5igile detailidele. Seet\u00f5ttu on iga k\u00f5rvar\u00f5nga neli pringi kaetud v\u00e4ikeste tsirkooniatega ja k\u00f5rvar\u00f5nga tagak\u00fcljele on graveeritud TI SENTO monogramm. K\u00f5rvar\u00f5ngad on valmistatud roodiumiga kaetud h\u00f5bedast. Roodiumkihi tagab ehtepildi kauakestva s\u00e4ra ja kaitse.<\/p>","protected":false},"excerpt":{"rendered":"<p>These TI SENTO \u2013 Milano ear pendants are set with summery aqua green crystals. The crystal are cabochon (smooth) cut, which brings out the pastel colour really well. The TI SENTO designers give attention to all details. That is why the four prongs on each&#8230;<\/p>","protected":false},"featured_media":190731,"comment_status":"open","ping_status":"closed","template":"","meta":{"jetpack_post_was_ever_published":false},"product_brand":[],"product_cat":[725,599,72,143],"product_tag":[],"giftcard-category":[],"class_list":{"0":"post-190730","1":"product","2":"type-product","3":"status-publish","4":"has-post-thumbnail","6":"product_cat-earrings","7":"product_cat-sale","8":"product_cat-ti-sento-milano","9":"product_cat-ti-sento-milano-earrings","10":"pa_material-silver","11":"pa_metal-color-silver","12":"pa_product-brand-ti-sento-milano","13":"pa_stone-color-blue","14":"pa_type-category-earrings","16":"first","17":"instock","18":"sale","19":"featured","20":"taxable","21":"shipping-taxable","22":"purchasable","23":"product-type-simple"},"bundled_by":[],"bundle_stock_status":"instock","bundle_stock_quantity":33,"bundle_virtual":false,"bundle_layout":"","bundle_add_to_cart_form_location":"","bundle_editable_in_cart":false,"bundle_sold_individually_context":"","bundle_item_grouping":"","bundle_min_size":"","bundle_max_size":"","bundle_price":[],"bundled_items":[],"bundle_sell_ids":[],"etheme_brands":{"errors":{"invalid_taxonomy":["Lubamatu taksonoomia."]},"error_data":[]},"_links":{"self":[{"href":"https:\/\/glamuur.ee\/et\/wp-json\/wp\/v2\/product\/190730","targetHints":{"allow":["GET"]}}],"collection":[{"href":"https:\/\/glamuur.ee\/et\/wp-json\/wp\/v2\/product"}],"about":[{"href":"https:\/\/glamuur.ee\/et\/wp-json\/wp\/v2\/types\/product"}],"replies":[{"embeddable":true,"href":"https:\/\/glamuur.ee\/et\/wp-json\/wp\/v2\/comments?post=190730"}],"wp:featuredmedia":[{"embeddable":true,"href":"https:\/\/glamuur.ee\/et\/wp-json\/wp\/v2\/media\/190731"}],"wp:attachment":[{"href":"https:\/\/glamuur.ee\/et\/wp-json\/wp\/v2\/media?parent=190730"}],"wp:term":[{"taxonomy":"product_brand","embeddable":true,"href":"https:\/\/glamuur.ee\/et\/wp-json\/wp\/v2\/product_brand?post=190730"},{"taxonomy":"product_cat","embeddable":true,"href":"https:\/\/glamuur.ee\/et\/wp-json\/wp\/v2\/product_cat?post=190730"},{"taxonomy":"product_tag","embeddable":true,"href":"https:\/\/glamuur.ee\/et\/wp-json\/wp\/v2\/product_tag?post=190730"},{"taxonomy":"giftcard-category","embeddable":true,"href":"https:\/\/glamuur.ee\/et\/wp-json\/wp\/v2\/giftcard-category?post=190730"}],"curies":[{"name":"wp","href":"https:\/\/api.w.org\/{rel}","templated":true}]}}