{"id":19073,"date":"2024-09-26T18:06:50","date_gmt":"2024-09-26T15:06:50","guid":{"rendered":"https:\/\/dev.glamuur.ee\/product\/ti-sento-milano-ring-12020zi\/"},"modified":"2026-03-09T11:11:06","modified_gmt":"2026-03-09T09:11:06","slug":"ti-sento-milano-ring-12020zi","status":"publish","type":"product","link":"https:\/\/glamuur.ee\/et\/product\/ti-sento-milano-ring-12020zi\/","title":{"rendered":"TI SENTO \u2013 Milano S\u00f5rmus"},"content":{"rendered":"<p>See TI SENTO - Milano s\u00f5rmus on ainulaadne ja kaunis looming, millel on kaks p\u00f5imitud rihma ja millel on rafineeritud v\u00e4limus. S\u00f5rmus on valmistatud k\u00f5rgl\u00e4ikivast ja vastupidavast, roodiumiga kaetud sterlingh\u00f5bedast ning m\u00f5lemad p\u00f5imitud r\u00f5ngad on t\u00e4iesti erinevad. \u00dchel s\u00f5rmusel on kahekordne rida v\u00e4ikseid, lihvitud kerasid, mida r\u00f5hutab must oks\u00fcdeerimine. Teine s\u00f5rmus on t\u00e4is briljantse lihviga kuubikujulisi tsirkoone, mis on k\u00e4sitsi asetatud.<\/p>","protected":false},"excerpt":{"rendered":"<p>This TI SENTO &#8211; Milano ring is a unique and beautiful creation featuring two entwined bands and has a sophisticated appearance. The ring is made from high shine and durable, rhodium-plated sterling silver, and each of the intertwined rings is totally different. One ring features&#8230;<\/p>","protected":false},"featured_media":19074,"comment_status":"open","ping_status":"closed","template":"","meta":{"jetpack_post_was_ever_published":false},"product_brand":[],"product_cat":[794,979,730,939,964,72,145,976],"product_tag":[],"giftcard-category":[],"class_list":{"0":"post-19073","1":"product","2":"type-product","3":"status-publish","4":"has-post-thumbnail","6":"product_cat-gift-ideas-up-to-100e","7":"product_cat-graduation-2025","8":"product_cat-rings","9":"product_cat-ti-sento-sale-europe","10":"product_cat-summer-sale-ti-sento","11":"product_cat-ti-sento-milano","12":"product_cat-ti-sento-milano-rings","13":"product_cat-wedding-season","14":"pa_material-silver","15":"pa_metal-color-silver","16":"pa_product-brand-ti-sento-milano","17":"pa_size-48-1550","18":"pa_size-50-1600","19":"pa_size-52-1650","20":"pa_size-54-1725","21":"pa_size-56-1775","22":"pa_size-58-1850","23":"pa_size-60-1900","24":"pa_size-62-1950","25":"pa_stone-color-white","26":"pa_type-category-rings","28":"first","29":"instock","30":"featured","31":"taxable","32":"shipping-taxable","33":"purchasable","34":"product-type-variable"},"bundled_by":[],"bundle_stock_status":"instock","bundle_stock_quantity":null,"bundle_virtual":false,"bundle_layout":"","bundle_add_to_cart_form_location":"","bundle_editable_in_cart":false,"bundle_sold_individually_context":"","bundle_item_grouping":"","bundle_min_size":"","bundle_max_size":"","bundle_price":[],"bundled_items":[],"bundle_sell_ids":[],"etheme_brands":{"errors":{"invalid_taxonomy":["Lubamatu taksonoomia."]},"error_data":[]},"_links":{"self":[{"href":"https:\/\/glamuur.ee\/et\/wp-json\/wp\/v2\/product\/19073","targetHints":{"allow":["GET"]}}],"collection":[{"href":"https:\/\/glamuur.ee\/et\/wp-json\/wp\/v2\/product"}],"about":[{"href":"https:\/\/glamuur.ee\/et\/wp-json\/wp\/v2\/types\/product"}],"replies":[{"embeddable":true,"href":"https:\/\/glamuur.ee\/et\/wp-json\/wp\/v2\/comments?post=19073"}],"wp:featuredmedia":[{"embeddable":true,"href":"https:\/\/glamuur.ee\/et\/wp-json\/wp\/v2\/media\/19074"}],"wp:attachment":[{"href":"https:\/\/glamuur.ee\/et\/wp-json\/wp\/v2\/media?parent=19073"}],"wp:term":[{"taxonomy":"product_brand","embeddable":true,"href":"https:\/\/glamuur.ee\/et\/wp-json\/wp\/v2\/product_brand?post=19073"},{"taxonomy":"product_cat","embeddable":true,"href":"https:\/\/glamuur.ee\/et\/wp-json\/wp\/v2\/product_cat?post=19073"},{"taxonomy":"product_tag","embeddable":true,"href":"https:\/\/glamuur.ee\/et\/wp-json\/wp\/v2\/product_tag?post=19073"},{"taxonomy":"giftcard-category","embeddable":true,"href":"https:\/\/glamuur.ee\/et\/wp-json\/wp\/v2\/giftcard-category?post=19073"}],"curies":[{"name":"wp","href":"https:\/\/api.w.org\/{rel}","templated":true}]}}