{"id":190723,"date":"2023-05-17T08:29:08","date_gmt":"2023-05-17T08:29:08","guid":{"rendered":"https:\/\/glamuur.ee\/product\/ti-sento-milano-earrings-7753mw\/"},"modified":"2026-04-10T19:20:03","modified_gmt":"2026-04-10T16:20:03","slug":"ti-sento-milano-korvarongad-7753mw","status":"publish","type":"product","link":"https:\/\/glamuur.ee\/et\/product\/ti-sento-milano-earrings-7753mw\/","title":{"rendered":"TI SENTO - Milano k\u00f5rvar\u00f5ngad"},"content":{"rendered":"<p>Need TI SENTO - Milano k\u00f5rvar\u00f5ngad on \u00fcmbritsetud piimvalgetest kristallidest. Kristallid on cabochon (sileda) lihviga, mis toob pastelsed v\u00e4rvid v\u00e4ga h\u00e4sti esile. TI SENTO disainerid on p\u00f6\u00f6ranud t\u00e4helepanu k\u00f5igile detailidele. Seet\u00f5ttu on iga k\u00f5rvar\u00f5nga neli pringi kaetud v\u00e4ikeste tsirkooniatega ja k\u00f5rvar\u00f5nga tagak\u00fcljele on graveeritud TI SENTO monogramm. K\u00f5rvar\u00f5ngad on valmistatud roodiumiga kaetud h\u00f5bedast. Roodiumkihi tagab ehtepildi kauakestva s\u00e4ra ja kaitse.<\/p>","protected":false},"excerpt":{"rendered":"<p>These TI SENTO \u2013 Milano ear pendants are set with Milky White crystals. The crystal are cabochon (smooth) cut, which brings out the pastel colour very well. The TI SENTO designers spend their attention on all details. That is why the four prongs on each&#8230;<\/p>","protected":false},"featured_media":190724,"comment_status":"open","ping_status":"closed","template":"","meta":{"jetpack_post_was_ever_published":false},"product_brand":[],"product_cat":[725,968,945,72,143],"product_tag":[],"giftcard-category":[],"class_list":{"0":"post-190723","1":"product","2":"type-product","3":"status-publish","4":"has-post-thumbnail","6":"product_cat-earrings","7":"product_cat-mothers-day-2025-ti-sento","8":"product_cat-pearls","9":"product_cat-ti-sento-milano","10":"product_cat-ti-sento-milano-earrings","11":"pa_material-silver","12":"pa_metal-color-rose-gold","13":"pa_product-brand-ti-sento-milano","14":"pa_stone-color-pearl","15":"pa_type-category-earrings","17":"first","18":"instock","19":"featured","20":"taxable","21":"shipping-taxable","22":"purchasable","23":"product-type-simple"},"bundled_by":[],"bundle_stock_status":"instock","bundle_stock_quantity":38,"bundle_virtual":false,"bundle_layout":"","bundle_add_to_cart_form_location":"","bundle_editable_in_cart":false,"bundle_sold_individually_context":"","bundle_item_grouping":"","bundle_min_size":"","bundle_max_size":"","bundle_price":[],"bundled_items":[],"bundle_sell_ids":[],"etheme_brands":{"errors":{"invalid_taxonomy":["Lubamatu taksonoomia."]},"error_data":[]},"_links":{"self":[{"href":"https:\/\/glamuur.ee\/et\/wp-json\/wp\/v2\/product\/190723","targetHints":{"allow":["GET"]}}],"collection":[{"href":"https:\/\/glamuur.ee\/et\/wp-json\/wp\/v2\/product"}],"about":[{"href":"https:\/\/glamuur.ee\/et\/wp-json\/wp\/v2\/types\/product"}],"replies":[{"embeddable":true,"href":"https:\/\/glamuur.ee\/et\/wp-json\/wp\/v2\/comments?post=190723"}],"wp:featuredmedia":[{"embeddable":true,"href":"https:\/\/glamuur.ee\/et\/wp-json\/wp\/v2\/media\/190724"}],"wp:attachment":[{"href":"https:\/\/glamuur.ee\/et\/wp-json\/wp\/v2\/media?parent=190723"}],"wp:term":[{"taxonomy":"product_brand","embeddable":true,"href":"https:\/\/glamuur.ee\/et\/wp-json\/wp\/v2\/product_brand?post=190723"},{"taxonomy":"product_cat","embeddable":true,"href":"https:\/\/glamuur.ee\/et\/wp-json\/wp\/v2\/product_cat?post=190723"},{"taxonomy":"product_tag","embeddable":true,"href":"https:\/\/glamuur.ee\/et\/wp-json\/wp\/v2\/product_tag?post=190723"},{"taxonomy":"giftcard-category","embeddable":true,"href":"https:\/\/glamuur.ee\/et\/wp-json\/wp\/v2\/giftcard-category?post=190723"}],"curies":[{"name":"wp","href":"https:\/\/api.w.org\/{rel}","templated":true}]}}