{"id":19060,"date":"2024-09-26T18:31:34","date_gmt":"2024-09-26T15:31:34","guid":{"rendered":"https:\/\/dev.glamuur.ee\/product\/ti-sento-milano-ring-12067zi\/"},"modified":"2026-02-16T13:14:06","modified_gmt":"2026-02-16T11:14:06","slug":"ti-sento-milano-ring-12067zi","status":"publish","type":"product","link":"https:\/\/glamuur.ee\/et\/product\/ti-sento-milano-ring-12067zi\/","title":{"rendered":"TI SENTO \u2013 Milano S\u00f5rmus"},"content":{"rendered":"<p>See ilus TI SENTO - Milano s\u00f5rmus on valmistatud roodiumiga kaetud h\u00f5bedast. Roodium annab sellele ehtele t\u00e4iendava l\u00e4ike ja suurema vastupidavuse. S\u00f5rmus on valmistatud mitmest h\u00f5bedast ja briljantsetest tsirkooniumidest koosnevast ribast. S\u00f5rmuse sisemine osa on tekstuurne ja koos kattuvate rihmadega muudab see s\u00f5rmuse v\u00e4ga mugavaks kandmiseks.<\/p>","protected":false},"excerpt":{"rendered":"<p>This beautiful TI SENTO &#8211; Milano ring is made of rhodium-plated sterling silver. The rhodium provides this item of jewellery with extra sheen and greater durability. The ring is made of several bands of silver and brilliant zirconias. The inside of the ring is textured&#8230;<\/p>","protected":false},"featured_media":19061,"comment_status":"open","ping_status":"closed","template":"","meta":{"jetpack_post_was_ever_published":false},"product_brand":[],"product_cat":[979,730,939,964,811,72,145],"product_tag":[],"giftcard-category":[],"class_list":{"0":"post-19060","1":"product","2":"type-product","3":"status-publish","4":"has-post-thumbnail","6":"product_cat-graduation-2025","7":"product_cat-rings","8":"product_cat-ti-sento-sale-europe","9":"product_cat-summer-sale-ti-sento","10":"product_cat-the-statement-seeker","11":"product_cat-ti-sento-milano","12":"product_cat-ti-sento-milano-rings","13":"pa_material-silver","14":"pa_metal-color-silver","15":"pa_product-brand-ti-sento-milano","16":"pa_size-48-1550","17":"pa_size-50-1600","18":"pa_size-52-1650","19":"pa_size-54-1725","20":"pa_size-56-1775","21":"pa_size-58-1850","22":"pa_size-60-1900","23":"pa_size-62-1950","24":"pa_stone-color-white","25":"pa_type-category-rings","27":"first","28":"instock","29":"featured","30":"taxable","31":"shipping-taxable","32":"purchasable","33":"product-type-variable"},"bundled_by":[],"bundle_stock_status":"instock","bundle_stock_quantity":null,"bundle_virtual":false,"bundle_layout":"","bundle_add_to_cart_form_location":"","bundle_editable_in_cart":false,"bundle_sold_individually_context":"","bundle_item_grouping":"","bundle_min_size":"","bundle_max_size":"","bundle_price":[],"bundled_items":[],"bundle_sell_ids":[],"etheme_brands":{"errors":{"invalid_taxonomy":["Lubamatu taksonoomia."]},"error_data":[]},"_links":{"self":[{"href":"https:\/\/glamuur.ee\/et\/wp-json\/wp\/v2\/product\/19060","targetHints":{"allow":["GET"]}}],"collection":[{"href":"https:\/\/glamuur.ee\/et\/wp-json\/wp\/v2\/product"}],"about":[{"href":"https:\/\/glamuur.ee\/et\/wp-json\/wp\/v2\/types\/product"}],"replies":[{"embeddable":true,"href":"https:\/\/glamuur.ee\/et\/wp-json\/wp\/v2\/comments?post=19060"}],"wp:featuredmedia":[{"embeddable":true,"href":"https:\/\/glamuur.ee\/et\/wp-json\/wp\/v2\/media\/19061"}],"wp:attachment":[{"href":"https:\/\/glamuur.ee\/et\/wp-json\/wp\/v2\/media?parent=19060"}],"wp:term":[{"taxonomy":"product_brand","embeddable":true,"href":"https:\/\/glamuur.ee\/et\/wp-json\/wp\/v2\/product_brand?post=19060"},{"taxonomy":"product_cat","embeddable":true,"href":"https:\/\/glamuur.ee\/et\/wp-json\/wp\/v2\/product_cat?post=19060"},{"taxonomy":"product_tag","embeddable":true,"href":"https:\/\/glamuur.ee\/et\/wp-json\/wp\/v2\/product_tag?post=19060"},{"taxonomy":"giftcard-category","embeddable":true,"href":"https:\/\/glamuur.ee\/et\/wp-json\/wp\/v2\/giftcard-category?post=19060"}],"curies":[{"name":"wp","href":"https:\/\/api.w.org\/{rel}","templated":true}]}}