{"id":190512,"date":"2024-01-01T11:58:13","date_gmt":"2024-01-01T09:58:13","guid":{"rendered":"https:\/\/glamuur.ee\/product\/ti-sento-milano-ear-charms-9208db\/"},"modified":"2026-02-16T14:12:58","modified_gmt":"2026-02-16T12:12:58","slug":"ti-sento-milano-korva-volusid-9208db","status":"publish","type":"product","link":"https:\/\/glamuur.ee\/et\/product\/ti-sento-milano-ear-charms-9208db\/","title":{"rendered":"TI SENTO - Milano k\u00f5rvam\u00e4rgid"},"content":{"rendered":"<p>Need TI SENTO - Milano h\u00f5bedast k\u00f5rvaarmid 9280DB on s\u00fcgavsiniste lihvitud kividega, millel on m\u00e4nguline, kuid samas stiilne v\u00e4limus. Neis kaunitarides eksisteerivad rahulikkus ja energia. Sega ja sobita neid, et anda oma k\u00f5rvadele v\u00e4\u00e4riline v\u00e4limus.<\/p>","protected":false},"excerpt":{"rendered":"<p>Need TI SENTO - Milano h\u00f5bedast k\u00f5rvaarmid 9280DB on s\u00fcgavsiniste lihvitud kividega, millel on m\u00e4nguline, kuid samas stiilne v\u00e4limus. Neis kaunitarides eksisteerivad rahulikkus ja energia. Sega ja sobita neid, et anda oma k\u00f5rvadele v\u00e4\u00e4riline v\u00e4limus.<\/p>","protected":false},"featured_media":190513,"comment_status":"open","ping_status":"closed","template":"","meta":{"jetpack_post_was_ever_published":false},"product_brand":[],"product_cat":[728,793,72,144],"product_tag":[],"giftcard-category":[],"class_list":{"0":"post-190512","1":"product","2":"type-product","3":"status-publish","4":"has-post-thumbnail","6":"product_cat-ear-charms","7":"product_cat-gift-ideas-up-to-50e","8":"product_cat-ti-sento-milano","9":"product_cat-ti-sento-milano-ear-charms","10":"pa_material-silver","11":"pa_metal-color-silver","12":"pa_product-brand-ti-sento-milano","13":"pa_stone-color-blue","14":"pa_type-category-ear-charms","16":"first","17":"instock","18":"featured","19":"taxable","20":"shipping-taxable","21":"purchasable","22":"product-type-simple"},"bundled_by":[],"bundle_stock_status":"instock","bundle_stock_quantity":50,"bundle_virtual":false,"bundle_layout":"","bundle_add_to_cart_form_location":"","bundle_editable_in_cart":false,"bundle_sold_individually_context":"","bundle_item_grouping":"","bundle_min_size":"","bundle_max_size":"","bundle_price":[],"bundled_items":[],"bundle_sell_ids":[],"etheme_brands":{"errors":{"invalid_taxonomy":["Lubamatu taksonoomia."]},"error_data":[]},"_links":{"self":[{"href":"https:\/\/glamuur.ee\/et\/wp-json\/wp\/v2\/product\/190512","targetHints":{"allow":["GET"]}}],"collection":[{"href":"https:\/\/glamuur.ee\/et\/wp-json\/wp\/v2\/product"}],"about":[{"href":"https:\/\/glamuur.ee\/et\/wp-json\/wp\/v2\/types\/product"}],"replies":[{"embeddable":true,"href":"https:\/\/glamuur.ee\/et\/wp-json\/wp\/v2\/comments?post=190512"}],"wp:featuredmedia":[{"embeddable":true,"href":"https:\/\/glamuur.ee\/et\/wp-json\/wp\/v2\/media\/190513"}],"wp:attachment":[{"href":"https:\/\/glamuur.ee\/et\/wp-json\/wp\/v2\/media?parent=190512"}],"wp:term":[{"taxonomy":"product_brand","embeddable":true,"href":"https:\/\/glamuur.ee\/et\/wp-json\/wp\/v2\/product_brand?post=190512"},{"taxonomy":"product_cat","embeddable":true,"href":"https:\/\/glamuur.ee\/et\/wp-json\/wp\/v2\/product_cat?post=190512"},{"taxonomy":"product_tag","embeddable":true,"href":"https:\/\/glamuur.ee\/et\/wp-json\/wp\/v2\/product_tag?post=190512"},{"taxonomy":"giftcard-category","embeddable":true,"href":"https:\/\/glamuur.ee\/et\/wp-json\/wp\/v2\/giftcard-category?post=190512"}],"curies":[{"name":"wp","href":"https:\/\/api.w.org\/{rel}","templated":true}]}}