{"id":190411,"date":"2024-01-01T11:58:13","date_gmt":"2024-01-01T09:58:13","guid":{"rendered":"https:\/\/glamuur.ee\/product\/ti-sento-milano-ear-charms-9206ty\/"},"modified":"2026-02-16T14:12:56","modified_gmt":"2026-02-16T12:12:56","slug":"ti-sento-milano-korva-volusid-9206ty","status":"publish","type":"product","link":"https:\/\/glamuur.ee\/et\/product\/ti-sento-milano-ear-charms-9206ty\/","title":{"rendered":"TI SENTO - Milano k\u00f5rvam\u00e4rgid"},"content":{"rendered":"<p>Need TI SENTO - Milano h\u00f5bedast k\u00f5rvar\u00f5ngad 9206TY, millel on fassettidega kollased kivid ja paveeritud valged tsirkooniumid, on uimastavad. Nende amulettide kuju, mida \u00fcmbritseb kollane kullatud pinnakate, viib need k\u00f5rvar\u00f5ngad uuele tasemele. Kombineerige neid teistega v\u00f5i kandke neid eraldi.<\/p>\n<p>K\u00f5ik TI SENTO - Milano ehted on kingituseks pakitud l\u00f5pmatu armastuse ja hoolega.<\/p>","protected":false},"excerpt":{"rendered":"<p>These TI SENTO &#8211; Milano silver ear charms 9206TY\u00a0with their facetted yellow stones and pav\u00e9 white zirconia&#8217;s are stunning. Their amulet shape surrounded by yellow-gold plating takes these ear charms to a new level of class. Mix and Match them with others or wear them&#8230;<\/p>","protected":false},"featured_media":190412,"comment_status":"open","ping_status":"closed","template":"","meta":{"jetpack_post_was_ever_published":false},"product_brand":[],"product_cat":[728,980,964,72,144],"product_tag":[],"giftcard-category":[],"class_list":{"0":"post-190411","1":"product","2":"type-product","3":"status-publish","4":"has-post-thumbnail","6":"product_cat-ear-charms","7":"product_cat-ready-for-vacation","8":"product_cat-summer-sale-ti-sento","9":"product_cat-ti-sento-milano","10":"product_cat-ti-sento-milano-ear-charms","11":"pa_material-silver","12":"pa_metal-color-yellow-gold","13":"pa_product-brand-ti-sento-milano","14":"pa_stone-color-yellow","15":"pa_type-category-ear-charms","17":"first","18":"instock","19":"sale","20":"featured","21":"taxable","22":"shipping-taxable","23":"purchasable","24":"product-type-simple"},"bundled_by":["260474"],"bundle_stock_status":"instock","bundle_stock_quantity":14,"bundle_virtual":false,"bundle_layout":"","bundle_add_to_cart_form_location":"","bundle_editable_in_cart":false,"bundle_sold_individually_context":"","bundle_item_grouping":"","bundle_min_size":"","bundle_max_size":"","bundle_price":[],"bundled_items":[],"bundle_sell_ids":[],"etheme_brands":{"errors":{"invalid_taxonomy":["Lubamatu taksonoomia."]},"error_data":[]},"_links":{"self":[{"href":"https:\/\/glamuur.ee\/et\/wp-json\/wp\/v2\/product\/190411","targetHints":{"allow":["GET"]}}],"collection":[{"href":"https:\/\/glamuur.ee\/et\/wp-json\/wp\/v2\/product"}],"about":[{"href":"https:\/\/glamuur.ee\/et\/wp-json\/wp\/v2\/types\/product"}],"replies":[{"embeddable":true,"href":"https:\/\/glamuur.ee\/et\/wp-json\/wp\/v2\/comments?post=190411"}],"wp:featuredmedia":[{"embeddable":true,"href":"https:\/\/glamuur.ee\/et\/wp-json\/wp\/v2\/media\/190412"}],"wp:attachment":[{"href":"https:\/\/glamuur.ee\/et\/wp-json\/wp\/v2\/media?parent=190411"}],"wp:term":[{"taxonomy":"product_brand","embeddable":true,"href":"https:\/\/glamuur.ee\/et\/wp-json\/wp\/v2\/product_brand?post=190411"},{"taxonomy":"product_cat","embeddable":true,"href":"https:\/\/glamuur.ee\/et\/wp-json\/wp\/v2\/product_cat?post=190411"},{"taxonomy":"product_tag","embeddable":true,"href":"https:\/\/glamuur.ee\/et\/wp-json\/wp\/v2\/product_tag?post=190411"},{"taxonomy":"giftcard-category","embeddable":true,"href":"https:\/\/glamuur.ee\/et\/wp-json\/wp\/v2\/giftcard-category?post=190411"}],"curies":[{"name":"wp","href":"https:\/\/api.w.org\/{rel}","templated":true}]}}