{"id":190315,"date":"2024-01-01T11:58:13","date_gmt":"2024-01-01T09:58:13","guid":{"rendered":"https:\/\/glamuur.ee\/product\/ti-sento-milano-ear-charms-9191db\/"},"modified":"2026-04-20T16:50:11","modified_gmt":"2026-04-20T13:50:11","slug":"ti-sento-milano-korva-volusid-9191db","status":"publish","type":"product","link":"https:\/\/glamuur.ee\/et\/product\/ti-sento-milano-ear-charms-9191db\/","title":{"rendered":"TI SENTO - Milano k\u00f5rvam\u00e4rgid"},"content":{"rendered":"<p>Need TI SENTO - Milano ikoonilised h\u00f5bedased k\u00f5rvaalused 9191DB, millel on sileda l\u00f5ikega tumesinised kivid, annavad teie k\u00f5rvadele v\u00e4\u00e4rika v\u00e4limuse. Neis kaunitarides eksisteerivad rahulikkus ja energia. Kombineeri neid teistega v\u00f5i kanna neid eraldi. K\u00f5ik TI SENTO - Milano ehted on kingituseks pakitud l\u00f5pmatu armastuse ja hoolega.<\/p>","protected":false},"excerpt":{"rendered":"<p>These TI SENTO &#8211; Milano\u00a0iconic silver ear charms 9191DB\u00a0with their smoothly cut dark blue stones will give your ears a look they deserve. Stillness and energy co-exist in these beauties. Mix and Match them with others or wear them on their own. All TI SENTO&#8230;<\/p>","protected":false},"featured_media":190316,"comment_status":"open","ping_status":"closed","template":"","meta":{"jetpack_post_was_ever_published":false},"product_brand":[],"product_cat":[728,72,144],"product_tag":[],"giftcard-category":[],"class_list":{"0":"post-190315","1":"product","2":"type-product","3":"status-publish","4":"has-post-thumbnail","6":"product_cat-ear-charms","7":"product_cat-ti-sento-milano","8":"product_cat-ti-sento-milano-ear-charms","9":"pa_material-silver","10":"pa_metal-color-silver","11":"pa_product-brand-ti-sento-milano","12":"pa_stone-color-blue","13":"pa_type-category-ear-charms","15":"first","16":"instock","17":"featured","18":"taxable","19":"shipping-taxable","20":"purchasable","21":"product-type-simple"},"bundled_by":["292661"],"bundle_stock_status":"instock","bundle_stock_quantity":31,"bundle_virtual":false,"bundle_layout":"","bundle_add_to_cart_form_location":"","bundle_editable_in_cart":false,"bundle_sold_individually_context":"","bundle_item_grouping":"","bundle_min_size":"","bundle_max_size":"","bundle_price":[],"bundled_items":[],"bundle_sell_ids":[],"etheme_brands":{"errors":{"invalid_taxonomy":["Lubamatu taksonoomia."]},"error_data":[]},"_links":{"self":[{"href":"https:\/\/glamuur.ee\/et\/wp-json\/wp\/v2\/product\/190315","targetHints":{"allow":["GET"]}}],"collection":[{"href":"https:\/\/glamuur.ee\/et\/wp-json\/wp\/v2\/product"}],"about":[{"href":"https:\/\/glamuur.ee\/et\/wp-json\/wp\/v2\/types\/product"}],"replies":[{"embeddable":true,"href":"https:\/\/glamuur.ee\/et\/wp-json\/wp\/v2\/comments?post=190315"}],"wp:featuredmedia":[{"embeddable":true,"href":"https:\/\/glamuur.ee\/et\/wp-json\/wp\/v2\/media\/190316"}],"wp:attachment":[{"href":"https:\/\/glamuur.ee\/et\/wp-json\/wp\/v2\/media?parent=190315"}],"wp:term":[{"taxonomy":"product_brand","embeddable":true,"href":"https:\/\/glamuur.ee\/et\/wp-json\/wp\/v2\/product_brand?post=190315"},{"taxonomy":"product_cat","embeddable":true,"href":"https:\/\/glamuur.ee\/et\/wp-json\/wp\/v2\/product_cat?post=190315"},{"taxonomy":"product_tag","embeddable":true,"href":"https:\/\/glamuur.ee\/et\/wp-json\/wp\/v2\/product_tag?post=190315"},{"taxonomy":"giftcard-category","embeddable":true,"href":"https:\/\/glamuur.ee\/et\/wp-json\/wp\/v2\/giftcard-category?post=190315"}],"curies":[{"name":"wp","href":"https:\/\/api.w.org\/{rel}","templated":true}]}}