{"id":190311,"date":"2023-12-15T13:40:23","date_gmt":"2023-12-15T11:40:23","guid":{"rendered":"https:\/\/glamuur.ee\/product\/ti-sento-milano-earrings-7452zb\/"},"modified":"2026-02-16T14:03:31","modified_gmt":"2026-02-16T12:03:31","slug":"ti-sento-milano-korvarongad-7452zb","status":"publish","type":"product","link":"https:\/\/glamuur.ee\/et\/product\/ti-sento-milano-earrings-7452zb\/","title":{"rendered":"TI SENTO - Milano k\u00f5rvar\u00f5ngad"},"content":{"rendered":"<p>Need TI SENTO - Milano k\u00f5rvar\u00f5ngad on valmistatud kvaliteetsest roodiumiga kaetud h\u00f5bedast. Need on viimistletud mustade tsirkooniumidega, mis on l\u00f5igatud atraktiivse kujuga, andes neile kaasaegse v\u00e4limuse. Meeskond on need kujundanud nii, et kliendid saavad neid kombineerida teiste TI SENTO esemetega. Samas sarjas on palju esemeid, mis muudaksid need stiilsed k\u00f5rvar\u00f5ngad veelgi paremaks.<\/p>","protected":false},"excerpt":{"rendered":"<p>These TI SENTO &#8211; Milano earrings have been made with high quality rhodium plated sterling silver. They have been finished with black zirconias that have been cut into an attractive shape, giving them a modern look. They have also been designed by the team for&#8230;<\/p>","protected":false},"featured_media":190312,"comment_status":"open","ping_status":"closed","template":"","meta":{"jetpack_post_was_ever_published":false},"product_brand":[],"product_cat":[725,793,599,72,143],"product_tag":[],"giftcard-category":[],"class_list":{"0":"post-190311","1":"product","2":"type-product","3":"status-publish","4":"has-post-thumbnail","6":"product_cat-earrings","7":"product_cat-gift-ideas-up-to-50e","8":"product_cat-sale","9":"product_cat-ti-sento-milano","10":"product_cat-ti-sento-milano-earrings","11":"pa_material-silver","12":"pa_metal-color-silver","13":"pa_product-brand-ti-sento-milano","14":"pa_stone-color-black","15":"pa_type-category-earrings","17":"first","18":"instock","19":"featured","20":"taxable","21":"shipping-taxable","22":"purchasable","23":"product-type-simple"},"bundled_by":[],"bundle_stock_status":"instock","bundle_stock_quantity":29,"bundle_virtual":false,"bundle_layout":"","bundle_add_to_cart_form_location":"","bundle_editable_in_cart":false,"bundle_sold_individually_context":"","bundle_item_grouping":"","bundle_min_size":"","bundle_max_size":"","bundle_price":[],"bundled_items":[],"bundle_sell_ids":[],"etheme_brands":{"errors":{"invalid_taxonomy":["Lubamatu taksonoomia."]},"error_data":[]},"_links":{"self":[{"href":"https:\/\/glamuur.ee\/et\/wp-json\/wp\/v2\/product\/190311","targetHints":{"allow":["GET"]}}],"collection":[{"href":"https:\/\/glamuur.ee\/et\/wp-json\/wp\/v2\/product"}],"about":[{"href":"https:\/\/glamuur.ee\/et\/wp-json\/wp\/v2\/types\/product"}],"replies":[{"embeddable":true,"href":"https:\/\/glamuur.ee\/et\/wp-json\/wp\/v2\/comments?post=190311"}],"wp:featuredmedia":[{"embeddable":true,"href":"https:\/\/glamuur.ee\/et\/wp-json\/wp\/v2\/media\/190312"}],"wp:attachment":[{"href":"https:\/\/glamuur.ee\/et\/wp-json\/wp\/v2\/media?parent=190311"}],"wp:term":[{"taxonomy":"product_brand","embeddable":true,"href":"https:\/\/glamuur.ee\/et\/wp-json\/wp\/v2\/product_brand?post=190311"},{"taxonomy":"product_cat","embeddable":true,"href":"https:\/\/glamuur.ee\/et\/wp-json\/wp\/v2\/product_cat?post=190311"},{"taxonomy":"product_tag","embeddable":true,"href":"https:\/\/glamuur.ee\/et\/wp-json\/wp\/v2\/product_tag?post=190311"},{"taxonomy":"giftcard-category","embeddable":true,"href":"https:\/\/glamuur.ee\/et\/wp-json\/wp\/v2\/giftcard-category?post=190311"}],"curies":[{"name":"wp","href":"https:\/\/api.w.org\/{rel}","templated":true}]}}