{"id":190304,"date":"2023-05-17T08:19:18","date_gmt":"2023-05-17T08:19:18","guid":{"rendered":"https:\/\/glamuur.ee\/product\/ti-sento-milano-earrings-7727zi\/"},"modified":"2026-03-09T11:05:29","modified_gmt":"2026-03-09T09:05:29","slug":"ti-sento-milano-korvarongad-7727zi","status":"publish","type":"product","link":"https:\/\/glamuur.ee\/et\/product\/ti-sento-milano-earrings-7727zi\/","title":{"rendered":"TI SENTO - Milano k\u00f5rvar\u00f5ngad"},"content":{"rendered":"<p>Need TI SENTO - Milano k\u00f5rvar\u00f5ngad kuuluvad meie signatuurse ehtekollektsiooni, mis on tuntud mitme stiili \u00fchendamise poolest ainulaadses disainis. Need k\u00f5rvar\u00f5ngad kombineerivad kaks disainistiili \u00fches ehtes, mis muudab need uskumatult mitmek\u00fclgseks. K\u00f5rvar\u00f5ngad on valmistatud roodiumiga kaetud sterlingh\u00f5bedast ja neil on paveeritud kuubikulist tsirkooniatega viimistlus. Saadaval on ka sobivad ehted.<\/p>","protected":false},"excerpt":{"rendered":"<p>These TI SENTO &#8211; Milano earrings are part of our signature jewellery collection, which is known for merging multiple styles in a unique design. These earrings combine two design styles in a single piece of jewellery, which makes them incredibly versatile. The earrings are made&#8230;<\/p>","protected":false},"featured_media":190305,"comment_status":"open","ping_status":"closed","template":"","meta":{"jetpack_post_was_ever_published":false},"product_brand":[],"product_cat":[725,599,72,143],"product_tag":[],"giftcard-category":[],"class_list":{"0":"post-190304","1":"product","2":"type-product","3":"status-publish","4":"has-post-thumbnail","6":"product_cat-earrings","7":"product_cat-sale","8":"product_cat-ti-sento-milano","9":"product_cat-ti-sento-milano-earrings","10":"pa_material-silver","11":"pa_metal-color-silver","12":"pa_product-brand-ti-sento-milano","13":"pa_stone-color-white","14":"pa_type-category-earrings","16":"first","17":"instock","18":"featured","19":"taxable","20":"shipping-taxable","21":"purchasable","22":"product-type-simple"},"bundled_by":[],"bundle_stock_status":"instock","bundle_stock_quantity":12,"bundle_virtual":false,"bundle_layout":"","bundle_add_to_cart_form_location":"","bundle_editable_in_cart":false,"bundle_sold_individually_context":"","bundle_item_grouping":"","bundle_min_size":"","bundle_max_size":"","bundle_price":[],"bundled_items":[],"bundle_sell_ids":[],"etheme_brands":{"errors":{"invalid_taxonomy":["Lubamatu taksonoomia."]},"error_data":[]},"_links":{"self":[{"href":"https:\/\/glamuur.ee\/et\/wp-json\/wp\/v2\/product\/190304","targetHints":{"allow":["GET"]}}],"collection":[{"href":"https:\/\/glamuur.ee\/et\/wp-json\/wp\/v2\/product"}],"about":[{"href":"https:\/\/glamuur.ee\/et\/wp-json\/wp\/v2\/types\/product"}],"replies":[{"embeddable":true,"href":"https:\/\/glamuur.ee\/et\/wp-json\/wp\/v2\/comments?post=190304"}],"wp:featuredmedia":[{"embeddable":true,"href":"https:\/\/glamuur.ee\/et\/wp-json\/wp\/v2\/media\/190305"}],"wp:attachment":[{"href":"https:\/\/glamuur.ee\/et\/wp-json\/wp\/v2\/media?parent=190304"}],"wp:term":[{"taxonomy":"product_brand","embeddable":true,"href":"https:\/\/glamuur.ee\/et\/wp-json\/wp\/v2\/product_brand?post=190304"},{"taxonomy":"product_cat","embeddable":true,"href":"https:\/\/glamuur.ee\/et\/wp-json\/wp\/v2\/product_cat?post=190304"},{"taxonomy":"product_tag","embeddable":true,"href":"https:\/\/glamuur.ee\/et\/wp-json\/wp\/v2\/product_tag?post=190304"},{"taxonomy":"giftcard-category","embeddable":true,"href":"https:\/\/glamuur.ee\/et\/wp-json\/wp\/v2\/giftcard-category?post=190304"}],"curies":[{"name":"wp","href":"https:\/\/api.w.org\/{rel}","templated":true}]}}