{"id":190190,"date":"2024-01-01T11:58:13","date_gmt":"2024-01-01T09:58:13","guid":{"rendered":"https:\/\/glamuur.ee\/product\/ti-sento-milano-ear-charms-9175mw\/"},"modified":"2026-04-21T00:55:04","modified_gmt":"2026-04-20T21:55:04","slug":"ti-sento-milano-korva-volusid-9175mw","status":"publish","type":"product","link":"https:\/\/glamuur.ee\/et\/product\/ti-sento-milano-ear-charms-9175mw\/","title":{"rendered":"TI SENTO - Milano k\u00f5rvam\u00e4rgid"},"content":{"rendered":"<p>Need TI SENTO - Milano k\u00f5rvaarmid sobivad igaks juhuks. Need on valmistatud roodiumiga kaetud h\u00f5bedast, mis tagab suurep\u00e4rase l\u00e4ike ja vastupidavuse, ning need amuletid on kahepoolse disainiga, mis t\u00e4hendab, et neid saab kanda m\u00f5lema n\u00e4oga. \u00dchel k\u00fcljel on kahest kivist koosnev elegantne kristall ja selle all olev p\u00e4rlmutterkiht. Teisel k\u00fcljel on asetatud kera, mis koosneb uimastavatest kuubikulistest tsirkooniatest. Need kahepoolsed k\u00f5rvar\u00f5ngad on osa kontseptsioonist Mix &amp; Match, mis on loodud nii, et need t\u00e4iendaksid mitmeid kollektsiooni disainilahendusi.<\/p>\n<p>K\u00f5ik TI SENTO - Milano ehted on kingituseks pakitud l\u00f5pmatu armastuse ja hoolega.<\/p>","protected":false},"excerpt":{"rendered":"<p>These TI SENTO &#8211; Milano ear charms are suitable for all kinds of occasions. Made from rhodium plated sterling silver for a superior shine and durability, these charms feature a two-sided design, meaning they can be worn with either face presented. One side has a&#8230;<\/p>","protected":false},"featured_media":190191,"comment_status":"open","ping_status":"closed","template":"","meta":{"jetpack_post_was_ever_published":false},"product_brand":[],"product_cat":[728,968,945,72,144],"product_tag":[],"giftcard-category":[],"class_list":{"0":"post-190190","1":"product","2":"type-product","3":"status-publish","4":"has-post-thumbnail","6":"product_cat-ear-charms","7":"product_cat-mothers-day-2025-ti-sento","8":"product_cat-pearls","9":"product_cat-ti-sento-milano","10":"product_cat-ti-sento-milano-ear-charms","11":"pa_material-silver","12":"pa_metal-color-silver","13":"pa_product-brand-ti-sento-milano","14":"pa_stone-color-pearl","15":"pa_type-category-ear-charms","17":"first","18":"instock","19":"featured","20":"taxable","21":"shipping-taxable","22":"purchasable","23":"product-type-simple"},"bundled_by":[],"bundle_stock_status":"instock","bundle_stock_quantity":22,"bundle_virtual":false,"bundle_layout":"","bundle_add_to_cart_form_location":"","bundle_editable_in_cart":false,"bundle_sold_individually_context":"","bundle_item_grouping":"","bundle_min_size":"","bundle_max_size":"","bundle_price":[],"bundled_items":[],"bundle_sell_ids":[],"etheme_brands":{"errors":{"invalid_taxonomy":["Lubamatu taksonoomia."]},"error_data":[]},"_links":{"self":[{"href":"https:\/\/glamuur.ee\/et\/wp-json\/wp\/v2\/product\/190190","targetHints":{"allow":["GET"]}}],"collection":[{"href":"https:\/\/glamuur.ee\/et\/wp-json\/wp\/v2\/product"}],"about":[{"href":"https:\/\/glamuur.ee\/et\/wp-json\/wp\/v2\/types\/product"}],"replies":[{"embeddable":true,"href":"https:\/\/glamuur.ee\/et\/wp-json\/wp\/v2\/comments?post=190190"}],"wp:featuredmedia":[{"embeddable":true,"href":"https:\/\/glamuur.ee\/et\/wp-json\/wp\/v2\/media\/190191"}],"wp:attachment":[{"href":"https:\/\/glamuur.ee\/et\/wp-json\/wp\/v2\/media?parent=190190"}],"wp:term":[{"taxonomy":"product_brand","embeddable":true,"href":"https:\/\/glamuur.ee\/et\/wp-json\/wp\/v2\/product_brand?post=190190"},{"taxonomy":"product_cat","embeddable":true,"href":"https:\/\/glamuur.ee\/et\/wp-json\/wp\/v2\/product_cat?post=190190"},{"taxonomy":"product_tag","embeddable":true,"href":"https:\/\/glamuur.ee\/et\/wp-json\/wp\/v2\/product_tag?post=190190"},{"taxonomy":"giftcard-category","embeddable":true,"href":"https:\/\/glamuur.ee\/et\/wp-json\/wp\/v2\/giftcard-category?post=190190"}],"curies":[{"name":"wp","href":"https:\/\/api.w.org\/{rel}","templated":true}]}}