{"id":190165,"date":"2023-05-17T08:16:22","date_gmt":"2023-05-17T08:16:22","guid":{"rendered":"https:\/\/glamuur.ee\/product\/ti-sento-milano-earrings-7728zi\/"},"modified":"2026-03-09T11:05:29","modified_gmt":"2026-03-09T09:05:29","slug":"ti-sento-milano-korvarongad-7728zi","status":"publish","type":"product","link":"https:\/\/glamuur.ee\/et\/product\/ti-sento-milano-earrings-7728zi\/","title":{"rendered":"TI SENTO - Milano k\u00f5rvar\u00f5ngad"},"content":{"rendered":"<p>Need uimastavad TI SENTO - Milano k\u00f5rvar\u00f5ngad on osa TI SENTO ikoonilisest ehtekollektsioonist, mis on tuntud oma ainulaadse disaini poolest, kus erinevad struktuurid on kombineeritud \u00fches t\u00fckis. Need k\u00f5rvar\u00f5ngad kombineerivad kaks stiili, andes neile mitmek\u00fclgsuse ja tagades, et need sobivad h\u00e4sti teiste kollektsiooni esemetega. K\u00f5rgekvaliteedilisest roodiumiga kaetud h\u00f5bedast valmistatud k\u00f5rvar\u00f5ngad on oks\u00fcdeeritud, et anda must viimistlus, ning seej\u00e4rel kaetud paveeritud, briljantselt l\u00f5igatud kuubilise tsirkooniumiga.<\/p>","protected":false},"excerpt":{"rendered":"<p>These stunning TI SENTO &#8211; Milano earrings are part of the iconic jewellery collection at TI SENTO, renowned for the unique in-house design where different structures are combined within one piece. These earrings combine two styles, giving them a versatile quality and ensuring that they&#8230;<\/p>","protected":false},"featured_media":190166,"comment_status":"open","ping_status":"closed","template":"","meta":{"jetpack_post_was_ever_published":false},"product_brand":[],"product_cat":[725,599,72,143],"product_tag":[],"giftcard-category":[],"class_list":{"0":"post-190165","1":"product","2":"type-product","3":"status-publish","4":"has-post-thumbnail","6":"product_cat-earrings","7":"product_cat-sale","8":"product_cat-ti-sento-milano","9":"product_cat-ti-sento-milano-earrings","10":"pa_material-silver","11":"pa_metal-color-silver","12":"pa_product-brand-ti-sento-milano","13":"pa_stone-color-white","14":"pa_type-category-earrings","16":"first","17":"instock","18":"featured","19":"taxable","20":"shipping-taxable","21":"purchasable","22":"product-type-simple"},"bundled_by":[],"bundle_stock_status":"instock","bundle_stock_quantity":34,"bundle_virtual":false,"bundle_layout":"","bundle_add_to_cart_form_location":"","bundle_editable_in_cart":false,"bundle_sold_individually_context":"","bundle_item_grouping":"","bundle_min_size":"","bundle_max_size":"","bundle_price":[],"bundled_items":[],"bundle_sell_ids":[],"etheme_brands":{"errors":{"invalid_taxonomy":["Lubamatu taksonoomia."]},"error_data":[]},"_links":{"self":[{"href":"https:\/\/glamuur.ee\/et\/wp-json\/wp\/v2\/product\/190165","targetHints":{"allow":["GET"]}}],"collection":[{"href":"https:\/\/glamuur.ee\/et\/wp-json\/wp\/v2\/product"}],"about":[{"href":"https:\/\/glamuur.ee\/et\/wp-json\/wp\/v2\/types\/product"}],"replies":[{"embeddable":true,"href":"https:\/\/glamuur.ee\/et\/wp-json\/wp\/v2\/comments?post=190165"}],"wp:featuredmedia":[{"embeddable":true,"href":"https:\/\/glamuur.ee\/et\/wp-json\/wp\/v2\/media\/190166"}],"wp:attachment":[{"href":"https:\/\/glamuur.ee\/et\/wp-json\/wp\/v2\/media?parent=190165"}],"wp:term":[{"taxonomy":"product_brand","embeddable":true,"href":"https:\/\/glamuur.ee\/et\/wp-json\/wp\/v2\/product_brand?post=190165"},{"taxonomy":"product_cat","embeddable":true,"href":"https:\/\/glamuur.ee\/et\/wp-json\/wp\/v2\/product_cat?post=190165"},{"taxonomy":"product_tag","embeddable":true,"href":"https:\/\/glamuur.ee\/et\/wp-json\/wp\/v2\/product_tag?post=190165"},{"taxonomy":"giftcard-category","embeddable":true,"href":"https:\/\/glamuur.ee\/et\/wp-json\/wp\/v2\/giftcard-category?post=190165"}],"curies":[{"name":"wp","href":"https:\/\/api.w.org\/{rel}","templated":true}]}}