{"id":190136,"date":"2023-05-17T08:15:47","date_gmt":"2023-05-17T08:15:47","guid":{"rendered":"https:\/\/glamuur.ee\/product\/ti-sento-milano-ear-charms-9174dr\/"},"modified":"2026-03-09T11:06:31","modified_gmt":"2026-03-09T09:06:31","slug":"ti-sento-milano-korva-volusid-9174dr","status":"publish","type":"product","link":"https:\/\/glamuur.ee\/et\/product\/ti-sento-milano-ear-charms-9174dr\/","title":{"rendered":"TI SENTO \u2013 Milano K\u00f5rvar\u00f5nga ripatsid"},"content":{"rendered":"<p>Need konkreetsed TI SENTO - Milano k\u00f5rvar\u00f5ngad on valmistatud roosakullaga kaetud h\u00f5bedast ja on kaunis n\u00e4ide br\u00e4ndi originaalsest disainist. Nende k\u00f5rvam\u00e4rkide loomiseks on ovaalne kristall asetatud \u00fcmbrisesse, mis on asetatud t\u00f5elise teksakanga kihi kohale. Need sobivad ideaalselt teksade v\u00f5i vabaaja riiete juurde, kuid sobiksid sama h\u00e4sti ka merev\u00e4e v\u00f5i musta v\u00e4rvi nutika riietusega.<\/p>","protected":false},"excerpt":{"rendered":"<p>These particular TI SENTO &#8211; Milano ear charms are made of Rose Gold plated sterling silver and are a beautiful example of the brand&#8217;s original in-house designs. An oval crystal is placed in a bezel setting over a layer of real denim fabric to create&#8230;<\/p>","protected":false},"featured_media":190137,"comment_status":"open","ping_status":"closed","template":"","meta":{"jetpack_post_was_ever_published":false},"product_brand":[],"product_cat":[728,793,152],"product_tag":[],"giftcard-category":[],"class_list":{"0":"post-190136","1":"product","2":"type-product","3":"status-publish","4":"has-post-thumbnail","6":"product_cat-ear-charms","7":"product_cat-gift-ideas-up-to-50e","8":"product_cat-ti-sento-milano-estonian-design","9":"pa_material-silver","10":"pa_metal-color-rose-gold","11":"pa_product-brand-ti-sento-milano","12":"pa_stone-color-blue","13":"pa_type-category-ear-charms","15":"first","16":"instock","17":"featured","18":"taxable","19":"shipping-taxable","20":"purchasable","21":"product-type-simple"},"bundled_by":[],"bundle_stock_status":"instock","bundle_stock_quantity":5,"bundle_virtual":false,"bundle_layout":"","bundle_add_to_cart_form_location":"","bundle_editable_in_cart":false,"bundle_sold_individually_context":"","bundle_item_grouping":"","bundle_min_size":"","bundle_max_size":"","bundle_price":[],"bundled_items":[],"bundle_sell_ids":[],"etheme_brands":{"errors":{"invalid_taxonomy":["Lubamatu taksonoomia."]},"error_data":[]},"_links":{"self":[{"href":"https:\/\/glamuur.ee\/et\/wp-json\/wp\/v2\/product\/190136","targetHints":{"allow":["GET"]}}],"collection":[{"href":"https:\/\/glamuur.ee\/et\/wp-json\/wp\/v2\/product"}],"about":[{"href":"https:\/\/glamuur.ee\/et\/wp-json\/wp\/v2\/types\/product"}],"replies":[{"embeddable":true,"href":"https:\/\/glamuur.ee\/et\/wp-json\/wp\/v2\/comments?post=190136"}],"wp:featuredmedia":[{"embeddable":true,"href":"https:\/\/glamuur.ee\/et\/wp-json\/wp\/v2\/media\/190137"}],"wp:attachment":[{"href":"https:\/\/glamuur.ee\/et\/wp-json\/wp\/v2\/media?parent=190136"}],"wp:term":[{"taxonomy":"product_brand","embeddable":true,"href":"https:\/\/glamuur.ee\/et\/wp-json\/wp\/v2\/product_brand?post=190136"},{"taxonomy":"product_cat","embeddable":true,"href":"https:\/\/glamuur.ee\/et\/wp-json\/wp\/v2\/product_cat?post=190136"},{"taxonomy":"product_tag","embeddable":true,"href":"https:\/\/glamuur.ee\/et\/wp-json\/wp\/v2\/product_tag?post=190136"},{"taxonomy":"giftcard-category","embeddable":true,"href":"https:\/\/glamuur.ee\/et\/wp-json\/wp\/v2\/giftcard-category?post=190136"}],"curies":[{"name":"wp","href":"https:\/\/api.w.org\/{rel}","templated":true}]}}