{"id":190106,"date":"2024-01-01T11:58:13","date_gmt":"2024-01-01T09:58:13","guid":{"rendered":"https:\/\/glamuur.ee\/product\/ti-sento-milano-ear-charms-9225ma\/"},"modified":"2026-02-16T14:13:21","modified_gmt":"2026-02-16T12:13:21","slug":"ti-sento-milano-korva-volusid-9225ma","status":"publish","type":"product","link":"https:\/\/glamuur.ee\/et\/product\/ti-sento-milano-ear-charms-9225ma\/","title":{"rendered":"TI SENTO \u2013 Milano K\u00f5rvar\u00f5nga ripatsid"},"content":{"rendered":"<p>Nendel kullatud TI SENTO - Milano h\u00f5bedast k\u00f5rvar\u00f5ngastel 9225MA on malatiidirohelised kalliskivid ja helendav valge tsirkooniumiga paveering. Nende stiliseeritud noole-sulgede muster s\u00fcmboliseerib edasiliikumist ja suunda. Tume ja heleroheline malahhiit sulanduvad kokku, tekitades tasakaalu ja harmooniatunnet. T\u00f5eline art d\u00e9co paar t\u00e4nap\u00e4evase maagia jaoks!<\/p>","protected":false},"excerpt":{"rendered":"<p>These gold-plated TI SENTO &#8211; Milano silver ear charms 9225MA have malachite green gemstones and a luminous white zirconia pave. Their stylised arrow feather pattern symbolises forward movement and direction. Dark and light malachite green blend together bringing a sense of balance and harmony. A&#8230;<\/p>","protected":false},"featured_media":190107,"comment_status":"open","ping_status":"closed","template":"","meta":{"jetpack_post_was_ever_published":false},"product_brand":[],"product_cat":[728,980,964,72,144],"product_tag":[],"giftcard-category":[],"class_list":{"0":"post-190106","1":"product","2":"type-product","3":"status-publish","4":"has-post-thumbnail","6":"product_cat-ear-charms","7":"product_cat-ready-for-vacation","8":"product_cat-summer-sale-ti-sento","9":"product_cat-ti-sento-milano","10":"product_cat-ti-sento-milano-ear-charms","11":"pa_material-silver","12":"pa_metal-color-yellow-gold","13":"pa_product-brand-ti-sento-milano","14":"pa_stone-color-green","15":"pa_type-category-ear-charms","17":"first","18":"instock","19":"featured","20":"taxable","21":"shipping-taxable","22":"purchasable","23":"product-type-simple"},"bundled_by":[],"bundle_stock_status":"instock","bundle_stock_quantity":24,"bundle_virtual":false,"bundle_layout":"","bundle_add_to_cart_form_location":"","bundle_editable_in_cart":false,"bundle_sold_individually_context":"","bundle_item_grouping":"","bundle_min_size":"","bundle_max_size":"","bundle_price":[],"bundled_items":[],"bundle_sell_ids":[],"etheme_brands":{"errors":{"invalid_taxonomy":["Lubamatu taksonoomia."]},"error_data":[]},"_links":{"self":[{"href":"https:\/\/glamuur.ee\/et\/wp-json\/wp\/v2\/product\/190106","targetHints":{"allow":["GET"]}}],"collection":[{"href":"https:\/\/glamuur.ee\/et\/wp-json\/wp\/v2\/product"}],"about":[{"href":"https:\/\/glamuur.ee\/et\/wp-json\/wp\/v2\/types\/product"}],"replies":[{"embeddable":true,"href":"https:\/\/glamuur.ee\/et\/wp-json\/wp\/v2\/comments?post=190106"}],"wp:featuredmedia":[{"embeddable":true,"href":"https:\/\/glamuur.ee\/et\/wp-json\/wp\/v2\/media\/190107"}],"wp:attachment":[{"href":"https:\/\/glamuur.ee\/et\/wp-json\/wp\/v2\/media?parent=190106"}],"wp:term":[{"taxonomy":"product_brand","embeddable":true,"href":"https:\/\/glamuur.ee\/et\/wp-json\/wp\/v2\/product_brand?post=190106"},{"taxonomy":"product_cat","embeddable":true,"href":"https:\/\/glamuur.ee\/et\/wp-json\/wp\/v2\/product_cat?post=190106"},{"taxonomy":"product_tag","embeddable":true,"href":"https:\/\/glamuur.ee\/et\/wp-json\/wp\/v2\/product_tag?post=190106"},{"taxonomy":"giftcard-category","embeddable":true,"href":"https:\/\/glamuur.ee\/et\/wp-json\/wp\/v2\/giftcard-category?post=190106"}],"curies":[{"name":"wp","href":"https:\/\/api.w.org\/{rel}","templated":true}]}}