{"id":190102,"date":"2023-05-17T08:14:46","date_gmt":"2023-05-17T08:14:46","guid":{"rendered":"https:\/\/glamuur.ee\/product\/ti-sento-milano-earrings-7555mw\/"},"modified":"2026-02-16T14:03:33","modified_gmt":"2026-02-16T12:03:33","slug":"ti-sento-milano-korvarongad-7555mw","status":"publish","type":"product","link":"https:\/\/glamuur.ee\/et\/product\/ti-sento-milano-earrings-7555mw\/","title":{"rendered":"TI SENTO - Milano k\u00f5rvar\u00f5ngad"},"content":{"rendered":"<p>Need pilkup\u00fc\u00fcdvad k\u00f5rvar\u00f5ngad TI SENTO - Milano kollektsioonist on ruudukujuline ripats, millel on eriline k\u00fc\u00fcnisesse asetatud p\u00e4rlmutterkivi ja mida \u00fcmbritseb \u00fcks rida paveeritud, s\u00e4delevate kuubiliste tsirkooniatega. Pikema eluea ja t\u00e4iendava s\u00e4ra tagamiseks on need k\u00f5rvar\u00f5ngad, mille on kujundanud meie oma meeskond, roodiumiga kaetud. See mitte ainult ei anna teie ehetele t\u00e4iendavat s\u00e4ra, vaid ka kaitseb ja tagab pikema eluea.<\/p>","protected":false},"excerpt":{"rendered":"<p>These eye-catching earrings from the TI SENTO &#8211; Milano collection feature a square pendant bearing a distinctive claw-set mother of pearl stone and surrounded by a single row of pav\u00e9 cut, sparkling cubic zirconia. For longer life and extra shine, the earrings, which are designed&#8230;<\/p>","protected":false},"featured_media":190103,"comment_status":"open","ping_status":"closed","template":"","meta":{"jetpack_post_was_ever_published":false},"product_brand":[],"product_cat":[725,968,945,72,143],"product_tag":[],"giftcard-category":[],"class_list":{"0":"post-190102","1":"product","2":"type-product","3":"status-publish","4":"has-post-thumbnail","6":"product_cat-earrings","7":"product_cat-mothers-day-2025-ti-sento","8":"product_cat-pearls","9":"product_cat-ti-sento-milano","10":"product_cat-ti-sento-milano-earrings","11":"pa_material-silver","12":"pa_metal-color-silver","13":"pa_product-brand-ti-sento-milano","14":"pa_stone-color-pearl","15":"pa_type-category-earrings","17":"first","18":"instock","19":"featured","20":"taxable","21":"shipping-taxable","22":"purchasable","23":"product-type-simple"},"bundled_by":[],"bundle_stock_status":"instock","bundle_stock_quantity":13,"bundle_virtual":false,"bundle_layout":"","bundle_add_to_cart_form_location":"","bundle_editable_in_cart":false,"bundle_sold_individually_context":"","bundle_item_grouping":"","bundle_min_size":"","bundle_max_size":"","bundle_price":[],"bundled_items":[],"bundle_sell_ids":[],"etheme_brands":{"errors":{"invalid_taxonomy":["Lubamatu taksonoomia."]},"error_data":[]},"_links":{"self":[{"href":"https:\/\/glamuur.ee\/et\/wp-json\/wp\/v2\/product\/190102","targetHints":{"allow":["GET"]}}],"collection":[{"href":"https:\/\/glamuur.ee\/et\/wp-json\/wp\/v2\/product"}],"about":[{"href":"https:\/\/glamuur.ee\/et\/wp-json\/wp\/v2\/types\/product"}],"replies":[{"embeddable":true,"href":"https:\/\/glamuur.ee\/et\/wp-json\/wp\/v2\/comments?post=190102"}],"wp:featuredmedia":[{"embeddable":true,"href":"https:\/\/glamuur.ee\/et\/wp-json\/wp\/v2\/media\/190103"}],"wp:attachment":[{"href":"https:\/\/glamuur.ee\/et\/wp-json\/wp\/v2\/media?parent=190102"}],"wp:term":[{"taxonomy":"product_brand","embeddable":true,"href":"https:\/\/glamuur.ee\/et\/wp-json\/wp\/v2\/product_brand?post=190102"},{"taxonomy":"product_cat","embeddable":true,"href":"https:\/\/glamuur.ee\/et\/wp-json\/wp\/v2\/product_cat?post=190102"},{"taxonomy":"product_tag","embeddable":true,"href":"https:\/\/glamuur.ee\/et\/wp-json\/wp\/v2\/product_tag?post=190102"},{"taxonomy":"giftcard-category","embeddable":true,"href":"https:\/\/glamuur.ee\/et\/wp-json\/wp\/v2\/giftcard-category?post=190102"}],"curies":[{"name":"wp","href":"https:\/\/api.w.org\/{rel}","templated":true}]}}