{"id":190080,"date":"2023-05-17T08:14:16","date_gmt":"2023-05-17T08:14:16","guid":{"rendered":"https:\/\/glamuur.ee\/product\/ti-sento-milano-earrings-7654zi\/"},"modified":"2026-02-16T14:03:54","modified_gmt":"2026-02-16T12:03:54","slug":"ti-sento-milano-korvarongad-7654zi","status":"publish","type":"product","link":"https:\/\/glamuur.ee\/et\/product\/ti-sento-milano-earrings-7654zi\/","title":{"rendered":"TI SENTO - Milano k\u00f5rvar\u00f5ngad"},"content":{"rendered":"<p>Need elegantsed ja klassikalised TI SENTO - Milano k\u00f5rvar\u00f5ngad on moodustatud briljantl\u00f5ikega kuubiliste tsirkooniumkivide kontsentrilistest ringidest koosnevatest ketastest, mis on seej\u00e4rel fikseeritud \u00fcmbrisesse. K\u00f5rvar\u00f5ngad on valmistatud kvaliteetsest h\u00f5bedast ja viimistletud roodiumiga, mis annab t\u00e4iendava k\u00f5rgl\u00e4ikega s\u00e4ra. Pinnakate tagab ka pikema eluea, kaitstes teie ehteid kriimustuste ja v\u00e4rvimuutuste eest.<\/p>","protected":false},"excerpt":{"rendered":"<p>These elegant and classic earrings from TI SENTO &#8211; Milano are formed from discs of concentric circles of brilliant-cut cubic zirconia stones which have then been bezel set. The earrings are crafted from high-quality sterling silver and completed with rhodium plating to give the additional&#8230;<\/p>","protected":false},"featured_media":190081,"comment_status":"open","ping_status":"closed","template":"","meta":{"jetpack_post_was_ever_published":false},"product_brand":[],"product_cat":[725,599,72,143],"product_tag":[],"giftcard-category":[],"class_list":{"0":"post-190080","1":"product","2":"type-product","3":"status-publish","4":"has-post-thumbnail","6":"product_cat-earrings","7":"product_cat-sale","8":"product_cat-ti-sento-milano","9":"product_cat-ti-sento-milano-earrings","10":"pa_material-silver","11":"pa_metal-color-silver","12":"pa_product-brand-ti-sento-milano","13":"pa_stone-color-white","14":"pa_type-category-earrings","16":"first","17":"instock","18":"featured","19":"taxable","20":"shipping-taxable","21":"purchasable","22":"product-type-simple"},"bundled_by":[],"bundle_stock_status":"instock","bundle_stock_quantity":1,"bundle_virtual":false,"bundle_layout":"","bundle_add_to_cart_form_location":"","bundle_editable_in_cart":false,"bundle_sold_individually_context":"","bundle_item_grouping":"","bundle_min_size":"","bundle_max_size":"","bundle_price":[],"bundled_items":[],"bundle_sell_ids":[],"etheme_brands":{"errors":{"invalid_taxonomy":["Lubamatu taksonoomia."]},"error_data":[]},"_links":{"self":[{"href":"https:\/\/glamuur.ee\/et\/wp-json\/wp\/v2\/product\/190080","targetHints":{"allow":["GET"]}}],"collection":[{"href":"https:\/\/glamuur.ee\/et\/wp-json\/wp\/v2\/product"}],"about":[{"href":"https:\/\/glamuur.ee\/et\/wp-json\/wp\/v2\/types\/product"}],"replies":[{"embeddable":true,"href":"https:\/\/glamuur.ee\/et\/wp-json\/wp\/v2\/comments?post=190080"}],"wp:featuredmedia":[{"embeddable":true,"href":"https:\/\/glamuur.ee\/et\/wp-json\/wp\/v2\/media\/190081"}],"wp:attachment":[{"href":"https:\/\/glamuur.ee\/et\/wp-json\/wp\/v2\/media?parent=190080"}],"wp:term":[{"taxonomy":"product_brand","embeddable":true,"href":"https:\/\/glamuur.ee\/et\/wp-json\/wp\/v2\/product_brand?post=190080"},{"taxonomy":"product_cat","embeddable":true,"href":"https:\/\/glamuur.ee\/et\/wp-json\/wp\/v2\/product_cat?post=190080"},{"taxonomy":"product_tag","embeddable":true,"href":"https:\/\/glamuur.ee\/et\/wp-json\/wp\/v2\/product_tag?post=190080"},{"taxonomy":"giftcard-category","embeddable":true,"href":"https:\/\/glamuur.ee\/et\/wp-json\/wp\/v2\/giftcard-category?post=190080"}],"curies":[{"name":"wp","href":"https:\/\/api.w.org\/{rel}","templated":true}]}}