{"id":190072,"date":"2024-01-01T11:58:13","date_gmt":"2024-01-01T09:58:13","guid":{"rendered":"https:\/\/glamuur.ee\/product\/ti-sento-milano-ear-charms-9161zi\/"},"modified":"2026-03-10T19:21:52","modified_gmt":"2026-03-10T17:21:52","slug":"ti-sento-milano-korva-volusid-9161zi","status":"publish","type":"product","link":"https:\/\/glamuur.ee\/et\/product\/ti-sento-milano-ear-charms-9161zi\/","title":{"rendered":"TI SENTO - Milano k\u00f5rvam\u00e4rgid"},"content":{"rendered":"<p>Need \u00f5rnad ja s\u00e4delevad k\u00f5rvar\u00f5ngad on loodud TI SENTO - Milano andeka disainimeeskonna poolt ja viimistletud k\u00e4sitsi. \u00dclemisel aasal on kauakestev k\u00f5rge l\u00e4ige, mis on loodud kvaliteetsest h\u00f5bedast sterlingh\u00f5bedast roodiumiga katmisel. K\u00f5rvam\u00e4rkide alumises elemendis on sile h\u00f5bedane kinnitus, mis on t\u00e4idetud valguses s\u00e4ravate pisikeste briljantidega kuubiliste tsirkooniumide kobaraga. Kandke neid k\u00f5rvaehteid eraldi v\u00f5i koos teiste TI SENTO Mix &amp; Match kontseptsiooni ehetega.<\/p>\n<p>K\u00f5ik TI SENTO - Milano ehted on kingituseks pakitud l\u00f5pmatu armastuse ja hoolega.<\/p>\n<p>Suurus \u00d8 10mm<\/p>","protected":false},"excerpt":{"rendered":"<p>These dainty and sparkly ear charms are created by the TI SENTO &#8211; Milano talented design team and finished by hand. An upper loop has a long lasting high shine created by the rhodium plating of high-quality silver sterling. The lower element of the ear&#8230;<\/p>","protected":false},"featured_media":190073,"comment_status":"open","ping_status":"closed","template":"","meta":{"jetpack_post_was_ever_published":false},"product_brand":[],"product_cat":[728,72,144],"product_tag":[],"giftcard-category":[],"class_list":{"0":"post-190072","1":"product","2":"type-product","3":"status-publish","4":"has-post-thumbnail","6":"product_cat-ear-charms","7":"product_cat-ti-sento-milano","8":"product_cat-ti-sento-milano-ear-charms","9":"pa_material-silver","10":"pa_metal-color-silver","11":"pa_product-brand-ti-sento-milano","12":"pa_stone-color-white","13":"pa_type-category-ear-charms","15":"first","16":"instock","17":"featured","18":"taxable","19":"shipping-taxable","20":"purchasable","21":"product-type-simple"},"bundled_by":[],"bundle_stock_status":"instock","bundle_stock_quantity":8,"bundle_virtual":false,"bundle_layout":"","bundle_add_to_cart_form_location":"","bundle_editable_in_cart":false,"bundle_sold_individually_context":"","bundle_item_grouping":"","bundle_min_size":"","bundle_max_size":"","bundle_price":[],"bundled_items":[],"bundle_sell_ids":[],"etheme_brands":{"errors":{"invalid_taxonomy":["Lubamatu taksonoomia."]},"error_data":[]},"_links":{"self":[{"href":"https:\/\/glamuur.ee\/et\/wp-json\/wp\/v2\/product\/190072","targetHints":{"allow":["GET"]}}],"collection":[{"href":"https:\/\/glamuur.ee\/et\/wp-json\/wp\/v2\/product"}],"about":[{"href":"https:\/\/glamuur.ee\/et\/wp-json\/wp\/v2\/types\/product"}],"replies":[{"embeddable":true,"href":"https:\/\/glamuur.ee\/et\/wp-json\/wp\/v2\/comments?post=190072"}],"wp:featuredmedia":[{"embeddable":true,"href":"https:\/\/glamuur.ee\/et\/wp-json\/wp\/v2\/media\/190073"}],"wp:attachment":[{"href":"https:\/\/glamuur.ee\/et\/wp-json\/wp\/v2\/media?parent=190072"}],"wp:term":[{"taxonomy":"product_brand","embeddable":true,"href":"https:\/\/glamuur.ee\/et\/wp-json\/wp\/v2\/product_brand?post=190072"},{"taxonomy":"product_cat","embeddable":true,"href":"https:\/\/glamuur.ee\/et\/wp-json\/wp\/v2\/product_cat?post=190072"},{"taxonomy":"product_tag","embeddable":true,"href":"https:\/\/glamuur.ee\/et\/wp-json\/wp\/v2\/product_tag?post=190072"},{"taxonomy":"giftcard-category","embeddable":true,"href":"https:\/\/glamuur.ee\/et\/wp-json\/wp\/v2\/giftcard-category?post=190072"}],"curies":[{"name":"wp","href":"https:\/\/api.w.org\/{rel}","templated":true}]}}