{"id":190050,"date":"2023-05-17T08:13:42","date_gmt":"2023-05-17T08:13:42","guid":{"rendered":"https:\/\/glamuur.ee\/product\/ti-sento-milano-pendant-6729tq\/"},"modified":"2026-02-16T13:58:46","modified_gmt":"2026-02-16T11:58:46","slug":"ti-sento-milano-ripats-6729tq","status":"publish","type":"product","link":"https:\/\/glamuur.ee\/et\/product\/ti-sento-milano-pendant-6729tq\/","title":{"rendered":"TI SENTO \u2013 Milano ripats"},"content":{"rendered":"<p>T\u00fcrkiissinine kristall, mis on asetatud sellesse TI SENTO - Milano esemesse, annab suvise vindi teie ehtedele. T\u00fcrkiisist kristall on asetatud raamistusse, mille tulemusena on kivi \u00fcmbritsetud roodiumiga kaetud h\u00f5bedaga. Te klipsisilm, millega ripatsit saab kinnitada kaelakee v\u00f5i klipsir\u00f5nga k\u00fclge, on elegantse tsirkooniumist servaga. V\u00e4rske sinine v\u00e4rvus on v\u00e4ga h\u00e4sti kombineeritav teiste siniste v\u00e4rvidega v\u00f5i seda saab kanda koos teiste TI SENTO kollektsioonis pakutavate pave-funktsiooniga ehetega.<\/p>","protected":false},"excerpt":{"rendered":"<p>The turquoise blue crystal, which is set in this TI SENTO &#8211; Milano piece, gives a summery twist to your jewellery look. The turquoise crystal has been set in a bezel setting, as a result of which the stone is enclosed by Rhodium plated silver&#8230;.<\/p>","protected":false},"featured_media":190051,"comment_status":"open","ping_status":"closed","template":"","meta":{"jetpack_post_was_ever_published":false},"product_brand":[],"product_cat":[599,729,980,964,72,149],"product_tag":[],"giftcard-category":[],"class_list":{"0":"post-190050","1":"product","2":"type-product","3":"status-publish","4":"has-post-thumbnail","6":"product_cat-sale","7":"product_cat-pendants","8":"product_cat-ready-for-vacation","9":"product_cat-summer-sale-ti-sento","10":"product_cat-ti-sento-milano","11":"product_cat-ti-sento-milano-pendants","12":"pa_material-silver","13":"pa_metal-color-silver","14":"pa_product-brand-ti-sento-milano","15":"pa_stone-color-turquoise","16":"pa_type-category-pendants","18":"first","19":"instock","20":"featured","21":"taxable","22":"shipping-taxable","23":"purchasable","24":"product-type-simple"},"bundled_by":[],"bundle_stock_status":"instock","bundle_stock_quantity":13,"bundle_virtual":false,"bundle_layout":"","bundle_add_to_cart_form_location":"","bundle_editable_in_cart":false,"bundle_sold_individually_context":"","bundle_item_grouping":"","bundle_min_size":"","bundle_max_size":"","bundle_price":[],"bundled_items":[],"bundle_sell_ids":[],"etheme_brands":{"errors":{"invalid_taxonomy":["Lubamatu taksonoomia."]},"error_data":[]},"_links":{"self":[{"href":"https:\/\/glamuur.ee\/et\/wp-json\/wp\/v2\/product\/190050","targetHints":{"allow":["GET"]}}],"collection":[{"href":"https:\/\/glamuur.ee\/et\/wp-json\/wp\/v2\/product"}],"about":[{"href":"https:\/\/glamuur.ee\/et\/wp-json\/wp\/v2\/types\/product"}],"replies":[{"embeddable":true,"href":"https:\/\/glamuur.ee\/et\/wp-json\/wp\/v2\/comments?post=190050"}],"wp:featuredmedia":[{"embeddable":true,"href":"https:\/\/glamuur.ee\/et\/wp-json\/wp\/v2\/media\/190051"}],"wp:attachment":[{"href":"https:\/\/glamuur.ee\/et\/wp-json\/wp\/v2\/media?parent=190050"}],"wp:term":[{"taxonomy":"product_brand","embeddable":true,"href":"https:\/\/glamuur.ee\/et\/wp-json\/wp\/v2\/product_brand?post=190050"},{"taxonomy":"product_cat","embeddable":true,"href":"https:\/\/glamuur.ee\/et\/wp-json\/wp\/v2\/product_cat?post=190050"},{"taxonomy":"product_tag","embeddable":true,"href":"https:\/\/glamuur.ee\/et\/wp-json\/wp\/v2\/product_tag?post=190050"},{"taxonomy":"giftcard-category","embeddable":true,"href":"https:\/\/glamuur.ee\/et\/wp-json\/wp\/v2\/giftcard-category?post=190050"}],"curies":[{"name":"wp","href":"https:\/\/api.w.org\/{rel}","templated":true}]}}