{"id":189690,"date":"2023-06-27T19:09:17","date_gmt":"2023-06-27T19:09:17","guid":{"rendered":"https:\/\/glamuur.ee\/product\/ti-sento-milano-necklace-3970sy\/"},"modified":"2026-02-16T13:57:52","modified_gmt":"2026-02-16T11:57:52","slug":"ti-sento-milano-kaelakee-3970sy","status":"publish","type":"product","link":"https:\/\/glamuur.ee\/et\/product\/ti-sento-milano-necklace-3970sy\/","title":{"rendered":"TI SENTO - Milano kaelakee"},"content":{"rendered":"<p>See TI SENTO kullatud h\u00f5bedast j\u00e4ik kaelakee 3970SY on luksuslik uhkeldaja. Kas koos s\u00e4rgi ja teksap\u00fckstega v\u00f5i \u00f5htukleidiga, see rikkalik kollektsioon ei j\u00e4ta pead p\u00f6\u00f6ramata. See 925 sterlingh\u00f5bedast valmistatud j\u00e4ik kaelakee on 40 cm pikk. Kaunistage oma dekolteed selle rafineeritud kuldse s\u00e4raga.<\/p>","protected":false},"excerpt":{"rendered":"<p>This TI SENTO gold-plated silver rigid necklace 3970SY is a luxurious showpiece. Whether with a shirt and a pair of jeans or an evening dress, this opulent statement piece won&#8217;t fail to turn heads. This chunky rigid necklace, made of 925 sterling silver, is 40cm&#8230;<\/p>","protected":false},"featured_media":275921,"comment_status":"open","ping_status":"closed","template":"","meta":{"jetpack_post_was_ever_published":false},"product_brand":[],"product_cat":[727,599,72,146],"product_tag":[],"giftcard-category":[],"class_list":{"0":"post-189690","1":"product","2":"type-product","3":"status-publish","4":"has-post-thumbnail","6":"product_cat-necklaces","7":"product_cat-sale","8":"product_cat-ti-sento-milano","9":"product_cat-ti-sento-milano-necklaces","10":"pa_material-silver","11":"pa_metal-color-yellow-gold","12":"pa_product-brand-ti-sento-milano","13":"pa_stone-color-without-stones","14":"pa_type-category-necklaces","16":"first","17":"instock","18":"featured","19":"taxable","20":"shipping-taxable","21":"purchasable","22":"product-type-simple"},"bundled_by":[],"bundle_stock_status":"instock","bundle_stock_quantity":3,"bundle_virtual":false,"bundle_layout":"","bundle_add_to_cart_form_location":"","bundle_editable_in_cart":false,"bundle_sold_individually_context":"","bundle_item_grouping":"","bundle_min_size":"","bundle_max_size":"","bundle_price":[],"bundled_items":[],"bundle_sell_ids":[],"etheme_brands":{"errors":{"invalid_taxonomy":["Lubamatu taksonoomia."]},"error_data":[]},"_links":{"self":[{"href":"https:\/\/glamuur.ee\/et\/wp-json\/wp\/v2\/product\/189690","targetHints":{"allow":["GET"]}}],"collection":[{"href":"https:\/\/glamuur.ee\/et\/wp-json\/wp\/v2\/product"}],"about":[{"href":"https:\/\/glamuur.ee\/et\/wp-json\/wp\/v2\/types\/product"}],"replies":[{"embeddable":true,"href":"https:\/\/glamuur.ee\/et\/wp-json\/wp\/v2\/comments?post=189690"}],"wp:featuredmedia":[{"embeddable":true,"href":"https:\/\/glamuur.ee\/et\/wp-json\/wp\/v2\/media\/275921"}],"wp:attachment":[{"href":"https:\/\/glamuur.ee\/et\/wp-json\/wp\/v2\/media?parent=189690"}],"wp:term":[{"taxonomy":"product_brand","embeddable":true,"href":"https:\/\/glamuur.ee\/et\/wp-json\/wp\/v2\/product_brand?post=189690"},{"taxonomy":"product_cat","embeddable":true,"href":"https:\/\/glamuur.ee\/et\/wp-json\/wp\/v2\/product_cat?post=189690"},{"taxonomy":"product_tag","embeddable":true,"href":"https:\/\/glamuur.ee\/et\/wp-json\/wp\/v2\/product_tag?post=189690"},{"taxonomy":"giftcard-category","embeddable":true,"href":"https:\/\/glamuur.ee\/et\/wp-json\/wp\/v2\/giftcard-category?post=189690"}],"curies":[{"name":"wp","href":"https:\/\/api.w.org\/{rel}","templated":true}]}}