{"id":189559,"date":"2024-01-01T11:58:13","date_gmt":"2024-01-01T09:58:13","guid":{"rendered":"https:\/\/glamuur.ee\/product\/ti-sento-milano-ear-charms-9174gg\/"},"modified":"2026-02-16T14:11:57","modified_gmt":"2026-02-16T12:11:57","slug":"ti-sento-milano-korva-volusid-9174gg","status":"publish","type":"product","link":"https:\/\/glamuur.ee\/et\/product\/ti-sento-milano-ear-charms-9174gg\/","title":{"rendered":"TI SENTO - Milano k\u00f5rvam\u00e4rgid"},"content":{"rendered":"<p>TI SENTO - Milano k\u00f5rvam\u00e4rgid viitenumbriga 9174GB on valmistatud roodiumiga kaetud h\u00f5bedast. K\u00f5rvapaelad on asetatud roheliste kristallidega siledas ringis. Roodiumkate tagab kauakestva s\u00e4ra ja kaitse. K\u00f5rvamuljeid saab kanda mitme erineva kreooliga, mis v\u00f5imaldab teil luua oma unikaalse ehte. TI SENTO - Milano ehted tulevad luksuslikus kinkekarbis. Nii saate oma lemmik ehet hoida s\u00e4\u00e4stes harvadel hetkedel, kui te seda ei kanna.<\/p>\n<p>Suurus <a href=\"https:\/\/www.google.ee\/url?sa=t&#038;rct=j&#038;q=&#038;esrc=s&#038;source=web&#038;cd=3&#038;ved=0ahUKEwighrXY7-_XAhXhAJoKHbbiArIQFggwMAI&#038;url=https%3A%2F%2Fen.wikipedia.org%2Fwiki%2F%25C3%2598&#038;usg=AOvVaw0xmTFfRU8du9ZzW6k97nd_\" data-href=\"https:\/\/en.wikipedia.org\/wiki\/%C3%98\" >","protected":false},"excerpt":{"rendered":"<p>The TI SENTO &#8211; Milano ear charms with reference 9174GB are made of rhodium plated sterling silver. The ear charms are set with green crystals in a smooth circle. The rhodium coating ensures long-lasting shine and protection. The ear charms can be worn on several&#8230;<\/p>","protected":false},"featured_media":189560,"comment_status":"open","ping_status":"closed","template":"","meta":{"jetpack_post_was_ever_published":false},"product_brand":[],"product_cat":[728,980,964,72,144],"product_tag":[],"giftcard-category":[],"class_list":{"0":"post-189559","1":"product","2":"type-product","3":"status-publish","4":"has-post-thumbnail","6":"product_cat-ear-charms","7":"product_cat-ready-for-vacation","8":"product_cat-summer-sale-ti-sento","9":"product_cat-ti-sento-milano","10":"product_cat-ti-sento-milano-ear-charms","11":"pa_material-silver","12":"pa_metal-color-silver","13":"pa_product-brand-ti-sento-milano","14":"pa_stone-color-green","15":"pa_type-category-ear-charms","17":"first","18":"instock","19":"featured","20":"taxable","21":"shipping-taxable","22":"purchasable","23":"product-type-simple"},"bundled_by":[],"bundle_stock_status":"instock","bundle_stock_quantity":24,"bundle_virtual":false,"bundle_layout":"","bundle_add_to_cart_form_location":"","bundle_editable_in_cart":false,"bundle_sold_individually_context":"","bundle_item_grouping":"","bundle_min_size":"","bundle_max_size":"","bundle_price":[],"bundled_items":[],"bundle_sell_ids":[],"etheme_brands":{"errors":{"invalid_taxonomy":["Lubamatu taksonoomia."]},"error_data":[]},"_links":{"self":[{"href":"https:\/\/glamuur.ee\/et\/wp-json\/wp\/v2\/product\/189559","targetHints":{"allow":["GET"]}}],"collection":[{"href":"https:\/\/glamuur.ee\/et\/wp-json\/wp\/v2\/product"}],"about":[{"href":"https:\/\/glamuur.ee\/et\/wp-json\/wp\/v2\/types\/product"}],"replies":[{"embeddable":true,"href":"https:\/\/glamuur.ee\/et\/wp-json\/wp\/v2\/comments?post=189559"}],"wp:featuredmedia":[{"embeddable":true,"href":"https:\/\/glamuur.ee\/et\/wp-json\/wp\/v2\/media\/189560"}],"wp:attachment":[{"href":"https:\/\/glamuur.ee\/et\/wp-json\/wp\/v2\/media?parent=189559"}],"wp:term":[{"taxonomy":"product_brand","embeddable":true,"href":"https:\/\/glamuur.ee\/et\/wp-json\/wp\/v2\/product_brand?post=189559"},{"taxonomy":"product_cat","embeddable":true,"href":"https:\/\/glamuur.ee\/et\/wp-json\/wp\/v2\/product_cat?post=189559"},{"taxonomy":"product_tag","embeddable":true,"href":"https:\/\/glamuur.ee\/et\/wp-json\/wp\/v2\/product_tag?post=189559"},{"taxonomy":"giftcard-category","embeddable":true,"href":"https:\/\/glamuur.ee\/et\/wp-json\/wp\/v2\/giftcard-category?post=189559"}],"curies":[{"name":"wp","href":"https:\/\/api.w.org\/{rel}","templated":true}]}}