{"id":189503,"date":"2024-01-01T11:58:13","date_gmt":"2024-01-01T09:58:13","guid":{"rendered":"https:\/\/glamuur.ee\/product\/ti-sento-milano-ear-charms-9188wl\/"},"modified":"2026-02-16T14:12:25","modified_gmt":"2026-02-16T12:12:25","slug":"ti-sento-milano-korva-volusid-9188wl","status":"publish","type":"product","link":"https:\/\/glamuur.ee\/et\/product\/ti-sento-milano-ear-charms-9188wl\/","title":{"rendered":"TI SENTO - Milano k\u00f5rvam\u00e4rgid"},"content":{"rendered":"<p>TI SENTO - Milano k\u00f5rvam\u00e4rgid 9188WL on valmistatud h\u00f5bedast roodiumiga kaetud. Nende k\u00f5rvaarmide v\u00e4rvus on vesine lavendel. K\u00f5ik TI SENTO - Milano ehted on kinkekaubana pakendatud l\u00f5pmatu armastuse ja hoolivusega. Maagia on meie h\u00f5bedas.<\/p>","protected":false},"excerpt":{"rendered":"<p>TI SENTO - Milano k\u00f5rvam\u00e4rgid 9188WL on valmistatud h\u00f5bedast roodiumiga kaetud. Nende k\u00f5rvaarmide v\u00e4rvus on vesine lavendel. K\u00f5ik TI SENTO - Milano ehted on kinkekaubana pakendatud l\u00f5pmatu armastuse ja hoolivusega. Maagia on meie h\u00f5bedas.<\/p>","protected":false},"featured_media":189504,"comment_status":"open","ping_status":"closed","template":"","meta":{"jetpack_post_was_ever_published":false},"product_brand":[],"product_cat":[728,72,144],"product_tag":[],"giftcard-category":[],"class_list":{"0":"post-189503","1":"product","2":"type-product","3":"status-publish","4":"has-post-thumbnail","6":"product_cat-ear-charms","7":"product_cat-ti-sento-milano","8":"product_cat-ti-sento-milano-ear-charms","9":"pa_material-silver","10":"pa_metal-color-silver","11":"pa_product-brand-ti-sento-milano","12":"pa_stone-color-blue","13":"pa_type-category-ear-charms","15":"first","16":"instock","17":"featured","18":"taxable","19":"shipping-taxable","20":"purchasable","21":"product-type-simple"},"bundled_by":[],"bundle_stock_status":"instock","bundle_stock_quantity":168,"bundle_virtual":false,"bundle_layout":"","bundle_add_to_cart_form_location":"","bundle_editable_in_cart":false,"bundle_sold_individually_context":"","bundle_item_grouping":"","bundle_min_size":"","bundle_max_size":"","bundle_price":[],"bundled_items":[],"bundle_sell_ids":[],"etheme_brands":{"errors":{"invalid_taxonomy":["Lubamatu taksonoomia."]},"error_data":[]},"_links":{"self":[{"href":"https:\/\/glamuur.ee\/et\/wp-json\/wp\/v2\/product\/189503","targetHints":{"allow":["GET"]}}],"collection":[{"href":"https:\/\/glamuur.ee\/et\/wp-json\/wp\/v2\/product"}],"about":[{"href":"https:\/\/glamuur.ee\/et\/wp-json\/wp\/v2\/types\/product"}],"replies":[{"embeddable":true,"href":"https:\/\/glamuur.ee\/et\/wp-json\/wp\/v2\/comments?post=189503"}],"wp:featuredmedia":[{"embeddable":true,"href":"https:\/\/glamuur.ee\/et\/wp-json\/wp\/v2\/media\/189504"}],"wp:attachment":[{"href":"https:\/\/glamuur.ee\/et\/wp-json\/wp\/v2\/media?parent=189503"}],"wp:term":[{"taxonomy":"product_brand","embeddable":true,"href":"https:\/\/glamuur.ee\/et\/wp-json\/wp\/v2\/product_brand?post=189503"},{"taxonomy":"product_cat","embeddable":true,"href":"https:\/\/glamuur.ee\/et\/wp-json\/wp\/v2\/product_cat?post=189503"},{"taxonomy":"product_tag","embeddable":true,"href":"https:\/\/glamuur.ee\/et\/wp-json\/wp\/v2\/product_tag?post=189503"},{"taxonomy":"giftcard-category","embeddable":true,"href":"https:\/\/glamuur.ee\/et\/wp-json\/wp\/v2\/giftcard-category?post=189503"}],"curies":[{"name":"wp","href":"https:\/\/api.w.org\/{rel}","templated":true}]}}