{"id":189153,"date":"2023-05-17T07:50:34","date_gmt":"2023-05-17T07:50:34","guid":{"rendered":"https:\/\/glamuur.ee\/product\/ti-sento-milano-pendant-6733gg\/"},"modified":"2026-02-16T13:58:46","modified_gmt":"2026-02-16T11:58:46","slug":"ti-sento-milano-ripats-6733gg","status":"publish","type":"product","link":"https:\/\/glamuur.ee\/et\/product\/ti-sento-milano-pendant-6733gg\/","title":{"rendered":"TI SENTO \u2013 Milano ripats"},"content":{"rendered":"<p>Selle TI SENTO - Milano ripatsi silmatorkavaks tipphetkeks on selle hallikasroheline lihvitud kristall. Selle teose rafineeritud detailiks on asjaolu, et ripatsisse on asetatud kaks rida briljantse lihviga tsirkoone, mis annavad ripatsile t\u00e4iendava s\u00e4ra. Teos on valmistatud roodiumiga sterlingh\u00f5bedast ja viimistletud roodiumiga, mis annab sellele t\u00e4iendava l\u00e4ike ja aitab kaitsta seda kulumise eest. TI SENTO - Milano ehted tulevad luksuslikus kinkekarbis. Nii saate oma lemmik ehet hoida s\u00e4\u00e4stetud kujul sel haruldasel hetkel, kui te seda ei kanna.<\/p>","protected":false},"excerpt":{"rendered":"<p>The striking highlight of this TI SENTO &#8211; Milano pendant is its grey-green faceted crystal. A refined detail of this piece is the fact that the pendant was set with two rows of brilliant-cut zirconias, giving the pendant an extra sheen. The piece is made&#8230;<\/p>","protected":false},"featured_media":189154,"comment_status":"open","ping_status":"closed","template":"","meta":{"jetpack_post_was_ever_published":false},"product_brand":[],"product_cat":[599,729,980,964,72,149],"product_tag":[],"giftcard-category":[],"class_list":{"0":"post-189153","1":"product","2":"type-product","3":"status-publish","4":"has-post-thumbnail","6":"product_cat-sale","7":"product_cat-pendants","8":"product_cat-ready-for-vacation","9":"product_cat-summer-sale-ti-sento","10":"product_cat-ti-sento-milano","11":"product_cat-ti-sento-milano-pendants","12":"pa_material-silver","13":"pa_metal-color-silver","14":"pa_product-brand-ti-sento-milano","15":"pa_stone-color-green","16":"pa_type-category-pendants","18":"first","19":"instock","20":"featured","21":"taxable","22":"shipping-taxable","23":"purchasable","24":"product-type-simple"},"bundled_by":[],"bundle_stock_status":"instock","bundle_stock_quantity":1,"bundle_virtual":false,"bundle_layout":"","bundle_add_to_cart_form_location":"","bundle_editable_in_cart":false,"bundle_sold_individually_context":"","bundle_item_grouping":"","bundle_min_size":"","bundle_max_size":"","bundle_price":[],"bundled_items":[],"bundle_sell_ids":[],"etheme_brands":{"errors":{"invalid_taxonomy":["Lubamatu taksonoomia."]},"error_data":[]},"_links":{"self":[{"href":"https:\/\/glamuur.ee\/et\/wp-json\/wp\/v2\/product\/189153","targetHints":{"allow":["GET"]}}],"collection":[{"href":"https:\/\/glamuur.ee\/et\/wp-json\/wp\/v2\/product"}],"about":[{"href":"https:\/\/glamuur.ee\/et\/wp-json\/wp\/v2\/types\/product"}],"replies":[{"embeddable":true,"href":"https:\/\/glamuur.ee\/et\/wp-json\/wp\/v2\/comments?post=189153"}],"wp:featuredmedia":[{"embeddable":true,"href":"https:\/\/glamuur.ee\/et\/wp-json\/wp\/v2\/media\/189154"}],"wp:attachment":[{"href":"https:\/\/glamuur.ee\/et\/wp-json\/wp\/v2\/media?parent=189153"}],"wp:term":[{"taxonomy":"product_brand","embeddable":true,"href":"https:\/\/glamuur.ee\/et\/wp-json\/wp\/v2\/product_brand?post=189153"},{"taxonomy":"product_cat","embeddable":true,"href":"https:\/\/glamuur.ee\/et\/wp-json\/wp\/v2\/product_cat?post=189153"},{"taxonomy":"product_tag","embeddable":true,"href":"https:\/\/glamuur.ee\/et\/wp-json\/wp\/v2\/product_tag?post=189153"},{"taxonomy":"giftcard-category","embeddable":true,"href":"https:\/\/glamuur.ee\/et\/wp-json\/wp\/v2\/giftcard-category?post=189153"}],"curies":[{"name":"wp","href":"https:\/\/api.w.org\/{rel}","templated":true}]}}